{"id":135073,"date":"2020-03-17T07:46:31","date_gmt":"2020-03-17T06:46:31","guid":{"rendered":"https:\/\/lediamant.ch\/produit\/schmuck-de\/anhanger-de\/anhaenger-buchstabe-de\/anhaenger-buchstabe-k-75018-kt-gelbgold\/"},"modified":"2026-01-28T17:54:01","modified_gmt":"2026-01-28T16:54:01","slug":"pendentif-lettre-k-or-jaune-75018-ct-3","status":"publish","type":"product","link":"https:\/\/lediamant.ch\/de\/schmuck\/135073-anhaenger-buchstabe-k-gelbgold-750-18-kt-115607577\/0110\/","title":{"rendered":"Anh\u00e4nger Buchstabe K aus Gelbgold 750\/18 ct."},"content":{"rendered":"<p>Entdecken Sie unseren bezaubernden Anh\u00e4nger Buchstabe K, der sorgf\u00e4ltig aus 750\/18 ct Gelbgold gefertigt wurde. Dieses zarte und elegante Schmuckst\u00fcck verleiht jedem Outfit eine pers\u00f6nliche Note. Er eignet sich perfekt als Geburtstagsgeschenk, Souvenir oder einfach als Ausdruck Ihrer Individualit\u00e4t und ist vielseitig und einzigartig. Der Anh\u00e4nger Buchstabe K aus Gelbgold ist eine zeitlose Wahl, die in jede Schmuckkollektion geh\u00f6rt.   <\/p>\n","protected":false},"excerpt":{"rendered":"<p>Entdecken Sie unseren bezaubernden Anh\u00e4nger Buchstabe K, der sorgf\u00e4ltig aus 750\/18 ct Gelbgold gefertigt wurde. Dieses zarte und elegante Schmuckst\u00fcck verleiht jedem Outfit eine pers\u00f6nliche Note. Er eignet sich perfekt als Geburtstagsgeschenk, Souvenir oder einfach als Ausdruck Ihrer Individualit\u00e4t und ist vielseitig und einzigartig. Der Anh\u00e4nger Buchstabe K aus Gelbgold ist eine zeitlose Wahl, die &#8230; <a title=\"Anh\u00e4nger Buchstabe K aus Gelbgold 750\/18 ct.\" class=\"read-more\" href=\"https:\/\/lediamant.ch\/de\/schmuck\/135073-anhaenger-buchstabe-k-gelbgold-750-18-kt-115607577\/0110\/\" aria-label=\"Mehr Informationen \u00fcber Anh\u00e4nger Buchstabe K aus Gelbgold 750\/18 ct.\">Weiterlesen &#8230;<\/a><\/p>\n","protected":false},"featured_media":135071,"template":"","meta":{"_acf_changed":false,"_seopress_robots_primary_cat":"27342","_seopress_titles_title":"","_seopress_titles_desc":"Entdecken Sie die Eleganz des Anh\u00e4ngers Buchstabe K aus 750\/18 ct Gelbgold: ein einzigartiges Schmuckst\u00fcck f\u00fcr ein besonderes Geschenk oder eine schicke pers\u00f6nliche Note.","_seopress_robots_index":""},"brand":[27089],"product_brand":[],"product_cat":[27343,27121],"product_tag":[],"class_list":{"0":"post-135073","1":"product","2":"type-product","3":"status-publish","4":"has-post-thumbnail","6":"brand-gold-jewellery-de","7":"product_cat-buchstaben-anhanger","8":"product_cat-schmuck","9":"pa_dimensions-11-x-13-mm","10":"pa_garantie-12monate","11":"pa_genre-frau","12":"pa_genre-kind","13":"pa_genre-mann","14":"pa_matiere-75018ktgelbgold","15":"pa_motif-buchstaben","16":"sales-flash-overlay","17":"woocommerce-text-align-center","18":"woocommerce-image-align-center","19":"do-quantity-buttons","21":"first","22":"instock","23":"taxable","24":"shipping-taxable","25":"purchasable","26":"product-type-simple"},"acf":[],"_links":{"self":[{"href":"https:\/\/lediamant.ch\/de\/wp-json\/wp\/v2\/product\/135073","targetHints":{"allow":["GET"]}}],"collection":[{"href":"https:\/\/lediamant.ch\/de\/wp-json\/wp\/v2\/product"}],"about":[{"href":"https:\/\/lediamant.ch\/de\/wp-json\/wp\/v2\/types\/product"}],"wp:featuredmedia":[{"embeddable":true,"href":"https:\/\/lediamant.ch\/de\/wp-json\/wp\/v2\/media\/135071"}],"wp:attachment":[{"href":"https:\/\/lediamant.ch\/de\/wp-json\/wp\/v2\/media?parent=135073"}],"wp:term":[{"taxonomy":"brand","embeddable":true,"href":"https:\/\/lediamant.ch\/de\/wp-json\/wp\/v2\/brand?post=135073"},{"taxonomy":"product_brand","embeddable":true,"href":"https:\/\/lediamant.ch\/de\/wp-json\/wp\/v2\/product_brand?post=135073"},{"taxonomy":"product_cat","embeddable":true,"href":"https:\/\/lediamant.ch\/de\/wp-json\/wp\/v2\/product_cat?post=135073"},{"taxonomy":"product_tag","embeddable":true,"href":"https:\/\/lediamant.ch\/de\/wp-json\/wp\/v2\/product_tag?post=135073"}],"curies":[{"name":"wp","href":"https:\/\/api.w.org\/{rel}","templated":true}]}}