{"id":135085,"date":"2020-03-17T07:46:40","date_gmt":"2020-03-17T06:46:40","guid":{"rendered":"https:\/\/lediamant.ch\/produit\/schmuck-de\/anhanger-de\/anhaenger-buchstabe-de\/anhaenger-buchstabe-n-gelbgold-75018-ct\/"},"modified":"2026-01-28T17:52:11","modified_gmt":"2026-01-28T16:52:11","slug":"pendentif-lettre-n-or-jaune-75018-ct-2","status":"publish","type":"product","link":"https:\/\/lediamant.ch\/de\/schmuck\/135085-anhaenger-buchstabe-n-gelbgold-750-18-kt-115607577\/0140\/","title":{"rendered":"Anh\u00e4nger Buchstabe N Gelbgold 750\/18 ct."},"content":{"rendered":"<p>Dieser elegante Anh\u00e4nger in Form des Buchstabens &#8222;N&#8220; ist ein zartes und raffiniertes Schmuckst\u00fcck. Er ist aus 750\/18 ct Gelbgold gefertigt und hat einen au\u00dfergew\u00f6hnlichen Glanz, der alle Blicke auf sich ziehen wird. Durch sein feines Design ist es ideal f\u00fcr den t\u00e4glichen Gebrauch oder f\u00fcr besondere Anl\u00e4sse. Ein perfektes Geschenk zum Geburtstag, zum Namenstag oder einfach nur, um Ihre Liebe zu einer besonderen Person auszudr\u00fccken.   <\/p>\n","protected":false},"excerpt":{"rendered":"<p>Dieser elegante Anh\u00e4nger in Form des Buchstabens &#8222;N&#8220; ist ein zartes und raffiniertes Schmuckst\u00fcck. Er ist aus 750\/18 ct Gelbgold gefertigt und hat einen au\u00dfergew\u00f6hnlichen Glanz, der alle Blicke auf sich ziehen wird. Durch sein feines Design ist es ideal f\u00fcr den t\u00e4glichen Gebrauch oder f\u00fcr besondere Anl\u00e4sse. Ein perfektes Geschenk zum Geburtstag, zum Namenstag &#8230; <a title=\"Anh\u00e4nger Buchstabe N Gelbgold 750\/18 ct.\" class=\"read-more\" href=\"https:\/\/lediamant.ch\/de\/schmuck\/135085-anhaenger-buchstabe-n-gelbgold-750-18-kt-115607577\/0140\/\" aria-label=\"Mehr Informationen \u00fcber Anh\u00e4nger Buchstabe N Gelbgold 750\/18 ct.\">Weiterlesen &#8230;<\/a><\/p>\n","protected":false},"featured_media":135083,"template":"","meta":{"_acf_changed":false,"_seopress_robots_primary_cat":"27342","_seopress_titles_title":"","_seopress_titles_desc":"Entdecken Sie unseren Anh\u00e4nger 'N' aus Gelbgold, ein zartes Geschenk f\u00fcr einen Geburtstag oder um Ihre Liebe auszudr\u00fccken. Gl\u00e4nzend und raffiniert, zieht er alle Blicke auf sich. ","_seopress_robots_index":""},"brand":[27089],"product_brand":[],"product_cat":[27343,27121],"product_tag":[],"class_list":{"0":"post-135085","1":"product","2":"type-product","3":"status-publish","4":"has-post-thumbnail","6":"brand-gold-jewellery-de","7":"product_cat-buchstaben-anhanger","8":"product_cat-schmuck","9":"pa_dimensions-13-x-13-mm","10":"pa_garantie-12monate","11":"pa_genre-frau","12":"pa_genre-kind","13":"pa_genre-mann","14":"pa_matiere-75018ktgelbgold","15":"pa_motif-buchstaben","16":"sales-flash-overlay","17":"woocommerce-text-align-center","18":"woocommerce-image-align-center","19":"do-quantity-buttons","21":"first","22":"instock","23":"taxable","24":"shipping-taxable","25":"purchasable","26":"product-type-simple"},"acf":[],"_links":{"self":[{"href":"https:\/\/lediamant.ch\/de\/wp-json\/wp\/v2\/product\/135085","targetHints":{"allow":["GET"]}}],"collection":[{"href":"https:\/\/lediamant.ch\/de\/wp-json\/wp\/v2\/product"}],"about":[{"href":"https:\/\/lediamant.ch\/de\/wp-json\/wp\/v2\/types\/product"}],"wp:featuredmedia":[{"embeddable":true,"href":"https:\/\/lediamant.ch\/de\/wp-json\/wp\/v2\/media\/135083"}],"wp:attachment":[{"href":"https:\/\/lediamant.ch\/de\/wp-json\/wp\/v2\/media?parent=135085"}],"wp:term":[{"taxonomy":"brand","embeddable":true,"href":"https:\/\/lediamant.ch\/de\/wp-json\/wp\/v2\/brand?post=135085"},{"taxonomy":"product_brand","embeddable":true,"href":"https:\/\/lediamant.ch\/de\/wp-json\/wp\/v2\/product_brand?post=135085"},{"taxonomy":"product_cat","embeddable":true,"href":"https:\/\/lediamant.ch\/de\/wp-json\/wp\/v2\/product_cat?post=135085"},{"taxonomy":"product_tag","embeddable":true,"href":"https:\/\/lediamant.ch\/de\/wp-json\/wp\/v2\/product_tag?post=135085"}],"curies":[{"name":"wp","href":"https:\/\/api.w.org\/{rel}","templated":true}]}}