{"id":135089,"date":"2020-03-17T07:46:40","date_gmt":"2020-03-17T06:46:40","guid":{"rendered":"https:\/\/lediamant.ch\/produit\/schmuck-de\/anhanger-de\/anhaenger-buchstabe-de\/anhaenger-buchstabe-o-75018-kt-gelbgold-3\/"},"modified":"2026-01-28T17:52:08","modified_gmt":"2026-01-28T16:52:08","slug":"pendentif-lettre-o-or-jaune-75018-ct-3","status":"publish","type":"product","link":"https:\/\/lediamant.ch\/de\/schmuck\/135089-anhaenger-buchstabe-o-gelbgold-750-18-kt-115607577\/0150\/","title":{"rendered":"Anh\u00e4nger Buchstabe O aus Gelbgold 750\/18 ct."},"content":{"rendered":"<p>Dieser Anh\u00e4nger in Form des Buchstabens &#8222;O&#8220; ist ein zartes und elegantes Schmuckst\u00fcck, das perfekt ist, um Ihrem Stil eine pers\u00f6nliche Note zu verleihen. Er ist aus 750\/18 ct Gelbgold gefertigt und bietet einen dauerhaften Glanz, der die Zeit \u00fcberdauert. Das schlichte und klare Design passt zu jeder Art von Outfit, ob l\u00e4ssig oder elegant. Er ist ein ideales Geschenk f\u00fcr einen geliebten Menschen oder f\u00fcr Sie selbst, das einen Anfang oder eine besondere Bedeutung symbolisiert.   <\/p>\n","protected":false},"excerpt":{"rendered":"<p>Dieser Anh\u00e4nger in Form des Buchstabens &#8222;O&#8220; ist ein zartes und elegantes Schmuckst\u00fcck, das perfekt ist, um Ihrem Stil eine pers\u00f6nliche Note zu verleihen. Er ist aus 750\/18 ct Gelbgold gefertigt und bietet einen dauerhaften Glanz, der die Zeit \u00fcberdauert. Das schlichte und klare Design passt zu jeder Art von Outfit, ob l\u00e4ssig oder elegant. &#8230; <a title=\"Anh\u00e4nger Buchstabe O aus Gelbgold 750\/18 ct.\" class=\"read-more\" href=\"https:\/\/lediamant.ch\/de\/schmuck\/135089-anhaenger-buchstabe-o-gelbgold-750-18-kt-115607577\/0150\/\" aria-label=\"Mehr Informationen \u00fcber Anh\u00e4nger Buchstabe O aus Gelbgold 750\/18 ct.\">Weiterlesen &#8230;<\/a><\/p>\n","protected":false},"featured_media":135087,"template":"","meta":{"_acf_changed":false,"_seopress_robots_primary_cat":"27342","_seopress_titles_title":"","_seopress_titles_desc":"Entdecken Sie unseren Anh\u00e4nger 'O' aus 18 Karat Gold, der perfekt zu einem eleganten Stil passt. Ein zeitloses Schmuckst\u00fcck und ideal als pers\u00f6nliches Geschenk. ","_seopress_robots_index":""},"brand":[27089],"product_brand":[],"product_cat":[27121,27343],"product_tag":[],"class_list":{"0":"post-135089","1":"product","2":"type-product","3":"status-publish","4":"has-post-thumbnail","6":"brand-gold-jewellery-de","7":"product_cat-schmuck","8":"product_cat-buchstaben-anhanger","9":"pa_dimensions-10-x-13-mm","10":"pa_garantie-12monate","11":"pa_genre-frau","12":"pa_genre-kind","13":"pa_genre-mann","14":"pa_matiere-75018ktgelbgold","15":"sales-flash-overlay","16":"woocommerce-text-align-center","17":"woocommerce-image-align-center","18":"do-quantity-buttons","20":"first","21":"instock","22":"taxable","23":"shipping-taxable","24":"purchasable","25":"product-type-simple"},"acf":[],"_links":{"self":[{"href":"https:\/\/lediamant.ch\/de\/wp-json\/wp\/v2\/product\/135089","targetHints":{"allow":["GET"]}}],"collection":[{"href":"https:\/\/lediamant.ch\/de\/wp-json\/wp\/v2\/product"}],"about":[{"href":"https:\/\/lediamant.ch\/de\/wp-json\/wp\/v2\/types\/product"}],"wp:featuredmedia":[{"embeddable":true,"href":"https:\/\/lediamant.ch\/de\/wp-json\/wp\/v2\/media\/135087"}],"wp:attachment":[{"href":"https:\/\/lediamant.ch\/de\/wp-json\/wp\/v2\/media?parent=135089"}],"wp:term":[{"taxonomy":"brand","embeddable":true,"href":"https:\/\/lediamant.ch\/de\/wp-json\/wp\/v2\/brand?post=135089"},{"taxonomy":"product_brand","embeddable":true,"href":"https:\/\/lediamant.ch\/de\/wp-json\/wp\/v2\/product_brand?post=135089"},{"taxonomy":"product_cat","embeddable":true,"href":"https:\/\/lediamant.ch\/de\/wp-json\/wp\/v2\/product_cat?post=135089"},{"taxonomy":"product_tag","embeddable":true,"href":"https:\/\/lediamant.ch\/de\/wp-json\/wp\/v2\/product_tag?post=135089"}],"curies":[{"name":"wp","href":"https:\/\/api.w.org\/{rel}","templated":true}]}}