{"id":135097,"date":"2020-03-17T07:46:49","date_gmt":"2020-03-17T06:46:49","guid":{"rendered":"https:\/\/lediamant.ch\/produit\/schmuck-de\/anhanger-de\/anhaenger-buchstabe-de\/anhaenger-buchstabe-r-75018-kt-gelbgold\/"},"modified":"2026-01-28T17:48:48","modified_gmt":"2026-01-28T16:48:48","slug":"anhaenger-buchstabe-r-gelbgold-750-18-kt-4","status":"publish","type":"product","link":"https:\/\/lediamant.ch\/de\/schmuck\/135097-anhaenger-buchstabe-r-gelbgold-750-18-kt-115607577\/0180\/","title":{"rendered":"Anh\u00e4nger Buchstabe R Gelbgold 750\/18 kt."},"content":{"rendered":"<p>Dieser elegante Anh\u00e4nger in Form des Buchstabens &#8222;R&#8220; ist fein aus 750\/18 kt Gelbgold gefertigt. Sein zartes und minimalistisches Design macht ihn zur perfekten Wahl f\u00fcr diejenigen, die subtilen und anspruchsvollen Schmuck bevorzugen. Ob es sich um eine Initiale oder eine besondere Bedeutung handelt, dieser Anh\u00e4nger verleiht jedem Outfit eine pers\u00f6nliche Note. Er ist auch ein ideales Geschenk f\u00fcr einen geliebten Menschen.   <\/p>\n","protected":false},"excerpt":{"rendered":"<p>Dieser elegante Anh\u00e4nger in Form des Buchstabens &#8222;R&#8220; ist fein aus 750\/18 kt Gelbgold gefertigt. Sein zartes und minimalistisches Design macht ihn zur perfekten Wahl f\u00fcr diejenigen, die subtilen und anspruchsvollen Schmuck bevorzugen. Ob es sich um eine Initiale oder eine besondere Bedeutung handelt, dieser Anh\u00e4nger verleiht jedem Outfit eine pers\u00f6nliche Note. Er ist auch &#8230; <a title=\"Anh\u00e4nger Buchstabe R Gelbgold 750\/18 kt.\" class=\"read-more\" href=\"https:\/\/lediamant.ch\/de\/schmuck\/135097-anhaenger-buchstabe-r-gelbgold-750-18-kt-115607577\/0180\/\" aria-label=\"Mehr Informationen \u00fcber Anh\u00e4nger Buchstabe R Gelbgold 750\/18 kt.\">Weiterlesen &#8230;<\/a><\/p>\n","protected":false},"featured_media":135095,"template":"","meta":{"_acf_changed":false,"_seopress_robots_primary_cat":"27342","_seopress_titles_title":"","_seopress_titles_desc":"Entdecken Sie unseren Gelbgoldanh\u00e4nger 'R', der perfekt zu einem subtilen Stil passt. Ideal als pers\u00f6nliches und anspruchsvolles Geschenk! ","_seopress_robots_index":""},"brand":[27089],"product_brand":[],"product_cat":[27343,27121],"product_tag":[],"class_list":{"0":"post-135097","1":"product","2":"type-product","3":"status-publish","4":"has-post-thumbnail","6":"brand-gold-jewellery-de","7":"product_cat-buchstaben-anhanger","8":"product_cat-schmuck","9":"pa_dimensions-10-x-13-mm","10":"pa_garantie-12monate","11":"pa_genre-frau","12":"pa_genre-kind","13":"pa_genre-mann","14":"pa_matiere-75018ktgelbgold","15":"pa_motif-buchstaben","16":"sales-flash-overlay","17":"woocommerce-text-align-center","18":"woocommerce-image-align-center","19":"do-quantity-buttons","21":"first","22":"instock","23":"taxable","24":"shipping-taxable","25":"purchasable","26":"product-type-simple"},"acf":[],"_links":{"self":[{"href":"https:\/\/lediamant.ch\/de\/wp-json\/wp\/v2\/product\/135097","targetHints":{"allow":["GET"]}}],"collection":[{"href":"https:\/\/lediamant.ch\/de\/wp-json\/wp\/v2\/product"}],"about":[{"href":"https:\/\/lediamant.ch\/de\/wp-json\/wp\/v2\/types\/product"}],"wp:featuredmedia":[{"embeddable":true,"href":"https:\/\/lediamant.ch\/de\/wp-json\/wp\/v2\/media\/135095"}],"wp:attachment":[{"href":"https:\/\/lediamant.ch\/de\/wp-json\/wp\/v2\/media?parent=135097"}],"wp:term":[{"taxonomy":"brand","embeddable":true,"href":"https:\/\/lediamant.ch\/de\/wp-json\/wp\/v2\/brand?post=135097"},{"taxonomy":"product_brand","embeddable":true,"href":"https:\/\/lediamant.ch\/de\/wp-json\/wp\/v2\/product_brand?post=135097"},{"taxonomy":"product_cat","embeddable":true,"href":"https:\/\/lediamant.ch\/de\/wp-json\/wp\/v2\/product_cat?post=135097"},{"taxonomy":"product_tag","embeddable":true,"href":"https:\/\/lediamant.ch\/de\/wp-json\/wp\/v2\/product_tag?post=135097"}],"curies":[{"name":"wp","href":"https:\/\/api.w.org\/{rel}","templated":true}]}}