{"id":135133,"date":"2020-03-17T08:46:59","date_gmt":"2020-03-17T07:46:59","guid":{"rendered":"https:\/\/lediamant.ch\/produit\/schmuck-de\/anhanger-de\/anhaenger-buchstabe-de\/anhaenger-buchstabe-a-75018-kt-gelbgold-3\/"},"modified":"2026-01-21T18:03:51","modified_gmt":"2026-01-21T17:03:51","slug":"pendentif-lettre-a-or-jaune-75018-ct-4","status":"publish","type":"product","link":"https:\/\/lediamant.ch\/de\/schmuck\/135133-anhaenger-buchstabe-a-gelbgold-750-18-kt-1556078770010\/","title":{"rendered":"Anh\u00e4nger Buchstabe A Gelbgold 750\/18 ct."},"content":{"rendered":"<p>Entdecken Sie unseren wundersch\u00f6nen Anh\u00e4nger Buchstabe A, der sorgf\u00e4ltig aus 750\/18 Karat Gelbgold gefertigt und mit einem Diamanten von 0,01 Karat besetzt ist. Mit seinem zarten und eleganten Design ist dieses Schmuckst\u00fcck ein subtiles und doch selbstbewusstes Stilbekenntnis. Das gl\u00e4nzende Finish und die attraktive Form machen ihn zur perfekten Wahl f\u00fcr ein pers\u00f6nliches Geschenk oder um sich selbst zu verw\u00f6hnen. Tragen Sie es einzeln f\u00fcr einen minimalistischen Look oder \u00fcberlagern Sie es mit anderen Halsketten f\u00fcr einen gewagteren Effekt. F\u00fcgen Sie Ihrer Schmuckkollektion mit diesem Anh\u00e4nger aus Gelbgold eine pers\u00f6nliche Note hinzu.      <\/p>\n","protected":false},"excerpt":{"rendered":"<p>Entdecken Sie unseren wundersch\u00f6nen Anh\u00e4nger Buchstabe A, der sorgf\u00e4ltig aus 750\/18 Karat Gelbgold gefertigt und mit einem Diamanten von 0,01 Karat besetzt ist. Mit seinem zarten und eleganten Design ist dieses Schmuckst\u00fcck ein subtiles und doch selbstbewusstes Stilbekenntnis. Das gl\u00e4nzende Finish und die attraktive Form machen ihn zur perfekten Wahl f\u00fcr ein pers\u00f6nliches Geschenk oder &#8230; <a title=\"Anh\u00e4nger Buchstabe A Gelbgold 750\/18 ct.\" class=\"read-more\" href=\"https:\/\/lediamant.ch\/de\/schmuck\/135133-anhaenger-buchstabe-a-gelbgold-750-18-kt-1556078770010\/\" aria-label=\"Mehr Informationen \u00fcber Anh\u00e4nger Buchstabe A Gelbgold 750\/18 ct.\">Weiterlesen &#8230;<\/a><\/p>\n","protected":false},"featured_media":135131,"template":"","meta":{"_acf_changed":false,"_seopress_robots_primary_cat":"27342","_seopress_titles_title":"","_seopress_titles_desc":"Eleganter Anh\u00e4nger Buchstabe A aus 750\/18 Karat Gelbgold mit einem glitzernden Diamanten. Perfekt als Geschenk oder f\u00fcr Ihr Stil-Statement.","_seopress_robots_index":""},"brand":[27089],"product_brand":[],"product_cat":[42331,27343,27121],"product_tag":[],"class_list":{"0":"post-135133","1":"product","2":"type-product","3":"status-publish","4":"has-post-thumbnail","6":"brand-gold-jewellery-de","7":"product_cat-a","8":"product_cat-buchstaben-anhanger","9":"product_cat-schmuck","10":"pa_detail-de-s-pierres-s-1-diamant-001-ct-h","11":"pa_dimensions-14-x-13-mm","12":"pa_garantie-12monate","13":"pa_genre-frau","14":"pa_genre-kind","15":"pa_genre-mann","16":"pa_matiere-75018ktbicolorgold","17":"pa_motif-buchstaben","18":"sales-flash-overlay","19":"woocommerce-text-align-center","20":"woocommerce-image-align-center","21":"do-quantity-buttons","23":"first","24":"instock","25":"taxable","26":"shipping-taxable","27":"purchasable","28":"product-type-simple"},"acf":[],"_links":{"self":[{"href":"https:\/\/lediamant.ch\/de\/wp-json\/wp\/v2\/product\/135133","targetHints":{"allow":["GET"]}}],"collection":[{"href":"https:\/\/lediamant.ch\/de\/wp-json\/wp\/v2\/product"}],"about":[{"href":"https:\/\/lediamant.ch\/de\/wp-json\/wp\/v2\/types\/product"}],"wp:featuredmedia":[{"embeddable":true,"href":"https:\/\/lediamant.ch\/de\/wp-json\/wp\/v2\/media\/135131"}],"wp:attachment":[{"href":"https:\/\/lediamant.ch\/de\/wp-json\/wp\/v2\/media?parent=135133"}],"wp:term":[{"taxonomy":"brand","embeddable":true,"href":"https:\/\/lediamant.ch\/de\/wp-json\/wp\/v2\/brand?post=135133"},{"taxonomy":"product_brand","embeddable":true,"href":"https:\/\/lediamant.ch\/de\/wp-json\/wp\/v2\/product_brand?post=135133"},{"taxonomy":"product_cat","embeddable":true,"href":"https:\/\/lediamant.ch\/de\/wp-json\/wp\/v2\/product_cat?post=135133"},{"taxonomy":"product_tag","embeddable":true,"href":"https:\/\/lediamant.ch\/de\/wp-json\/wp\/v2\/product_tag?post=135133"}],"curies":[{"name":"wp","href":"https:\/\/api.w.org\/{rel}","templated":true}]}}