{"id":135141,"date":"2020-03-17T08:44:08","date_gmt":"2020-03-17T07:44:08","guid":{"rendered":"https:\/\/lediamant.ch\/produit\/schmuck-de\/anhanger-de\/anhaenger-buchstabe-de\/anhaenger-buchstabe-c-75018-kt-gelbgold-3\/"},"modified":"2026-01-21T18:03:42","modified_gmt":"2026-01-21T17:03:42","slug":"pendentif-lettre-c-or-jaune-75018-ct-3","status":"publish","type":"product","link":"https:\/\/lediamant.ch\/de\/schmuck\/135141-anhaenger-buchstabe-c-75018-kt-gelbgold-3\/","title":{"rendered":"Anh\u00e4nger Buchstabe C Gelbgold 750\/18 ct."},"content":{"rendered":"<p>Dieser zarte Anh\u00e4nger ist eine sch\u00f6ne Darstellung des Buchstabens &#8222;C&#8220; und wurde mit 750\/18 Karat Gelbgold f\u00fcr einen dauerhaften Glanz hergestellt. Sein schlichtes aber elegantes Design macht ihn perfekt f\u00fcr den t\u00e4glichen Gebrauch oder um Ihrem besonderen Outfit eine pers\u00f6nliche Note zu verleihen. Er ist auch ein bedeutungsvolles Geschenk f\u00fcr einen geliebten Menschen, dessen Vorname mit diesem Buchstaben beginnt.  <\/p>\n","protected":false},"excerpt":{"rendered":"<p>Dieser zarte Anh\u00e4nger ist eine sch\u00f6ne Darstellung des Buchstabens &#8222;C&#8220; und wurde mit 750\/18 Karat Gelbgold f\u00fcr einen dauerhaften Glanz hergestellt. Sein schlichtes aber elegantes Design macht ihn perfekt f\u00fcr den t\u00e4glichen Gebrauch oder um Ihrem besonderen Outfit eine pers\u00f6nliche Note zu verleihen. Er ist auch ein bedeutungsvolles Geschenk f\u00fcr einen geliebten Menschen, dessen Vorname &#8230; <a title=\"Anh\u00e4nger Buchstabe C Gelbgold 750\/18 ct.\" class=\"read-more\" href=\"https:\/\/lediamant.ch\/de\/schmuck\/135141-anhaenger-buchstabe-c-75018-kt-gelbgold-3\/\" aria-label=\"Mehr Informationen \u00fcber Anh\u00e4nger Buchstabe C Gelbgold 750\/18 ct.\">Weiterlesen &#8230;<\/a><\/p>\n","protected":false},"featured_media":135139,"template":"","meta":{"_acf_changed":false,"_seopress_robots_primary_cat":"27342","_seopress_titles_title":"","_seopress_titles_desc":"Entdecken Sie diesen Anh\u00e4nger mit dem Buchstaben 'C' aus 750\/18 Karat Gold, der sich ideal f\u00fcr den t\u00e4glichen Gebrauch oder als pers\u00f6nliches Geschenk eignet. Eleganz und Glanz sind garantiert. ","_seopress_robots_index":""},"brand":[27089],"product_brand":[],"product_cat":[27121,27155,27343,42333],"product_tag":[],"class_list":{"0":"post-135141","1":"product","2":"type-product","3":"status-publish","4":"has-post-thumbnail","6":"brand-gold-jewellery-de","7":"product_cat-schmuck","8":"product_cat-anhanger","9":"product_cat-buchstaben-anhanger","10":"product_cat-c","11":"pa_detail-de-s-pierres-s-1-diamant-001-ct-h","12":"pa_garantie-12monate","13":"pa_genre-frau","14":"pa_genre-kind","15":"pa_genre-mann","16":"pa_matiere-75018ktbicolorgold","17":"pa_motif-buchstaben","18":"sales-flash-overlay","19":"woocommerce-text-align-center","20":"woocommerce-image-align-center","21":"do-quantity-buttons","23":"first","24":"instock","25":"taxable","26":"shipping-taxable","27":"purchasable","28":"product-type-simple"},"acf":[],"_links":{"self":[{"href":"https:\/\/lediamant.ch\/de\/wp-json\/wp\/v2\/product\/135141","targetHints":{"allow":["GET"]}}],"collection":[{"href":"https:\/\/lediamant.ch\/de\/wp-json\/wp\/v2\/product"}],"about":[{"href":"https:\/\/lediamant.ch\/de\/wp-json\/wp\/v2\/types\/product"}],"wp:featuredmedia":[{"embeddable":true,"href":"https:\/\/lediamant.ch\/de\/wp-json\/wp\/v2\/media\/135139"}],"wp:attachment":[{"href":"https:\/\/lediamant.ch\/de\/wp-json\/wp\/v2\/media?parent=135141"}],"wp:term":[{"taxonomy":"brand","embeddable":true,"href":"https:\/\/lediamant.ch\/de\/wp-json\/wp\/v2\/brand?post=135141"},{"taxonomy":"product_brand","embeddable":true,"href":"https:\/\/lediamant.ch\/de\/wp-json\/wp\/v2\/product_brand?post=135141"},{"taxonomy":"product_cat","embeddable":true,"href":"https:\/\/lediamant.ch\/de\/wp-json\/wp\/v2\/product_cat?post=135141"},{"taxonomy":"product_tag","embeddable":true,"href":"https:\/\/lediamant.ch\/de\/wp-json\/wp\/v2\/product_tag?post=135141"}],"curies":[{"name":"wp","href":"https:\/\/api.w.org\/{rel}","templated":true}]}}