{"id":135145,"date":"2020-03-17T08:43:08","date_gmt":"2020-03-17T07:43:08","guid":{"rendered":"https:\/\/lediamant.ch\/produit\/schmuck-de\/anhanger-de\/anhaenger-buchstabe-de\/anhaenger-buchstabe-d-75018-kt-gelbgold-3\/"},"modified":"2026-01-21T18:03:39","modified_gmt":"2026-01-21T17:03:39","slug":"pendentif-lettre-d-or-jaune-75018-ct-4","status":"publish","type":"product","link":"https:\/\/lediamant.ch\/de\/schmuck\/135145-anhaenger-buchstabe-d-75018-kt-gelbgold-3\/","title":{"rendered":"Anh\u00e4nger Buchstabe D Gelbgold 750\/18 ct."},"content":{"rendered":"<p>Dieser wundersch\u00f6ne Anh\u00e4nger in Form des Buchstabens &#8222;D&#8220; ist ein Schmuckst\u00fcck von zeitloser Eleganz. Er wurde aus 750\/18 ct Gelbgold mit einem eingefassten Diamanten hergestellt und bietet einen unvergleichlichen Glanz, der alle Blicke auf sich ziehen wird. Das feine und raffinierte Design macht diesen Anh\u00e4nger zu einer perfekten Wahl, um Ihrem Stil eine pers\u00f6nliche Note zu verleihen. Ob Sie ihn allein oder in Kombination mit anderen Schmuckst\u00fccken tragen, dieser Anh\u00e4nger mit dem Buchstaben &#8222;D&#8220; aus Gelbgold wird immer ein Symbol f\u00fcr Raffinesse und Individualit\u00e4t sein.   <\/p>\n","protected":false},"excerpt":{"rendered":"<p>Dieser wundersch\u00f6ne Anh\u00e4nger in Form des Buchstabens &#8222;D&#8220; ist ein Schmuckst\u00fcck von zeitloser Eleganz. Er wurde aus 750\/18 ct Gelbgold mit einem eingefassten Diamanten hergestellt und bietet einen unvergleichlichen Glanz, der alle Blicke auf sich ziehen wird. Das feine und raffinierte Design macht diesen Anh\u00e4nger zu einer perfekten Wahl, um Ihrem Stil eine pers\u00f6nliche Note &#8230; <a title=\"Anh\u00e4nger Buchstabe D Gelbgold 750\/18 ct.\" class=\"read-more\" href=\"https:\/\/lediamant.ch\/de\/schmuck\/135145-anhaenger-buchstabe-d-75018-kt-gelbgold-3\/\" aria-label=\"Mehr Informationen \u00fcber Anh\u00e4nger Buchstabe D Gelbgold 750\/18 ct.\">Weiterlesen &#8230;<\/a><\/p>\n","protected":false},"featured_media":135143,"template":"","meta":{"_acf_changed":false,"_seopress_robots_primary_cat":"27342","_seopress_titles_title":"","_seopress_titles_desc":"Entdecken Sie diesen Anh\u00e4nger mit dem Buchstaben 'D' aus 18 Karat Gelbgold mit Diamant, ein Symbol f\u00fcr Eleganz und Raffinesse. Ein perfektes Schmuckst\u00fcck, um bei jeder Gelegenheit zu gl\u00e4nzen. ","_seopress_robots_index":""},"brand":[27089],"product_brand":[],"product_cat":[27343,27121],"product_tag":[],"class_list":{"0":"post-135145","1":"product","2":"type-product","3":"status-publish","4":"has-post-thumbnail","6":"brand-gold-jewellery-de","7":"product_cat-buchstaben-anhanger","8":"product_cat-schmuck","9":"pa_detail-de-s-pierres-s-1-diamant-001-ct-h","10":"pa_dimensions-9-x-13-mm","11":"pa_garantie-12monate","12":"pa_genre-frau","13":"pa_genre-kind","14":"pa_genre-mann","15":"pa_matiere-75018ktbicolorgold","16":"pa_motif-buchstaben","17":"sales-flash-overlay","18":"woocommerce-text-align-center","19":"woocommerce-image-align-center","20":"do-quantity-buttons","22":"first","23":"instock","24":"taxable","25":"shipping-taxable","26":"purchasable","27":"product-type-simple"},"acf":[],"_links":{"self":[{"href":"https:\/\/lediamant.ch\/de\/wp-json\/wp\/v2\/product\/135145","targetHints":{"allow":["GET"]}}],"collection":[{"href":"https:\/\/lediamant.ch\/de\/wp-json\/wp\/v2\/product"}],"about":[{"href":"https:\/\/lediamant.ch\/de\/wp-json\/wp\/v2\/types\/product"}],"wp:featuredmedia":[{"embeddable":true,"href":"https:\/\/lediamant.ch\/de\/wp-json\/wp\/v2\/media\/135143"}],"wp:attachment":[{"href":"https:\/\/lediamant.ch\/de\/wp-json\/wp\/v2\/media?parent=135145"}],"wp:term":[{"taxonomy":"brand","embeddable":true,"href":"https:\/\/lediamant.ch\/de\/wp-json\/wp\/v2\/brand?post=135145"},{"taxonomy":"product_brand","embeddable":true,"href":"https:\/\/lediamant.ch\/de\/wp-json\/wp\/v2\/product_brand?post=135145"},{"taxonomy":"product_cat","embeddable":true,"href":"https:\/\/lediamant.ch\/de\/wp-json\/wp\/v2\/product_cat?post=135145"},{"taxonomy":"product_tag","embeddable":true,"href":"https:\/\/lediamant.ch\/de\/wp-json\/wp\/v2\/product_tag?post=135145"}],"curies":[{"name":"wp","href":"https:\/\/api.w.org\/{rel}","templated":true}]}}