{"id":135149,"date":"2020-03-17T07:47:08","date_gmt":"2020-03-17T06:47:08","guid":{"rendered":"https:\/\/lediamant.ch\/produit\/schmuck-de\/anhanger-de\/anhaenger-buchstabe-de\/anhaenger-buchstabe-e-75018-kt-gelbgold-2\/"},"modified":"2026-01-28T17:47:16","modified_gmt":"2026-01-28T16:47:16","slug":"pendentif-lettre-e-or-jaune-75018-ct-4","status":"publish","type":"product","link":"https:\/\/lediamant.ch\/de\/schmuck\/135149-anhaenger-buchstabe-e-gelbgold-750-18-kt-1556078770050\/","title":{"rendered":"Anh\u00e4nger Buchstabe E aus Gelbgold 750\/18 ct."},"content":{"rendered":"<p>Dieser elegante Anh\u00e4nger in Form des Buchstabens &#8222;E&#8220; ist ein wahres Symbol der Raffinesse. Er ist aus 750\/18 Karat Gelbgold mit einem eingefassten Diamanten gefertigt. Sein zartes Design und die gl\u00e4nzende Oberfl\u00e4che machen ihn zu einem au\u00dfergew\u00f6hnlichen Schmuckst\u00fcck, das jedem Outfit einen Hauch von Raffinesse verleiht. Ob Sie Ihre Initiale oder die eines geliebten Menschen darstellen m\u00f6chten, dieser Anh\u00e4nger ist die perfekte Wahl f\u00fcr ein pers\u00f6nliches und bedeutungsvolles Geschenk.  <\/p>\n","protected":false},"excerpt":{"rendered":"<p>Dieser elegante Anh\u00e4nger in Form des Buchstabens &#8222;E&#8220; ist ein wahres Symbol der Raffinesse. Er ist aus 750\/18 Karat Gelbgold mit einem eingefassten Diamanten gefertigt. Sein zartes Design und die gl\u00e4nzende Oberfl\u00e4che machen ihn zu einem au\u00dfergew\u00f6hnlichen Schmuckst\u00fcck, das jedem Outfit einen Hauch von Raffinesse verleiht. Ob Sie Ihre Initiale oder die eines geliebten Menschen &#8230; <a title=\"Anh\u00e4nger Buchstabe E aus Gelbgold 750\/18 ct.\" class=\"read-more\" href=\"https:\/\/lediamant.ch\/de\/schmuck\/135149-anhaenger-buchstabe-e-gelbgold-750-18-kt-1556078770050\/\" aria-label=\"Mehr Informationen \u00fcber Anh\u00e4nger Buchstabe E aus Gelbgold 750\/18 ct.\">Weiterlesen &#8230;<\/a><\/p>\n","protected":false},"featured_media":135147,"template":"","meta":{"_acf_changed":false,"_seopress_robots_primary_cat":"27342","_seopress_titles_title":"","_seopress_titles_desc":"Entdecken Sie den Anh\u00e4nger mit dem Buchstaben 'E' aus 18 Karat Gelbgold mit Diamant, ein raffiniertes Schmuckst\u00fcck f\u00fcr ein einzigartiges und elegantes Geschenk.","_seopress_robots_index":""},"brand":[27089],"product_brand":[],"product_cat":[27343,27121],"product_tag":[],"class_list":{"0":"post-135149","1":"product","2":"type-product","3":"status-publish","4":"has-post-thumbnail","6":"brand-gold-jewellery-de","7":"product_cat-buchstaben-anhanger","8":"product_cat-schmuck","9":"pa_detail-de-s-pierres-s-1-diamant-001-ct-h","10":"pa_dimensions-9-x-13-mm","11":"pa_garantie-12monate","12":"pa_genre-frau","13":"pa_genre-kind","14":"pa_genre-mann","15":"pa_matiere-75018ktbicolorgold","16":"pa_motif-buchstaben","17":"sales-flash-overlay","18":"woocommerce-text-align-center","19":"woocommerce-image-align-center","20":"do-quantity-buttons","22":"first","23":"instock","24":"taxable","25":"shipping-taxable","26":"purchasable","27":"product-type-simple"},"acf":[],"_links":{"self":[{"href":"https:\/\/lediamant.ch\/de\/wp-json\/wp\/v2\/product\/135149","targetHints":{"allow":["GET"]}}],"collection":[{"href":"https:\/\/lediamant.ch\/de\/wp-json\/wp\/v2\/product"}],"about":[{"href":"https:\/\/lediamant.ch\/de\/wp-json\/wp\/v2\/types\/product"}],"wp:featuredmedia":[{"embeddable":true,"href":"https:\/\/lediamant.ch\/de\/wp-json\/wp\/v2\/media\/135147"}],"wp:attachment":[{"href":"https:\/\/lediamant.ch\/de\/wp-json\/wp\/v2\/media?parent=135149"}],"wp:term":[{"taxonomy":"brand","embeddable":true,"href":"https:\/\/lediamant.ch\/de\/wp-json\/wp\/v2\/brand?post=135149"},{"taxonomy":"product_brand","embeddable":true,"href":"https:\/\/lediamant.ch\/de\/wp-json\/wp\/v2\/product_brand?post=135149"},{"taxonomy":"product_cat","embeddable":true,"href":"https:\/\/lediamant.ch\/de\/wp-json\/wp\/v2\/product_cat?post=135149"},{"taxonomy":"product_tag","embeddable":true,"href":"https:\/\/lediamant.ch\/de\/wp-json\/wp\/v2\/product_tag?post=135149"}],"curies":[{"name":"wp","href":"https:\/\/api.w.org\/{rel}","templated":true}]}}