{"id":135153,"date":"2020-03-17T07:47:08","date_gmt":"2020-03-17T06:47:08","guid":{"rendered":"https:\/\/lediamant.ch\/produit\/schmuck-de\/anhanger-de\/anhaenger-buchstabe-de\/anhaenger-buchstabe-f-75018-kt-gelbgold-4\/"},"modified":"2026-01-28T17:47:34","modified_gmt":"2026-01-28T16:47:34","slug":"pendentif-lettre-f-or-jaune-75018-ct-4","status":"publish","type":"product","link":"https:\/\/lediamant.ch\/de\/schmuck\/135153-anhaenger-buchstabe-f-gelbgold-750-18-kt-1556078770060\/","title":{"rendered":"Anh\u00e4nger Buchstabe F Gelbgold 750\/18 kt."},"content":{"rendered":"<p>Dieser zarte Anh\u00e4nger in Form des Buchstabens &#8222;F&#8220; ist ein zeitloses Schmuckst\u00fcck, das Sie jeden Tag begleiten wird. Er ist aus 750\/18 ct Gelbgold gefertigt und hat eine unvergleichliche Brillanz. Das raffinierte und minimalistische Design macht es perfekt, um es allein oder in Kombination mit anderen Anh\u00e4ngern zu tragen. Ob als Geschenk oder f\u00fcr sich selbst, dieser Anh\u00e4nger ist ein hervorragendes St\u00fcck, um Ihrer Schmuckkollektion eine pers\u00f6nliche Note zu verleihen.   <\/p>\n","protected":false},"excerpt":{"rendered":"<p>Dieser zarte Anh\u00e4nger in Form des Buchstabens &#8222;F&#8220; ist ein zeitloses Schmuckst\u00fcck, das Sie jeden Tag begleiten wird. Er ist aus 750\/18 ct Gelbgold gefertigt und hat eine unvergleichliche Brillanz. Das raffinierte und minimalistische Design macht es perfekt, um es allein oder in Kombination mit anderen Anh\u00e4ngern zu tragen. Ob als Geschenk oder f\u00fcr sich &#8230; <a title=\"Anh\u00e4nger Buchstabe F Gelbgold 750\/18 kt.\" class=\"read-more\" href=\"https:\/\/lediamant.ch\/de\/schmuck\/135153-anhaenger-buchstabe-f-gelbgold-750-18-kt-1556078770060\/\" aria-label=\"Mehr Informationen \u00fcber Anh\u00e4nger Buchstabe F Gelbgold 750\/18 kt.\">Weiterlesen &#8230;<\/a><\/p>\n","protected":false},"featured_media":135151,"template":"","meta":{"_acf_changed":false,"_seopress_robots_primary_cat":"27342","_seopress_titles_title":"","_seopress_titles_desc":"Entdecken Sie unseren Anh\u00e4nger 'F' aus 750\/18 ct Gelbgold, der t\u00e4glich f\u00fcr Glanz und Eleganz sorgt. Ein minimalistisches Schmuckst\u00fcck, das perfekt zu jedem Anlass passt. ","_seopress_robots_index":""},"brand":[27089],"product_brand":[],"product_cat":[27155,27343,27121],"product_tag":[],"class_list":{"0":"post-135153","1":"product","2":"type-product","3":"status-publish","4":"has-post-thumbnail","6":"brand-gold-jewellery-de","7":"product_cat-anhanger","8":"product_cat-buchstaben-anhanger","9":"product_cat-schmuck","10":"pa_detail-de-s-pierres-s-1-diamant-001-ct-h","11":"pa_dimensions-11-x-13-mm","12":"pa_garantie-12monate","13":"pa_genre-frau","14":"pa_genre-kind","15":"pa_genre-mann","16":"pa_matiere-75018ktbicolorgold","17":"pa_motif-buchstaben","18":"sales-flash-overlay","19":"woocommerce-text-align-center","20":"woocommerce-image-align-center","21":"do-quantity-buttons","23":"first","24":"instock","25":"taxable","26":"shipping-taxable","27":"purchasable","28":"product-type-simple"},"acf":[],"_links":{"self":[{"href":"https:\/\/lediamant.ch\/de\/wp-json\/wp\/v2\/product\/135153","targetHints":{"allow":["GET"]}}],"collection":[{"href":"https:\/\/lediamant.ch\/de\/wp-json\/wp\/v2\/product"}],"about":[{"href":"https:\/\/lediamant.ch\/de\/wp-json\/wp\/v2\/types\/product"}],"wp:featuredmedia":[{"embeddable":true,"href":"https:\/\/lediamant.ch\/de\/wp-json\/wp\/v2\/media\/135151"}],"wp:attachment":[{"href":"https:\/\/lediamant.ch\/de\/wp-json\/wp\/v2\/media?parent=135153"}],"wp:term":[{"taxonomy":"brand","embeddable":true,"href":"https:\/\/lediamant.ch\/de\/wp-json\/wp\/v2\/brand?post=135153"},{"taxonomy":"product_brand","embeddable":true,"href":"https:\/\/lediamant.ch\/de\/wp-json\/wp\/v2\/product_brand?post=135153"},{"taxonomy":"product_cat","embeddable":true,"href":"https:\/\/lediamant.ch\/de\/wp-json\/wp\/v2\/product_cat?post=135153"},{"taxonomy":"product_tag","embeddable":true,"href":"https:\/\/lediamant.ch\/de\/wp-json\/wp\/v2\/product_tag?post=135153"}],"curies":[{"name":"wp","href":"https:\/\/api.w.org\/{rel}","templated":true}]}}