{"id":135157,"date":"2020-03-17T07:47:20","date_gmt":"2020-03-17T06:47:20","guid":{"rendered":"https:\/\/lediamant.ch\/produit\/schmuck-de\/anhanger-de\/anhaenger-buchstabe-de\/anhaenger-buchstabe-g-gelbgold-75018-kt-4\/"},"modified":"2026-01-28T17:45:35","modified_gmt":"2026-01-28T16:45:35","slug":"pendentif-lettre-g-or-jaune-75018-ct-4","status":"publish","type":"product","link":"https:\/\/lediamant.ch\/de\/schmuck\/135157-anhaenger-buchstabe-g-gelbgold-750-18-kt-155607877\/0070\/","title":{"rendered":"Anh\u00e4nger Buchstabe G aus Gelbgold 750\/18 ct."},"content":{"rendered":"<p>Dieser elegante Anh\u00e4nger in Form des Buchstabens &#8222;G&#8220; ist aus 750\/18 ct Gelbgold gefertigt und bietet einen luxuri\u00f6sen und zeitlosen Glanz. Sein schlichtes und doch raffiniertes Design macht ihn zu einer perfekten Wahl f\u00fcr den t\u00e4glichen Gebrauch oder f\u00fcr besondere Anl\u00e4sse. Ob Sie Ihre Individualit\u00e4t zum Ausdruck bringen oder ein pers\u00f6nliches Geschenk machen m\u00f6chten, dieser Anh\u00e4nger ist eine ausgezeichnete Wahl. Er kann allein f\u00fcr einen minimalistischen Look getragen werden oder in Kombination mit anderen Schmuckst\u00fccken f\u00fcr einen gewagteren Look.   <\/p>\n","protected":false},"excerpt":{"rendered":"<p>Dieser elegante Anh\u00e4nger in Form des Buchstabens &#8222;G&#8220; ist aus 750\/18 ct Gelbgold gefertigt und bietet einen luxuri\u00f6sen und zeitlosen Glanz. Sein schlichtes und doch raffiniertes Design macht ihn zu einer perfekten Wahl f\u00fcr den t\u00e4glichen Gebrauch oder f\u00fcr besondere Anl\u00e4sse. Ob Sie Ihre Individualit\u00e4t zum Ausdruck bringen oder ein pers\u00f6nliches Geschenk machen m\u00f6chten, dieser &#8230; <a title=\"Anh\u00e4nger Buchstabe G aus Gelbgold 750\/18 ct.\" class=\"read-more\" href=\"https:\/\/lediamant.ch\/de\/schmuck\/135157-anhaenger-buchstabe-g-gelbgold-750-18-kt-155607877\/0070\/\" aria-label=\"Mehr Informationen \u00fcber Anh\u00e4nger Buchstabe G aus Gelbgold 750\/18 ct.\">Weiterlesen &#8230;<\/a><\/p>\n","protected":false},"featured_media":135155,"template":"","meta":{"_acf_changed":false,"_seopress_robots_primary_cat":"27342","_seopress_titles_title":"","_seopress_titles_desc":"Entdecken Sie zeitlosen Luxus mit unserem Anh\u00e4nger 'G' aus 18 Karat Gold, der perfekt f\u00fcr jeden Anlass ist. Schlichte Eleganz f\u00fcr jeden Tag. ","_seopress_robots_index":""},"brand":[27089],"product_brand":[],"product_cat":[27121,27343],"product_tag":[],"class_list":{"0":"post-135157","1":"product","2":"type-product","3":"status-publish","4":"has-post-thumbnail","6":"brand-gold-jewellery-de","7":"product_cat-schmuck","8":"product_cat-buchstaben-anhanger","9":"pa_detail-de-s-pierres-s-1-diamant-001-ct-h","10":"pa_dimensions-11-x-13-mm","11":"pa_garantie-12monate","12":"pa_genre-frau","13":"pa_genre-kind","14":"pa_genre-mann","15":"pa_matiere-75018ktbicolorgold","16":"pa_motif-buchstaben","17":"sales-flash-overlay","18":"woocommerce-text-align-center","19":"woocommerce-image-align-center","20":"do-quantity-buttons","22":"first","23":"instock","24":"taxable","25":"shipping-taxable","26":"purchasable","27":"product-type-simple"},"acf":[],"_links":{"self":[{"href":"https:\/\/lediamant.ch\/de\/wp-json\/wp\/v2\/product\/135157","targetHints":{"allow":["GET"]}}],"collection":[{"href":"https:\/\/lediamant.ch\/de\/wp-json\/wp\/v2\/product"}],"about":[{"href":"https:\/\/lediamant.ch\/de\/wp-json\/wp\/v2\/types\/product"}],"wp:featuredmedia":[{"embeddable":true,"href":"https:\/\/lediamant.ch\/de\/wp-json\/wp\/v2\/media\/135155"}],"wp:attachment":[{"href":"https:\/\/lediamant.ch\/de\/wp-json\/wp\/v2\/media?parent=135157"}],"wp:term":[{"taxonomy":"brand","embeddable":true,"href":"https:\/\/lediamant.ch\/de\/wp-json\/wp\/v2\/brand?post=135157"},{"taxonomy":"product_brand","embeddable":true,"href":"https:\/\/lediamant.ch\/de\/wp-json\/wp\/v2\/product_brand?post=135157"},{"taxonomy":"product_cat","embeddable":true,"href":"https:\/\/lediamant.ch\/de\/wp-json\/wp\/v2\/product_cat?post=135157"},{"taxonomy":"product_tag","embeddable":true,"href":"https:\/\/lediamant.ch\/de\/wp-json\/wp\/v2\/product_tag?post=135157"}],"curies":[{"name":"wp","href":"https:\/\/api.w.org\/{rel}","templated":true}]}}