{"id":135165,"date":"2020-03-17T07:47:20","date_gmt":"2020-03-17T06:47:20","guid":{"rendered":"https:\/\/lediamant.ch\/produit\/schmuck-de\/anhanger-de\/anhaenger-buchstabe-de\/anhaenger-buchstabe-i-75018-kt-gelbgold-3\/"},"modified":"2026-01-28T17:45:53","modified_gmt":"2026-01-28T16:45:53","slug":"pendentif-lettre-i-or-jaune-75018-ct-3","status":"publish","type":"product","link":"https:\/\/lediamant.ch\/de\/schmuck\/135165-anhaenger-buchstabe-i-75018-kt-gelbgold-3\/","title":{"rendered":"Anh\u00e4nger Buchstabe i Gelbgold 750\/18 ct."},"content":{"rendered":"<p>Entdecken Sie unseren Anh\u00e4nger mit dem Buchstaben &#8222;I&#8220; aus 750\/18 ct Gelbgold, ein zartes und raffiniertes Schmuckst\u00fcck, das jedem Outfit eine pers\u00f6nliche Note verleiht. Dieser Anh\u00e4nger wurde mit Pr\u00e4zision gefertigt und ist die perfekte Wahl f\u00fcr ein bedeutungsvolles Geschenk oder f\u00fcr Sie selbst. Die gl\u00e4nzende Oberfl\u00e4che und das elegante Design machen diesen Anh\u00e4nger zu einem zeitlosen und vielseitigen Schmuckst\u00fcck. Tragen Sie ihn allein oder kombinieren Sie ihn mit anderen Buchstaben f\u00fcr einen wirklich einzigartigen Look.   <\/p>\n","protected":false},"excerpt":{"rendered":"<p>Entdecken Sie unseren Anh\u00e4nger mit dem Buchstaben &#8222;I&#8220; aus 750\/18 ct Gelbgold, ein zartes und raffiniertes Schmuckst\u00fcck, das jedem Outfit eine pers\u00f6nliche Note verleiht. Dieser Anh\u00e4nger wurde mit Pr\u00e4zision gefertigt und ist die perfekte Wahl f\u00fcr ein bedeutungsvolles Geschenk oder f\u00fcr Sie selbst. Die gl\u00e4nzende Oberfl\u00e4che und das elegante Design machen diesen Anh\u00e4nger zu einem &#8230; <a title=\"Anh\u00e4nger Buchstabe i Gelbgold 750\/18 ct.\" class=\"read-more\" href=\"https:\/\/lediamant.ch\/de\/schmuck\/135165-anhaenger-buchstabe-i-75018-kt-gelbgold-3\/\" aria-label=\"Mehr Informationen \u00fcber Anh\u00e4nger Buchstabe i Gelbgold 750\/18 ct.\">Weiterlesen &#8230;<\/a><\/p>\n","protected":false},"featured_media":135163,"template":"","meta":{"_acf_changed":false,"_seopress_robots_primary_cat":"27342","_seopress_titles_title":"","_seopress_titles_desc":"Entdecken Sie unseren Anh\u00e4nger mit dem Buchstaben 'I' aus 18 Karat Gelbgold: elegant, raffiniert und perfekt als Geschenk oder f\u00fcr sich selbst. Ein vielseitiges Schmuckst\u00fcck! ","_seopress_robots_index":""},"brand":[27089],"product_brand":[],"product_cat":[27155,27343,27121],"product_tag":[],"class_list":{"0":"post-135165","1":"product","2":"type-product","3":"status-publish","4":"has-post-thumbnail","6":"brand-gold-jewellery-de","7":"product_cat-anhanger","8":"product_cat-buchstaben-anhanger","9":"product_cat-schmuck","10":"pa_detail-de-s-pierres-s-1-diamant-001-ct-h","11":"pa_dimensions-6-x-13-mm","12":"pa_garantie-12monate","13":"pa_genre-frau","14":"pa_genre-kind","15":"pa_genre-mann","16":"pa_matiere-75018ktbicolorgold","17":"pa_motif-buchstaben","18":"sales-flash-overlay","19":"woocommerce-text-align-center","20":"woocommerce-image-align-center","21":"do-quantity-buttons","23":"first","24":"instock","25":"taxable","26":"shipping-taxable","27":"purchasable","28":"product-type-simple"},"acf":[],"_links":{"self":[{"href":"https:\/\/lediamant.ch\/de\/wp-json\/wp\/v2\/product\/135165","targetHints":{"allow":["GET"]}}],"collection":[{"href":"https:\/\/lediamant.ch\/de\/wp-json\/wp\/v2\/product"}],"about":[{"href":"https:\/\/lediamant.ch\/de\/wp-json\/wp\/v2\/types\/product"}],"wp:featuredmedia":[{"embeddable":true,"href":"https:\/\/lediamant.ch\/de\/wp-json\/wp\/v2\/media\/135163"}],"wp:attachment":[{"href":"https:\/\/lediamant.ch\/de\/wp-json\/wp\/v2\/media?parent=135165"}],"wp:term":[{"taxonomy":"brand","embeddable":true,"href":"https:\/\/lediamant.ch\/de\/wp-json\/wp\/v2\/brand?post=135165"},{"taxonomy":"product_brand","embeddable":true,"href":"https:\/\/lediamant.ch\/de\/wp-json\/wp\/v2\/product_brand?post=135165"},{"taxonomy":"product_cat","embeddable":true,"href":"https:\/\/lediamant.ch\/de\/wp-json\/wp\/v2\/product_cat?post=135165"},{"taxonomy":"product_tag","embeddable":true,"href":"https:\/\/lediamant.ch\/de\/wp-json\/wp\/v2\/product_tag?post=135165"}],"curies":[{"name":"wp","href":"https:\/\/api.w.org\/{rel}","templated":true}]}}