{"id":135169,"date":"2020-03-17T07:47:20","date_gmt":"2020-03-17T06:47:20","guid":{"rendered":"https:\/\/lediamant.ch\/produit\/schmuck-de\/anhanger-de\/anhaenger-buchstabe-de\/anhaenger-buchstabe-j-75018-kt-gelbgold\/"},"modified":"2026-01-28T17:46:09","modified_gmt":"2026-01-28T16:46:09","slug":"pendentif-lettre-j-or-jaune-75018-ct-4","status":"publish","type":"product","link":"https:\/\/lediamant.ch\/de\/schmuck\/135169-anhaenger-buchstabe-j-gelbgold-750-18-kt-155607877\/0100\/","title":{"rendered":"Anh\u00e4nger Buchstabe J aus Gelbgold 750\/18 ct."},"content":{"rendered":"<p>Dieser elegante Anh\u00e4nger in Form des Buchstabens &#8222;J&#8220; ist ein zartes und raffiniertes Schmuckst\u00fcck. Er ist aus 18 Karat Gelbgold gefertigt und strahlt einen zeitlosen Glanz und Eleganz aus. Sein feines Design und die polierte Oberfl\u00e4che machen ihn zu einer perfekten Wahl f\u00fcr ein pers\u00f6nliches und bedeutungsvolles Geschenk. Dieser Anh\u00e4nger ist leicht zu tragen und kann mit jedem Outfit kombiniert werden, um Ihrem t\u00e4glichen Look einen Hauch von Raffinesse zu verleihen.<\/p>\n","protected":false},"excerpt":{"rendered":"<p>Dieser elegante Anh\u00e4nger in Form des Buchstabens &#8222;J&#8220; ist ein zartes und raffiniertes Schmuckst\u00fcck. Er ist aus 18 Karat Gelbgold gefertigt und strahlt einen zeitlosen Glanz und Eleganz aus. Sein feines Design und die polierte Oberfl\u00e4che machen ihn zu einer perfekten Wahl f\u00fcr ein pers\u00f6nliches und bedeutungsvolles Geschenk. Dieser Anh\u00e4nger ist leicht zu tragen und &#8230; <a title=\"Anh\u00e4nger Buchstabe J aus Gelbgold 750\/18 ct.\" class=\"read-more\" href=\"https:\/\/lediamant.ch\/de\/schmuck\/135169-anhaenger-buchstabe-j-gelbgold-750-18-kt-155607877\/0100\/\" aria-label=\"Mehr Informationen \u00fcber Anh\u00e4nger Buchstabe J aus Gelbgold 750\/18 ct.\">Weiterlesen &#8230;<\/a><\/p>\n","protected":false},"featured_media":135167,"template":"","meta":{"_acf_changed":false,"_seopress_robots_primary_cat":"27342","_seopress_titles_title":"","_seopress_titles_desc":"Entdecken Sie den zeitlosen Glanz des J-Anh\u00e4ngers aus 18 Kt Gelbgold. Perfekt f\u00fcr jedes Outfit und als bedeutungsvolles Geschenk.","_seopress_robots_index":""},"brand":[27089],"product_brand":[],"product_cat":[27155,27343,27121],"product_tag":[],"class_list":{"0":"post-135169","1":"product","2":"type-product","3":"status-publish","4":"has-post-thumbnail","6":"brand-gold-jewellery-de","7":"product_cat-anhanger","8":"product_cat-buchstaben-anhanger","9":"product_cat-schmuck","10":"pa_detail-de-s-pierres-s-1-diamant-001-ct-h","11":"pa_dimensions-7-x-13-mm","12":"pa_garantie-12monate","13":"pa_genre-frau","14":"pa_genre-kind","15":"pa_genre-mann","16":"pa_matiere-75018ktbicolorgold","17":"pa_motif-buchstaben","18":"sales-flash-overlay","19":"woocommerce-text-align-center","20":"woocommerce-image-align-center","21":"do-quantity-buttons","23":"first","24":"instock","25":"taxable","26":"shipping-taxable","27":"purchasable","28":"product-type-simple"},"acf":[],"_links":{"self":[{"href":"https:\/\/lediamant.ch\/de\/wp-json\/wp\/v2\/product\/135169","targetHints":{"allow":["GET"]}}],"collection":[{"href":"https:\/\/lediamant.ch\/de\/wp-json\/wp\/v2\/product"}],"about":[{"href":"https:\/\/lediamant.ch\/de\/wp-json\/wp\/v2\/types\/product"}],"wp:featuredmedia":[{"embeddable":true,"href":"https:\/\/lediamant.ch\/de\/wp-json\/wp\/v2\/media\/135167"}],"wp:attachment":[{"href":"https:\/\/lediamant.ch\/de\/wp-json\/wp\/v2\/media?parent=135169"}],"wp:term":[{"taxonomy":"brand","embeddable":true,"href":"https:\/\/lediamant.ch\/de\/wp-json\/wp\/v2\/brand?post=135169"},{"taxonomy":"product_brand","embeddable":true,"href":"https:\/\/lediamant.ch\/de\/wp-json\/wp\/v2\/product_brand?post=135169"},{"taxonomy":"product_cat","embeddable":true,"href":"https:\/\/lediamant.ch\/de\/wp-json\/wp\/v2\/product_cat?post=135169"},{"taxonomy":"product_tag","embeddable":true,"href":"https:\/\/lediamant.ch\/de\/wp-json\/wp\/v2\/product_tag?post=135169"}],"curies":[{"name":"wp","href":"https:\/\/api.w.org\/{rel}","templated":true}]}}