{"id":135173,"date":"2020-03-17T07:47:20","date_gmt":"2020-03-17T06:47:20","guid":{"rendered":"https:\/\/lediamant.ch\/produit\/schmuck-de\/anhanger-de\/anhaenger-buchstabe-de\/anhaenger-buchstabe-k-75018-kt-gelbgold-2\/"},"modified":"2026-01-28T17:46:36","modified_gmt":"2026-01-28T16:46:36","slug":"pendentif-lettre-k-or-jaune-75018-ct-4","status":"publish","type":"product","link":"https:\/\/lediamant.ch\/de\/schmuck\/135173-anhaenger-buchstabe-k-gelbgold-750-18-kt-155607877\/0110\/","title":{"rendered":"Anh\u00e4nger Buchstabe K aus Gelbgold 750\/18 ct."},"content":{"rendered":"<p>Dieser Anh\u00e4nger mit dem Buchstaben K ist ein zartes und elegantes Schmuckst\u00fcck, das aus 750\/18 ct. Gelbgold f\u00fcr einen dauerhaften Glanz hergestellt wurde. Er stellt den Buchstaben K in einer modernen und klaren Typographie dar und ist daher ideal f\u00fcr ein pers\u00f6nliches Geschenk oder um Ihre Initiale stolz zur Schau zu stellen. Dieses Schmuckst\u00fcck ist sowohl diskret als auch auff\u00e4llig, was es zur perfekten Wahl f\u00fcr den t\u00e4glichen Gebrauch oder f\u00fcr besondere Anl\u00e4sse macht.   <\/p>\n","protected":false},"excerpt":{"rendered":"<p>Dieser Anh\u00e4nger mit dem Buchstaben K ist ein zartes und elegantes Schmuckst\u00fcck, das aus 750\/18 ct. Gelbgold f\u00fcr einen dauerhaften Glanz hergestellt wurde. Er stellt den Buchstaben K in einer modernen und klaren Typographie dar und ist daher ideal f\u00fcr ein pers\u00f6nliches Geschenk oder um Ihre Initiale stolz zur Schau zu stellen. Dieses Schmuckst\u00fcck ist &#8230; <a title=\"Anh\u00e4nger Buchstabe K aus Gelbgold 750\/18 ct.\" class=\"read-more\" href=\"https:\/\/lediamant.ch\/de\/schmuck\/135173-anhaenger-buchstabe-k-gelbgold-750-18-kt-155607877\/0110\/\" aria-label=\"Mehr Informationen \u00fcber Anh\u00e4nger Buchstabe K aus Gelbgold 750\/18 ct.\">Weiterlesen &#8230;<\/a><\/p>\n","protected":false},"featured_media":135171,"template":"","meta":{"_acf_changed":false,"_seopress_robots_primary_cat":"27342","_seopress_titles_title":"","_seopress_titles_desc":"Entdecken Sie den Anh\u00e4nger mit dem Buchstaben K aus 18 Karat Gold, ein ideales pers\u00f6nliches Geschenk, das moderne Eleganz mit dauerhaftem Glanz verbindet. Perfekt f\u00fcr jeden Anlass. ","_seopress_robots_index":""},"brand":[27089],"product_brand":[],"product_cat":[27343,27121],"product_tag":[],"class_list":{"0":"post-135173","1":"product","2":"type-product","3":"status-publish","4":"has-post-thumbnail","6":"brand-gold-jewellery-de","7":"product_cat-buchstaben-anhanger","8":"product_cat-schmuck","9":"pa_detail-de-s-pierres-s-1-diamant-001-ct-h","10":"pa_dimensions-10-x-13-mm","11":"pa_garantie-12monate","12":"pa_genre-frau","13":"pa_genre-kind","14":"pa_genre-mann","15":"pa_matiere-75018ktbicolorgold","16":"pa_motif-buchstaben","17":"sales-flash-overlay","18":"woocommerce-text-align-center","19":"woocommerce-image-align-center","20":"do-quantity-buttons","22":"first","23":"instock","24":"taxable","25":"shipping-taxable","26":"purchasable","27":"product-type-simple"},"acf":[],"_links":{"self":[{"href":"https:\/\/lediamant.ch\/de\/wp-json\/wp\/v2\/product\/135173","targetHints":{"allow":["GET"]}}],"collection":[{"href":"https:\/\/lediamant.ch\/de\/wp-json\/wp\/v2\/product"}],"about":[{"href":"https:\/\/lediamant.ch\/de\/wp-json\/wp\/v2\/types\/product"}],"wp:featuredmedia":[{"embeddable":true,"href":"https:\/\/lediamant.ch\/de\/wp-json\/wp\/v2\/media\/135171"}],"wp:attachment":[{"href":"https:\/\/lediamant.ch\/de\/wp-json\/wp\/v2\/media?parent=135173"}],"wp:term":[{"taxonomy":"brand","embeddable":true,"href":"https:\/\/lediamant.ch\/de\/wp-json\/wp\/v2\/brand?post=135173"},{"taxonomy":"product_brand","embeddable":true,"href":"https:\/\/lediamant.ch\/de\/wp-json\/wp\/v2\/product_brand?post=135173"},{"taxonomy":"product_cat","embeddable":true,"href":"https:\/\/lediamant.ch\/de\/wp-json\/wp\/v2\/product_cat?post=135173"},{"taxonomy":"product_tag","embeddable":true,"href":"https:\/\/lediamant.ch\/de\/wp-json\/wp\/v2\/product_tag?post=135173"}],"curies":[{"name":"wp","href":"https:\/\/api.w.org\/{rel}","templated":true}]}}