{"id":135177,"date":"2020-03-17T07:47:31","date_gmt":"2020-03-17T06:47:31","guid":{"rendered":"https:\/\/lediamant.ch\/produit\/schmuck-de\/anhanger-de\/anhaenger-buchstabe-de\/anhaenger-buchstabe-l-gold-75018-kt\/"},"modified":"2026-01-28T17:44:17","modified_gmt":"2026-01-28T16:44:17","slug":"pendentif-lettre-l-or-jaune-75018-ct-3","status":"publish","type":"product","link":"https:\/\/lediamant.ch\/de\/schmuck\/135177-anhaenger-buchstabe-l-gelbgold-750-18-kt-155607877\/0120\/","title":{"rendered":"Anh\u00e4nger Buchstabe L aus Gelbgold 750\/18 ct."},"content":{"rendered":"<p>Dieser Anh\u00e4nger in Form des Buchstabens &#8222;L&#8220; ist ein zartes und raffiniertes Schmuckst\u00fcck. Er ist aus 750\/18 ct Gelbgold gefertigt und strahlt einen au\u00dfergew\u00f6hnlichen Glanz aus, der Ihrem Outfit einen Hauch von Eleganz verleiht. Das feine Design und die sorgf\u00e4ltige Verarbeitung machen diesen Anh\u00e4nger zur perfekten Wahl f\u00fcr ein pers\u00f6nliches Geschenk oder einen besonderen Anlass. Er ist ein Hauch von Luxus f\u00fcr jeden Tag und kann einzeln oder in Kombination mit anderen St\u00fccken f\u00fcr einen gewagten Look getragen werden.   <\/p>\n","protected":false},"excerpt":{"rendered":"<p>Dieser Anh\u00e4nger in Form des Buchstabens &#8222;L&#8220; ist ein zartes und raffiniertes Schmuckst\u00fcck. Er ist aus 750\/18 ct Gelbgold gefertigt und strahlt einen au\u00dfergew\u00f6hnlichen Glanz aus, der Ihrem Outfit einen Hauch von Eleganz verleiht. Das feine Design und die sorgf\u00e4ltige Verarbeitung machen diesen Anh\u00e4nger zur perfekten Wahl f\u00fcr ein pers\u00f6nliches Geschenk oder einen besonderen Anlass. &#8230; <a title=\"Anh\u00e4nger Buchstabe L aus Gelbgold 750\/18 ct.\" class=\"read-more\" href=\"https:\/\/lediamant.ch\/de\/schmuck\/135177-anhaenger-buchstabe-l-gelbgold-750-18-kt-155607877\/0120\/\" aria-label=\"Mehr Informationen \u00fcber Anh\u00e4nger Buchstabe L aus Gelbgold 750\/18 ct.\">Weiterlesen &#8230;<\/a><\/p>\n","protected":false},"featured_media":135175,"template":"","meta":{"_acf_changed":false,"_seopress_robots_primary_cat":"27342","_seopress_titles_title":"","_seopress_titles_desc":"Entdecken Sie den luxuri\u00f6sen Gelbgold-Anh\u00e4nger \u201eL\u201c, der Eleganz und Raffinesse ausstrahlt. Perfekt als Geschenk oder f\u00fcr besondere Anl\u00e4sse!","_seopress_robots_index":""},"brand":[27089],"product_brand":[],"product_cat":[27343,27121],"product_tag":[],"class_list":{"0":"post-135177","1":"product","2":"type-product","3":"status-publish","4":"has-post-thumbnail","6":"brand-gold-jewellery-de","7":"product_cat-buchstaben-anhanger","8":"product_cat-schmuck","9":"pa_detail-de-s-pierres-s-1-diamant-001-ct-h","10":"pa_dimensions-9-x-13-mm","11":"pa_garantie-12monate","12":"pa_genre-frau","13":"pa_genre-kind","14":"pa_genre-mann","15":"pa_matiere-75018ktbicolorgold","16":"pa_motif-buchstaben","17":"sales-flash-overlay","18":"woocommerce-text-align-center","19":"woocommerce-image-align-center","20":"do-quantity-buttons","22":"first","23":"instock","24":"taxable","25":"shipping-taxable","26":"purchasable","27":"product-type-simple"},"acf":[],"_links":{"self":[{"href":"https:\/\/lediamant.ch\/de\/wp-json\/wp\/v2\/product\/135177","targetHints":{"allow":["GET"]}}],"collection":[{"href":"https:\/\/lediamant.ch\/de\/wp-json\/wp\/v2\/product"}],"about":[{"href":"https:\/\/lediamant.ch\/de\/wp-json\/wp\/v2\/types\/product"}],"wp:featuredmedia":[{"embeddable":true,"href":"https:\/\/lediamant.ch\/de\/wp-json\/wp\/v2\/media\/135175"}],"wp:attachment":[{"href":"https:\/\/lediamant.ch\/de\/wp-json\/wp\/v2\/media?parent=135177"}],"wp:term":[{"taxonomy":"brand","embeddable":true,"href":"https:\/\/lediamant.ch\/de\/wp-json\/wp\/v2\/brand?post=135177"},{"taxonomy":"product_brand","embeddable":true,"href":"https:\/\/lediamant.ch\/de\/wp-json\/wp\/v2\/product_brand?post=135177"},{"taxonomy":"product_cat","embeddable":true,"href":"https:\/\/lediamant.ch\/de\/wp-json\/wp\/v2\/product_cat?post=135177"},{"taxonomy":"product_tag","embeddable":true,"href":"https:\/\/lediamant.ch\/de\/wp-json\/wp\/v2\/product_tag?post=135177"}],"curies":[{"name":"wp","href":"https:\/\/api.w.org\/{rel}","templated":true}]}}