{"id":135181,"date":"2020-03-17T07:47:31","date_gmt":"2020-03-17T06:47:31","guid":{"rendered":"https:\/\/lediamant.ch\/produit\/schmuck-de\/anhanger-de\/anhaenger-buchstabe-de\/anhaenger-buchstabe-m-75018-kt-gelbgold-3\/"},"modified":"2026-01-28T17:44:41","modified_gmt":"2026-01-28T16:44:41","slug":"pendentif-lettre-m-or-jaune-75018-ct-3","status":"publish","type":"product","link":"https:\/\/lediamant.ch\/de\/schmuck\/135181-anhaenger-buchstabe-m-gelbgold-750-18-kt-155607877\/0130\/","title":{"rendered":"Anh\u00e4nger Buchstabe M Gelbgold 750\/18 ct."},"content":{"rendered":"<p>Dieser elegante Anh\u00e4nger in Form des Buchstabens &#8222;M&#8220; ist aus 750\/18 ct Gelbgold mit Diamant gefertigt und bietet einen luxuri\u00f6sen Glanz und eine un\u00fcbertroffene Haltbarkeit. Sein klassisches Design und die hochpolierte Oberfl\u00e4che machen ihn zu einer perfekten Wahl f\u00fcr den t\u00e4glichen Gebrauch oder f\u00fcr besondere Anl\u00e4sse. Ob Sie ihn nun verschenken oder sich selbst eine Freude machen m\u00f6chten, dieser Anh\u00e4nger ist eine hervorragende Wahl, die jedem Outfit eine pers\u00f6nliche Note verleiht.  <\/p>\n","protected":false},"excerpt":{"rendered":"<p>Dieser elegante Anh\u00e4nger in Form des Buchstabens &#8222;M&#8220; ist aus 750\/18 ct Gelbgold mit Diamant gefertigt und bietet einen luxuri\u00f6sen Glanz und eine un\u00fcbertroffene Haltbarkeit. Sein klassisches Design und die hochpolierte Oberfl\u00e4che machen ihn zu einer perfekten Wahl f\u00fcr den t\u00e4glichen Gebrauch oder f\u00fcr besondere Anl\u00e4sse. Ob Sie ihn nun verschenken oder sich selbst eine &#8230; <a title=\"Anh\u00e4nger Buchstabe M Gelbgold 750\/18 ct.\" class=\"read-more\" href=\"https:\/\/lediamant.ch\/de\/schmuck\/135181-anhaenger-buchstabe-m-gelbgold-750-18-kt-155607877\/0130\/\" aria-label=\"Mehr Informationen \u00fcber Anh\u00e4nger Buchstabe M Gelbgold 750\/18 ct.\">Weiterlesen &#8230;<\/a><\/p>\n","protected":false},"featured_media":135179,"template":"","meta":{"_acf_changed":false,"_seopress_robots_primary_cat":"27342","_seopress_titles_title":"","_seopress_titles_desc":"Entdecken Sie die Eleganz des Anh\u00e4ngers aus 18 Karat Gelbgold in Form eines 'M' mit einem funkelnden Diamanten f\u00fcr den t\u00e4glichen oder besonderen Stil.","_seopress_robots_index":""},"brand":[27089],"product_brand":[],"product_cat":[27343,27121],"product_tag":[],"class_list":{"0":"post-135181","1":"product","2":"type-product","3":"status-publish","4":"has-post-thumbnail","6":"brand-gold-jewellery-de","7":"product_cat-buchstaben-anhanger","8":"product_cat-schmuck","9":"pa_detail-de-s-pierres-s-1-diamant-001-ct-h","10":"pa_dimensions-14-x-13-mm","11":"pa_garantie-12monate","12":"pa_genre-frau","13":"pa_genre-kind","14":"pa_genre-mann","15":"pa_matiere-75018ktbicolorgold","16":"pa_motif-buchstaben","17":"sales-flash-overlay","18":"woocommerce-text-align-center","19":"woocommerce-image-align-center","20":"do-quantity-buttons","22":"first","23":"instock","24":"taxable","25":"shipping-taxable","26":"purchasable","27":"product-type-simple"},"acf":[],"_links":{"self":[{"href":"https:\/\/lediamant.ch\/de\/wp-json\/wp\/v2\/product\/135181","targetHints":{"allow":["GET"]}}],"collection":[{"href":"https:\/\/lediamant.ch\/de\/wp-json\/wp\/v2\/product"}],"about":[{"href":"https:\/\/lediamant.ch\/de\/wp-json\/wp\/v2\/types\/product"}],"wp:featuredmedia":[{"embeddable":true,"href":"https:\/\/lediamant.ch\/de\/wp-json\/wp\/v2\/media\/135179"}],"wp:attachment":[{"href":"https:\/\/lediamant.ch\/de\/wp-json\/wp\/v2\/media?parent=135181"}],"wp:term":[{"taxonomy":"brand","embeddable":true,"href":"https:\/\/lediamant.ch\/de\/wp-json\/wp\/v2\/brand?post=135181"},{"taxonomy":"product_brand","embeddable":true,"href":"https:\/\/lediamant.ch\/de\/wp-json\/wp\/v2\/product_brand?post=135181"},{"taxonomy":"product_cat","embeddable":true,"href":"https:\/\/lediamant.ch\/de\/wp-json\/wp\/v2\/product_cat?post=135181"},{"taxonomy":"product_tag","embeddable":true,"href":"https:\/\/lediamant.ch\/de\/wp-json\/wp\/v2\/product_tag?post=135181"}],"curies":[{"name":"wp","href":"https:\/\/api.w.org\/{rel}","templated":true}]}}