{"id":135185,"date":"2020-03-17T07:47:31","date_gmt":"2020-03-17T06:47:31","guid":{"rendered":"https:\/\/lediamant.ch\/produit\/schmuck-de\/anhanger-de\/anhaenger-buchstabe-de\/anhaenger-buchstabe-n-gelbgold-75018-kt-3\/"},"modified":"2026-01-28T17:44:54","modified_gmt":"2026-01-28T16:44:54","slug":"pendentif-lettre-n-or-jaune-75018-ct-3","status":"publish","type":"product","link":"https:\/\/lediamant.ch\/de\/schmuck\/135185-anhaenger-buchstabe-n-gelbgold-750-18-kt-155607877\/0140\/","title":{"rendered":"Anh\u00e4nger Buchstabe N Gelbgold 750\/18 ct."},"content":{"rendered":"<p>Entdecken Sie unseren charmanten Anh\u00e4nger in Form des Buchstabens &#8222;N&#8220;, ein zartes und elegantes St\u00fcck, das Ihrer Schmuckkollektion eine pers\u00f6nliche Note verleihen wird. Hergestellt aus 750\/18 ct Gelbgold mit einem Diamanten, gl\u00e4nzt dieser hochwertige Anh\u00e4nger durch seine schlichte Eleganz. Ob Sie ihn nun verschenken oder sich selbst eine Freude machen m\u00f6chten, dieser Anh\u00e4nger ist eine raffinierte Art, Ihre Individualit\u00e4t zum Ausdruck zu bringen. Er eignet sich perfekt zum Tragen als Einzelst\u00fcck oder in Kombination mit anderen Schmuckst\u00fccken und verleiht jedem Outfit einen Hauch von Eleganz.   <\/p>\n","protected":false},"excerpt":{"rendered":"<p>Entdecken Sie unseren charmanten Anh\u00e4nger in Form des Buchstabens &#8222;N&#8220;, ein zartes und elegantes St\u00fcck, das Ihrer Schmuckkollektion eine pers\u00f6nliche Note verleihen wird. Hergestellt aus 750\/18 ct Gelbgold mit einem Diamanten, gl\u00e4nzt dieser hochwertige Anh\u00e4nger durch seine schlichte Eleganz. Ob Sie ihn nun verschenken oder sich selbst eine Freude machen m\u00f6chten, dieser Anh\u00e4nger ist eine &#8230; <a title=\"Anh\u00e4nger Buchstabe N Gelbgold 750\/18 ct.\" class=\"read-more\" href=\"https:\/\/lediamant.ch\/de\/schmuck\/135185-anhaenger-buchstabe-n-gelbgold-750-18-kt-155607877\/0140\/\" aria-label=\"Mehr Informationen \u00fcber Anh\u00e4nger Buchstabe N Gelbgold 750\/18 ct.\">Weiterlesen &#8230;<\/a><\/p>\n","protected":false},"featured_media":135183,"template":"","meta":{"_acf_changed":false,"_seopress_robots_primary_cat":"27342","_seopress_titles_title":"","_seopress_titles_desc":"Entdecken Sie die Eleganz des Anh\u00e4ngers 'N' aus 18 Karat Gold mit Diamant, ideal f\u00fcr Ihren pers\u00f6nlichen Stil oder als einzigartiges Geschenk.","_seopress_robots_index":""},"brand":[27089],"product_brand":[],"product_cat":[27343,27121],"product_tag":[],"class_list":{"0":"post-135185","1":"product","2":"type-product","3":"status-publish","4":"has-post-thumbnail","6":"brand-gold-jewellery-de","7":"product_cat-buchstaben-anhanger","8":"product_cat-schmuck","9":"pa_detail-de-s-pierres-s-1-diamant-001-ct-h","10":"pa_dimensions-10-x-13-mm","11":"pa_garantie-12monate","12":"pa_genre-frau","13":"pa_genre-kind","14":"pa_genre-mann","15":"pa_matiere-75018ktbicolorgold","16":"pa_motif-buchstaben","17":"sales-flash-overlay","18":"woocommerce-text-align-center","19":"woocommerce-image-align-center","20":"do-quantity-buttons","22":"first","23":"instock","24":"taxable","25":"shipping-taxable","26":"purchasable","27":"product-type-simple"},"acf":[],"_links":{"self":[{"href":"https:\/\/lediamant.ch\/de\/wp-json\/wp\/v2\/product\/135185","targetHints":{"allow":["GET"]}}],"collection":[{"href":"https:\/\/lediamant.ch\/de\/wp-json\/wp\/v2\/product"}],"about":[{"href":"https:\/\/lediamant.ch\/de\/wp-json\/wp\/v2\/types\/product"}],"wp:featuredmedia":[{"embeddable":true,"href":"https:\/\/lediamant.ch\/de\/wp-json\/wp\/v2\/media\/135183"}],"wp:attachment":[{"href":"https:\/\/lediamant.ch\/de\/wp-json\/wp\/v2\/media?parent=135185"}],"wp:term":[{"taxonomy":"brand","embeddable":true,"href":"https:\/\/lediamant.ch\/de\/wp-json\/wp\/v2\/brand?post=135185"},{"taxonomy":"product_brand","embeddable":true,"href":"https:\/\/lediamant.ch\/de\/wp-json\/wp\/v2\/product_brand?post=135185"},{"taxonomy":"product_cat","embeddable":true,"href":"https:\/\/lediamant.ch\/de\/wp-json\/wp\/v2\/product_cat?post=135185"},{"taxonomy":"product_tag","embeddable":true,"href":"https:\/\/lediamant.ch\/de\/wp-json\/wp\/v2\/product_tag?post=135185"}],"curies":[{"name":"wp","href":"https:\/\/api.w.org\/{rel}","templated":true}]}}