{"id":135189,"date":"2020-03-17T07:47:31","date_gmt":"2020-03-17T06:47:31","guid":{"rendered":"https:\/\/lediamant.ch\/produit\/schmuck-de\/anhanger-de\/anhaenger-buchstabe-de\/anhaenger-buchstabe-o-75018-kt-gelbgold-4\/"},"modified":"2026-01-28T17:43:11","modified_gmt":"2026-01-28T16:43:11","slug":"pendentif-lettre-o-or-jaune-75018-ct-4","status":"publish","type":"product","link":"https:\/\/lediamant.ch\/de\/schmuck\/135189-anhaenger-buchstabe-o-gelbgold-750-18-kt-155607877\/0150\/","title":{"rendered":"Anh\u00e4nger Buchstabe O aus Gelbgold 750\/18 ct."},"content":{"rendered":"<p>Dieser elegante Anh\u00e4nger stellt den Buchstaben &#8218;O&#8216; dar, der sorgf\u00e4ltig aus 750\/18 ct. Gelbgold mit einem Diamanten gefertigt wurde. Sein minimalistisches Design und der goldene Glanz machen ihn zu einem zarten und zeitlosen Schmuckst\u00fcck. Er kann einzeln f\u00fcr einen schlichten Look oder in Kombination mit anderen Anh\u00e4ngern f\u00fcr einen gewagteren Stil getragen werden. Es ist das perfekte Geschenk f\u00fcr einen geliebten Menschen oder einfach um sich selbst eine Freude zu machen.    <\/p>\n","protected":false},"excerpt":{"rendered":"<p>Dieser elegante Anh\u00e4nger stellt den Buchstaben &#8218;O&#8216; dar, der sorgf\u00e4ltig aus 750\/18 ct. Gelbgold mit einem Diamanten gefertigt wurde. Sein minimalistisches Design und der goldene Glanz machen ihn zu einem zarten und zeitlosen Schmuckst\u00fcck. Er kann einzeln f\u00fcr einen schlichten Look oder in Kombination mit anderen Anh\u00e4ngern f\u00fcr einen gewagteren Stil getragen werden. Es ist &#8230; <a title=\"Anh\u00e4nger Buchstabe O aus Gelbgold 750\/18 ct.\" class=\"read-more\" href=\"https:\/\/lediamant.ch\/de\/schmuck\/135189-anhaenger-buchstabe-o-gelbgold-750-18-kt-155607877\/0150\/\" aria-label=\"Mehr Informationen \u00fcber Anh\u00e4nger Buchstabe O aus Gelbgold 750\/18 ct.\">Weiterlesen &#8230;<\/a><\/p>\n","protected":false},"featured_media":135187,"template":"","meta":{"_acf_changed":false,"_seopress_robots_primary_cat":"27342","_seopress_titles_title":"","_seopress_titles_desc":"Entdecken Sie unseren Anh\u00e4nger mit dem Buchstaben 'O' aus 18 Karat Gold mit Diamant. Ein minimalistisches Design f\u00fcr ein elegantes und zeitloses Schmuckst\u00fcck.  Ideal als Geschenk.","_seopress_robots_index":""},"brand":[27089],"product_brand":[],"product_cat":[27121,27343],"product_tag":[],"class_list":{"0":"post-135189","1":"product","2":"type-product","3":"status-publish","4":"has-post-thumbnail","6":"brand-gold-jewellery-de","7":"product_cat-schmuck","8":"product_cat-buchstaben-anhanger","9":"pa_detail-de-s-pierres-s-1-diamant-001-ct-h","10":"pa_dimensions-10-x-13-mm","11":"pa_garantie-12monate","12":"pa_genre-frau","13":"pa_genre-kind","14":"pa_genre-mann","15":"pa_matiere-75018ktbicolorgold","16":"pa_motif-buchstaben","17":"sales-flash-overlay","18":"woocommerce-text-align-center","19":"woocommerce-image-align-center","20":"do-quantity-buttons","22":"first","23":"instock","24":"taxable","25":"shipping-taxable","26":"purchasable","27":"product-type-simple"},"acf":[],"_links":{"self":[{"href":"https:\/\/lediamant.ch\/de\/wp-json\/wp\/v2\/product\/135189","targetHints":{"allow":["GET"]}}],"collection":[{"href":"https:\/\/lediamant.ch\/de\/wp-json\/wp\/v2\/product"}],"about":[{"href":"https:\/\/lediamant.ch\/de\/wp-json\/wp\/v2\/types\/product"}],"wp:featuredmedia":[{"embeddable":true,"href":"https:\/\/lediamant.ch\/de\/wp-json\/wp\/v2\/media\/135187"}],"wp:attachment":[{"href":"https:\/\/lediamant.ch\/de\/wp-json\/wp\/v2\/media?parent=135189"}],"wp:term":[{"taxonomy":"brand","embeddable":true,"href":"https:\/\/lediamant.ch\/de\/wp-json\/wp\/v2\/brand?post=135189"},{"taxonomy":"product_brand","embeddable":true,"href":"https:\/\/lediamant.ch\/de\/wp-json\/wp\/v2\/product_brand?post=135189"},{"taxonomy":"product_cat","embeddable":true,"href":"https:\/\/lediamant.ch\/de\/wp-json\/wp\/v2\/product_cat?post=135189"},{"taxonomy":"product_tag","embeddable":true,"href":"https:\/\/lediamant.ch\/de\/wp-json\/wp\/v2\/product_tag?post=135189"}],"curies":[{"name":"wp","href":"https:\/\/api.w.org\/{rel}","templated":true}]}}