{"id":135213,"date":"2020-03-17T07:47:42","date_gmt":"2020-03-17T06:47:42","guid":{"rendered":"https:\/\/lediamant.ch\/produit\/schmuck-de\/anhanger-de\/anhaenger-buchstabe-de\/anhaenger-buchstabe-v-75018-kt-gelbgold\/"},"modified":"2026-01-28T17:43:15","modified_gmt":"2026-01-28T16:43:15","slug":"pendentif-lettre-v-or-jaune-75018-ct-4","status":"publish","type":"product","link":"https:\/\/lediamant.ch\/de\/schmuck\/135213-anhaenger-buchstabe-v-75018-kt-gelbgold\/","title":{"rendered":"Anh\u00e4nger Buchstabe V Gelbgold 750\/18 ct."},"content":{"rendered":"<p>Dieser elegante Anh\u00e4nger in Form des Buchstabens &#8222;V&#8220; ist fein gefertigt aus 750\/18 ct Gelbgold mit einem eingefassten Diamanten von 0,01 ct und verleiht Ihrem Stil einen Hauch von Luxus und Raffinesse. Mit seinem einfachen und klaren Design ist dieses Schmuckst\u00fcck die perfekte Wahl f\u00fcr den t\u00e4glichen Gebrauch oder f\u00fcr besondere Anl\u00e4sse. Es kann auch ein ideales pers\u00f6nliches Geschenk f\u00fcr einen geliebten Menschen sein. Tragen Sie ihn allein oder kombinieren Sie ihn mit anderen Buchstabenanh\u00e4ngern f\u00fcr einen wirklich einzigartigen Look.    <\/p>\n","protected":false},"excerpt":{"rendered":"<p>Dieser elegante Anh\u00e4nger in Form des Buchstabens &#8222;V&#8220; ist fein gefertigt aus 750\/18 ct Gelbgold mit einem eingefassten Diamanten von 0,01 ct und verleiht Ihrem Stil einen Hauch von Luxus und Raffinesse. Mit seinem einfachen und klaren Design ist dieses Schmuckst\u00fcck die perfekte Wahl f\u00fcr den t\u00e4glichen Gebrauch oder f\u00fcr besondere Anl\u00e4sse. Es kann auch &#8230; <a title=\"Anh\u00e4nger Buchstabe V Gelbgold 750\/18 ct.\" class=\"read-more\" href=\"https:\/\/lediamant.ch\/de\/schmuck\/135213-anhaenger-buchstabe-v-75018-kt-gelbgold\/\" aria-label=\"Mehr Informationen \u00fcber Anh\u00e4nger Buchstabe V Gelbgold 750\/18 ct.\">Weiterlesen &#8230;<\/a><\/p>\n","protected":false},"featured_media":135211,"template":"","meta":{"_acf_changed":false,"_seopress_robots_primary_cat":"27342","_seopress_titles_title":"","_seopress_titles_desc":"Entdecken Sie den diskreten Luxus: 'V' Anh\u00e4nger aus 18 Kt Gold mit einem Diamantschimmer. Perfekt f\u00fcr den Alltag oder f\u00fcr besondere Momente. ","_seopress_robots_index":""},"brand":[27089],"product_brand":[],"product_cat":[27155,27343,27121],"product_tag":[],"class_list":{"0":"post-135213","1":"product","2":"type-product","3":"status-publish","4":"has-post-thumbnail","6":"brand-gold-jewellery-de","7":"product_cat-anhanger","8":"product_cat-buchstaben-anhanger","9":"product_cat-schmuck","10":"pa_detail-de-s-pierres-s-1-diamant-001-ct-h","11":"pa_dimensions-12-x-13-mm","12":"pa_garantie-12monate","13":"pa_genre-frau","14":"pa_genre-kind","15":"pa_genre-mann","16":"pa_matiere-75018ktbicolorgold","17":"pa_motif-buchstaben","18":"sales-flash-overlay","19":"woocommerce-text-align-center","20":"woocommerce-image-align-center","21":"do-quantity-buttons","23":"first","24":"instock","25":"taxable","26":"shipping-taxable","27":"purchasable","28":"product-type-simple"},"acf":[],"_links":{"self":[{"href":"https:\/\/lediamant.ch\/de\/wp-json\/wp\/v2\/product\/135213","targetHints":{"allow":["GET"]}}],"collection":[{"href":"https:\/\/lediamant.ch\/de\/wp-json\/wp\/v2\/product"}],"about":[{"href":"https:\/\/lediamant.ch\/de\/wp-json\/wp\/v2\/types\/product"}],"wp:featuredmedia":[{"embeddable":true,"href":"https:\/\/lediamant.ch\/de\/wp-json\/wp\/v2\/media\/135211"}],"wp:attachment":[{"href":"https:\/\/lediamant.ch\/de\/wp-json\/wp\/v2\/media?parent=135213"}],"wp:term":[{"taxonomy":"brand","embeddable":true,"href":"https:\/\/lediamant.ch\/de\/wp-json\/wp\/v2\/brand?post=135213"},{"taxonomy":"product_brand","embeddable":true,"href":"https:\/\/lediamant.ch\/de\/wp-json\/wp\/v2\/product_brand?post=135213"},{"taxonomy":"product_cat","embeddable":true,"href":"https:\/\/lediamant.ch\/de\/wp-json\/wp\/v2\/product_cat?post=135213"},{"taxonomy":"product_tag","embeddable":true,"href":"https:\/\/lediamant.ch\/de\/wp-json\/wp\/v2\/product_tag?post=135213"}],"curies":[{"name":"wp","href":"https:\/\/api.w.org\/{rel}","templated":true}]}}