{"id":135465,"date":"2020-03-17T07:49:58","date_gmt":"2020-03-17T06:49:58","guid":{"rendered":"https:\/\/lediamant.ch\/produit\/schmuck-de\/anhanger-de\/kreuz-de\/750-gold-kreuz-anhanger-20\/"},"modified":"2026-03-10T11:44:47","modified_gmt":"2026-03-10T10:44:47","slug":"pendentif-croix-or-750-22","status":"publish","type":"product","link":"https:\/\/lediamant.ch\/de\/schmuck\/135465-kreuz-gelbgold-750-18-kt-1158028550002\/","title":{"rendered":"Kreuz aus Gelbgold 750\/18 ct."},"content":{"rendered":"<p>Dieser Artikel ist ein Kreuz aus 750\/18 ct Gelbgold, ein klassisches und zeitloses Schmuckst\u00fcck. Es wurde mit viel Liebe zum Detail gefertigt und hat einen gl\u00e4nzenden Glanz, der das Licht auf verf\u00fchrerische Weise reflektiert. Das Kreuz hat eine moderate Gr\u00f6\u00dfe, so dass es sich perfekt f\u00fcr den Alltag oder besondere Anl\u00e4sse eignet. Es kann allein f\u00fcr einen minimalistischen Look getragen werden oder in Kombination mit anderen Schmuckst\u00fccken f\u00fcr einen gewagteren Stil. Es ist die perfekte Wahl f\u00fcr alle, die Sch\u00f6nheit in der Einfachheit sch\u00e4tzen.    <\/p>\n","protected":false},"excerpt":{"rendered":"<p>Dieser Artikel ist ein Kreuz aus 750\/18 ct Gelbgold, ein klassisches und zeitloses Schmuckst\u00fcck. Es wurde mit viel Liebe zum Detail gefertigt und hat einen gl\u00e4nzenden Glanz, der das Licht auf verf\u00fchrerische Weise reflektiert. Das Kreuz hat eine moderate Gr\u00f6\u00dfe, so dass es sich perfekt f\u00fcr den Alltag oder besondere Anl\u00e4sse eignet. Es kann allein &#8230; <a title=\"Kreuz aus Gelbgold 750\/18 ct.\" class=\"read-more\" href=\"https:\/\/lediamant.ch\/de\/schmuck\/135465-kreuz-gelbgold-750-18-kt-1158028550002\/\" aria-label=\"Mehr Informationen \u00fcber Kreuz aus Gelbgold 750\/18 ct.\">Weiterlesen &#8230;<\/a><\/p>\n","protected":false},"featured_media":135463,"template":"","meta":{"_acf_changed":false,"_seopress_robots_primary_cat":"27372","_seopress_titles_title":"","_seopress_titles_desc":"Entdecken Sie unser Kreuz aus 750\/18 ct Gelbgold, ein klassisches und umwerfendes Schmuckst\u00fcck, das zu jedem Anlass passt.","_seopress_robots_index":""},"brand":[27089],"product_brand":[],"product_cat":[27155,27363,27373,27121],"product_tag":[],"class_list":{"0":"post-135465","1":"product","2":"type-product","3":"status-publish","4":"has-post-thumbnail","6":"brand-gold-jewellery-de","7":"product_cat-anhanger","8":"product_cat-kreuz","9":"product_cat-religiose-anhanger","10":"product_cat-schmuck","11":"pa_dimensions-grose-20-x-14-x-3-mm","12":"pa_garantie-12monate","13":"pa_genre-frau","14":"pa_genre-kind","15":"pa_genre-mann","16":"pa_matiere-75018ktgelbgold","17":"pa_motif-religion-de","18":"sales-flash-overlay","19":"woocommerce-text-align-center","20":"woocommerce-image-align-center","21":"do-quantity-buttons","23":"first","24":"instock","25":"taxable","26":"shipping-taxable","27":"purchasable","28":"product-type-simple"},"acf":[],"_links":{"self":[{"href":"https:\/\/lediamant.ch\/de\/wp-json\/wp\/v2\/product\/135465","targetHints":{"allow":["GET"]}}],"collection":[{"href":"https:\/\/lediamant.ch\/de\/wp-json\/wp\/v2\/product"}],"about":[{"href":"https:\/\/lediamant.ch\/de\/wp-json\/wp\/v2\/types\/product"}],"wp:featuredmedia":[{"embeddable":true,"href":"https:\/\/lediamant.ch\/de\/wp-json\/wp\/v2\/media\/135463"}],"wp:attachment":[{"href":"https:\/\/lediamant.ch\/de\/wp-json\/wp\/v2\/media?parent=135465"}],"wp:term":[{"taxonomy":"brand","embeddable":true,"href":"https:\/\/lediamant.ch\/de\/wp-json\/wp\/v2\/brand?post=135465"},{"taxonomy":"product_brand","embeddable":true,"href":"https:\/\/lediamant.ch\/de\/wp-json\/wp\/v2\/product_brand?post=135465"},{"taxonomy":"product_cat","embeddable":true,"href":"https:\/\/lediamant.ch\/de\/wp-json\/wp\/v2\/product_cat?post=135465"},{"taxonomy":"product_tag","embeddable":true,"href":"https:\/\/lediamant.ch\/de\/wp-json\/wp\/v2\/product_tag?post=135465"}],"curies":[{"name":"wp","href":"https:\/\/api.w.org\/{rel}","templated":true}]}}