{"id":135477,"date":"2020-03-17T07:49:58","date_gmt":"2020-03-17T06:49:58","guid":{"rendered":"https:\/\/lediamant.ch\/produit\/schmuck-de\/anhanger-de\/kreuz-de\/750-gold-kreuz-anhanger-23\/"},"modified":"2026-03-10T11:47:33","modified_gmt":"2026-03-10T10:47:33","slug":"pendentif-croix-or-750-25","status":"publish","type":"product","link":"https:\/\/lediamant.ch\/de\/schmuck\/135477-kreuz-gelbgold-750-18-kt-1158033320002\/","title":{"rendered":"Kreuz aus Gelbgold 750\/18 ct."},"content":{"rendered":"<p>Entdecken Sie dieses wundersch\u00f6ne Kreuz aus 750\/18 ct Gelbgold, ein zeitloses Symbol des Glaubens und der Eleganz. Pr\u00e4zise geformt, strahlt dieses Kreuz einen warmen, gl\u00e4nzenden Schimmer aus, der die hohe Qualit\u00e4t des verwendeten Goldes widerspiegelt. Sein klares und klassisches Design macht es vielseitig f\u00fcr alle Gelegenheiten, sei es f\u00fcr den t\u00e4glichen Gebrauch oder f\u00fcr besondere Anl\u00e4sse. Dieses Kreuz ist ein perfektes Geschenk f\u00fcr Sie selbst oder einen geliebten Menschen, das sowohl Hingabe als auch Raffinesse ausdr\u00fcckt.   <\/p>\n","protected":false},"excerpt":{"rendered":"<p>Entdecken Sie dieses wundersch\u00f6ne Kreuz aus 750\/18 ct Gelbgold, ein zeitloses Symbol des Glaubens und der Eleganz. Pr\u00e4zise geformt, strahlt dieses Kreuz einen warmen, gl\u00e4nzenden Schimmer aus, der die hohe Qualit\u00e4t des verwendeten Goldes widerspiegelt. Sein klares und klassisches Design macht es vielseitig f\u00fcr alle Gelegenheiten, sei es f\u00fcr den t\u00e4glichen Gebrauch oder f\u00fcr besondere &#8230; <a title=\"Kreuz aus Gelbgold 750\/18 ct.\" class=\"read-more\" href=\"https:\/\/lediamant.ch\/de\/schmuck\/135477-kreuz-gelbgold-750-18-kt-1158033320002\/\" aria-label=\"Mehr Informationen \u00fcber Kreuz aus Gelbgold 750\/18 ct.\">Weiterlesen &#8230;<\/a><\/p>\n","protected":false},"featured_media":135475,"template":"","meta":{"_acf_changed":false,"_seopress_robots_primary_cat":"27372","_seopress_titles_title":"","_seopress_titles_desc":"Entdecken Sie dieses Kreuz aus 750\/18 ct Gelbgold, ein Emblem der Eleganz und des Glaubens. Perfekt f\u00fcr jeden Tag oder einen besonderen Moment. ","_seopress_robots_index":""},"brand":[27089],"product_brand":[],"product_cat":[27155,27363,27373,27121],"product_tag":[],"class_list":{"0":"post-135477","1":"product","2":"type-product","3":"status-publish","4":"has-post-thumbnail","6":"brand-gold-jewellery-de","7":"product_cat-anhanger","8":"product_cat-kreuz","9":"product_cat-religiose-anhanger","10":"product_cat-schmuck","11":"pa_dimensions-grose-19-x-13-x-3-mm","12":"pa_garantie-12monate","13":"pa_genre-frau","14":"pa_genre-kind","15":"pa_genre-mann","16":"pa_matiere-75018ktgelbgold","17":"pa_motif-religion-de","18":"pa_pierres-zirkon-de","19":"sales-flash-overlay","20":"woocommerce-text-align-center","21":"woocommerce-image-align-center","22":"do-quantity-buttons","24":"first","25":"instock","26":"taxable","27":"shipping-taxable","28":"purchasable","29":"product-type-simple"},"acf":[],"_links":{"self":[{"href":"https:\/\/lediamant.ch\/de\/wp-json\/wp\/v2\/product\/135477","targetHints":{"allow":["GET"]}}],"collection":[{"href":"https:\/\/lediamant.ch\/de\/wp-json\/wp\/v2\/product"}],"about":[{"href":"https:\/\/lediamant.ch\/de\/wp-json\/wp\/v2\/types\/product"}],"wp:featuredmedia":[{"embeddable":true,"href":"https:\/\/lediamant.ch\/de\/wp-json\/wp\/v2\/media\/135475"}],"wp:attachment":[{"href":"https:\/\/lediamant.ch\/de\/wp-json\/wp\/v2\/media?parent=135477"}],"wp:term":[{"taxonomy":"brand","embeddable":true,"href":"https:\/\/lediamant.ch\/de\/wp-json\/wp\/v2\/brand?post=135477"},{"taxonomy":"product_brand","embeddable":true,"href":"https:\/\/lediamant.ch\/de\/wp-json\/wp\/v2\/product_brand?post=135477"},{"taxonomy":"product_cat","embeddable":true,"href":"https:\/\/lediamant.ch\/de\/wp-json\/wp\/v2\/product_cat?post=135477"},{"taxonomy":"product_tag","embeddable":true,"href":"https:\/\/lediamant.ch\/de\/wp-json\/wp\/v2\/product_tag?post=135477"}],"curies":[{"name":"wp","href":"https:\/\/api.w.org\/{rel}","templated":true}]}}