{"id":135485,"date":"2020-03-17T07:50:10","date_gmt":"2020-03-17T06:50:10","guid":{"rendered":"https:\/\/lediamant.ch\/produit\/schmuck-de\/anhanger-de\/kreuz-de\/750-gold-kreuz-anhanger-25\/"},"modified":"2026-03-10T11:37:34","modified_gmt":"2026-03-10T10:37:34","slug":"pendentif-croix-or-750-27","status":"publish","type":"product","link":"https:\/\/lediamant.ch\/de\/schmuck\/135485-kreuz-gelbgold-750-18-kt-1158029920001\/","title":{"rendered":"Kreuz aus Gelbgold 750\/18 ct."},"content":{"rendered":"<p>Dieser Artikel ist ein Kreuz aus 750er Gelbgold (18 Karat), ein Symbol f\u00fcr zeitlose Eleganz und tiefen Glauben. Dieses Kreuz wurde mit au\u00dfergew\u00f6hnlicher Handwerkskunst hergestellt und strahlt einen unvergleichlichen Glanz aus, der auf den ersten Blick verf\u00fchrt. Seine Feinheit und Leichtigkeit machen es zu einem Schmuckst\u00fcck, das sich bequem im Alltag tragen l\u00e4sst. Es ist ein Schmuckst\u00fcck f\u00fcr alle, die ihre Spiritualit\u00e4t auf raffinierte Weise zum Ausdruck bringen m\u00f6chten.   <\/p>\n","protected":false},"excerpt":{"rendered":"<p>Dieser Artikel ist ein Kreuz aus 750er Gelbgold (18 Karat), ein Symbol f\u00fcr zeitlose Eleganz und tiefen Glauben. Dieses Kreuz wurde mit au\u00dfergew\u00f6hnlicher Handwerkskunst hergestellt und strahlt einen unvergleichlichen Glanz aus, der auf den ersten Blick verf\u00fchrt. Seine Feinheit und Leichtigkeit machen es zu einem Schmuckst\u00fcck, das sich bequem im Alltag tragen l\u00e4sst. Es ist &#8230; <a title=\"Kreuz aus Gelbgold 750\/18 ct.\" class=\"read-more\" href=\"https:\/\/lediamant.ch\/de\/schmuck\/135485-kreuz-gelbgold-750-18-kt-1158029920001\/\" aria-label=\"Mehr Informationen \u00fcber Kreuz aus Gelbgold 750\/18 ct.\">Weiterlesen &#8230;<\/a><\/p>\n","protected":false},"featured_media":135483,"template":"","meta":{"_acf_changed":false,"_seopress_robots_primary_cat":"27372","_seopress_titles_title":"","_seopress_titles_desc":"Entdecken Sie das Kreuz aus 18 Karat Gelbgold, eine Verschmelzung von Finesse und Spiritualit\u00e4t. Au\u00dfergew\u00f6hnlicher Komfort und Glanz f\u00fcr t\u00e4gliche Eleganz. ","_seopress_robots_index":""},"brand":[27089],"product_brand":[],"product_cat":[27155,27363,27373,27121],"product_tag":[],"class_list":{"0":"post-135485","1":"product","2":"type-product","3":"status-publish","4":"has-post-thumbnail","6":"brand-gold-jewellery-de","7":"product_cat-anhanger","8":"product_cat-kreuz","9":"product_cat-religiose-anhanger","10":"product_cat-schmuck","11":"pa_dimensions-groesse-20-x-10-x-3-mm","12":"pa_garantie-12monate","13":"pa_genre-frau","14":"pa_genre-kind","15":"pa_genre-mann","16":"pa_matiere-75018ktgelbgold","17":"pa_motif-religion-de","18":"sales-flash-overlay","19":"woocommerce-text-align-center","20":"woocommerce-image-align-center","21":"do-quantity-buttons","23":"first","24":"instock","25":"taxable","26":"shipping-taxable","27":"purchasable","28":"product-type-simple"},"acf":[],"_links":{"self":[{"href":"https:\/\/lediamant.ch\/de\/wp-json\/wp\/v2\/product\/135485","targetHints":{"allow":["GET"]}}],"collection":[{"href":"https:\/\/lediamant.ch\/de\/wp-json\/wp\/v2\/product"}],"about":[{"href":"https:\/\/lediamant.ch\/de\/wp-json\/wp\/v2\/types\/product"}],"wp:featuredmedia":[{"embeddable":true,"href":"https:\/\/lediamant.ch\/de\/wp-json\/wp\/v2\/media\/135483"}],"wp:attachment":[{"href":"https:\/\/lediamant.ch\/de\/wp-json\/wp\/v2\/media?parent=135485"}],"wp:term":[{"taxonomy":"brand","embeddable":true,"href":"https:\/\/lediamant.ch\/de\/wp-json\/wp\/v2\/brand?post=135485"},{"taxonomy":"product_brand","embeddable":true,"href":"https:\/\/lediamant.ch\/de\/wp-json\/wp\/v2\/product_brand?post=135485"},{"taxonomy":"product_cat","embeddable":true,"href":"https:\/\/lediamant.ch\/de\/wp-json\/wp\/v2\/product_cat?post=135485"},{"taxonomy":"product_tag","embeddable":true,"href":"https:\/\/lediamant.ch\/de\/wp-json\/wp\/v2\/product_tag?post=135485"}],"curies":[{"name":"wp","href":"https:\/\/api.w.org\/{rel}","templated":true}]}}