{"id":135489,"date":"2020-03-17T07:50:10","date_gmt":"2020-03-17T06:50:10","guid":{"rendered":"https:\/\/lediamant.ch\/produit\/schmuck-de\/anhanger-de\/kreuz-de\/750-gold-kreuz-anhanger-26\/"},"modified":"2026-03-10T11:37:32","modified_gmt":"2026-03-10T10:37:32","slug":"pendentif-croix-or-750-28","status":"publish","type":"product","link":"https:\/\/lediamant.ch\/de\/schmuck\/135489-750-gold-kreuz-anhanger-26\/","title":{"rendered":"Kreuz aus Gelbgold 750\/18 ct."},"content":{"rendered":"<p>Dieser Artikel ist ein wundersch\u00f6nes Kreuz aus 18 Karat Gold, das ein zeitloses Symbol f\u00fcr Glauben und Eleganz ist. Das Kreuz wurde aus 750\/1000 Gold gefertigt und hat einen gl\u00e4nzenden Glanz, der die Aufmerksamkeit auf sich zieht. Sein schlichtes und klares Design macht es vielseitig genug, um es im Alltag zu tragen, aber auch anspruchsvoll genug f\u00fcr besondere Anl\u00e4sse. Es ist eine wertvolle Erg\u00e4nzung f\u00fcr jede Schmucksammlung und ein bedeutungsvolles Geschenk f\u00fcr einen geliebten Menschen.   <\/p>\n","protected":false},"excerpt":{"rendered":"<p>Dieser Artikel ist ein wundersch\u00f6nes Kreuz aus 18 Karat Gold, das ein zeitloses Symbol f\u00fcr Glauben und Eleganz ist. Das Kreuz wurde aus 750\/1000 Gold gefertigt und hat einen gl\u00e4nzenden Glanz, der die Aufmerksamkeit auf sich zieht. Sein schlichtes und klares Design macht es vielseitig genug, um es im Alltag zu tragen, aber auch anspruchsvoll &#8230; <a title=\"Kreuz aus Gelbgold 750\/18 ct.\" class=\"read-more\" href=\"https:\/\/lediamant.ch\/de\/schmuck\/135489-750-gold-kreuz-anhanger-26\/\" aria-label=\"Mehr Informationen \u00fcber Kreuz aus Gelbgold 750\/18 ct.\">Weiterlesen &#8230;<\/a><\/p>\n","protected":false},"featured_media":135487,"template":"","meta":{"_acf_changed":false,"_seopress_robots_primary_cat":"27372","_seopress_titles_title":"","_seopress_titles_desc":"","_seopress_robots_index":""},"brand":[27089],"product_brand":[],"product_cat":[27155,27363,27373,27121],"product_tag":[],"class_list":{"0":"post-135489","1":"product","2":"type-product","3":"status-publish","4":"has-post-thumbnail","6":"brand-gold-jewellery-de","7":"product_cat-anhanger","8":"product_cat-kreuz","9":"product_cat-religiose-anhanger","10":"product_cat-schmuck","11":"pa_dimensions-grose-24-x-16-x-4-mm","12":"pa_garantie-12monate","13":"pa_genre-frau","14":"pa_genre-kind","15":"pa_genre-mann","16":"pa_matiere-75018ktgelbgold","17":"pa_motif-religion-de","18":"sales-flash-overlay","19":"woocommerce-text-align-center","20":"woocommerce-image-align-center","21":"do-quantity-buttons","23":"first","24":"instock","25":"taxable","26":"shipping-taxable","27":"purchasable","28":"product-type-simple"},"acf":[],"_links":{"self":[{"href":"https:\/\/lediamant.ch\/de\/wp-json\/wp\/v2\/product\/135489","targetHints":{"allow":["GET"]}}],"collection":[{"href":"https:\/\/lediamant.ch\/de\/wp-json\/wp\/v2\/product"}],"about":[{"href":"https:\/\/lediamant.ch\/de\/wp-json\/wp\/v2\/types\/product"}],"wp:featuredmedia":[{"embeddable":true,"href":"https:\/\/lediamant.ch\/de\/wp-json\/wp\/v2\/media\/135487"}],"wp:attachment":[{"href":"https:\/\/lediamant.ch\/de\/wp-json\/wp\/v2\/media?parent=135489"}],"wp:term":[{"taxonomy":"brand","embeddable":true,"href":"https:\/\/lediamant.ch\/de\/wp-json\/wp\/v2\/brand?post=135489"},{"taxonomy":"product_brand","embeddable":true,"href":"https:\/\/lediamant.ch\/de\/wp-json\/wp\/v2\/product_brand?post=135489"},{"taxonomy":"product_cat","embeddable":true,"href":"https:\/\/lediamant.ch\/de\/wp-json\/wp\/v2\/product_cat?post=135489"},{"taxonomy":"product_tag","embeddable":true,"href":"https:\/\/lediamant.ch\/de\/wp-json\/wp\/v2\/product_tag?post=135489"}],"curies":[{"name":"wp","href":"https:\/\/api.w.org\/{rel}","templated":true}]}}