{"id":135493,"date":"2020-03-17T07:50:10","date_gmt":"2020-03-17T06:50:10","guid":{"rendered":"https:\/\/lediamant.ch\/produit\/schmuck-de\/anhanger-de\/kreuz-de\/750-gold-kreuz-anhanger-27\/"},"modified":"2026-03-10T11:39:44","modified_gmt":"2026-03-10T10:39:44","slug":"pendentif-croix-or-750-29","status":"publish","type":"product","link":"https:\/\/lediamant.ch\/de\/schmuck\/135493-kreuz-gelbgold-750-18-kt-1158026150001\/","title":{"rendered":"Kreuz aus Gelbgold 750\/18 ct."},"content":{"rendered":"<p>Dieser elegante Anh\u00e4nger in Form eines Kreuzes wurde fein aus 750\/18 ct Gelbgold gefertigt, was ihm einen luxuri\u00f6sen Glanz und eine au\u00dfergew\u00f6hnliche Haltbarkeit verleiht. Sein klassisches und zeitloses Design macht ihn zu einer perfekten Wahl, um seinen Glauben auszudr\u00fccken oder als bedeutungsvolles Geschenk f\u00fcr einen geliebten Menschen. Dieses zarte Kreuz ist ein vielseitiges Schmuckst\u00fcck, das zu jeder Art von Kleidung getragen werden kann und einen Hauch von subtiler Eleganz verleiht.  <\/p>\n","protected":false},"excerpt":{"rendered":"<p>Dieser elegante Anh\u00e4nger in Form eines Kreuzes wurde fein aus 750\/18 ct Gelbgold gefertigt, was ihm einen luxuri\u00f6sen Glanz und eine au\u00dfergew\u00f6hnliche Haltbarkeit verleiht. Sein klassisches und zeitloses Design macht ihn zu einer perfekten Wahl, um seinen Glauben auszudr\u00fccken oder als bedeutungsvolles Geschenk f\u00fcr einen geliebten Menschen. Dieses zarte Kreuz ist ein vielseitiges Schmuckst\u00fcck, das &#8230; <a title=\"Kreuz aus Gelbgold 750\/18 ct.\" class=\"read-more\" href=\"https:\/\/lediamant.ch\/de\/schmuck\/135493-kreuz-gelbgold-750-18-kt-1158026150001\/\" aria-label=\"Mehr Informationen \u00fcber Kreuz aus Gelbgold 750\/18 ct.\">Weiterlesen &#8230;<\/a><\/p>\n","protected":false},"featured_media":135491,"template":"","meta":{"_acf_changed":false,"_seopress_robots_primary_cat":"27372","_seopress_titles_title":"","_seopress_titles_desc":"Entdecken Sie unseren Kreuzanh\u00e4nger aus 750\/18ct Gold: ein Symbol f\u00fcr zeitlose Eleganz und Glauben, ideal als wertvolles Geschenk.","_seopress_robots_index":""},"brand":[27089],"product_brand":[],"product_cat":[27155,27363,27373,27121],"product_tag":[],"class_list":{"0":"post-135493","1":"product","2":"type-product","3":"status-publish","4":"has-post-thumbnail","6":"brand-gold-jewellery-de","7":"product_cat-anhanger","8":"product_cat-kreuz","9":"product_cat-religiose-anhanger","10":"product_cat-schmuck","11":"pa_dimensions-grose-12-x-9-mm","12":"pa_garantie-12monate","13":"pa_genre-frau","14":"pa_genre-kind","15":"pa_genre-mann","16":"pa_matiere-75018ktgelbgold","17":"pa_motif-religion-de","18":"pa_pierres-diamant-de","19":"sales-flash-overlay","20":"woocommerce-text-align-center","21":"woocommerce-image-align-center","22":"do-quantity-buttons","24":"first","25":"instock","26":"taxable","27":"shipping-taxable","28":"purchasable","29":"product-type-simple"},"acf":[],"_links":{"self":[{"href":"https:\/\/lediamant.ch\/de\/wp-json\/wp\/v2\/product\/135493","targetHints":{"allow":["GET"]}}],"collection":[{"href":"https:\/\/lediamant.ch\/de\/wp-json\/wp\/v2\/product"}],"about":[{"href":"https:\/\/lediamant.ch\/de\/wp-json\/wp\/v2\/types\/product"}],"wp:featuredmedia":[{"embeddable":true,"href":"https:\/\/lediamant.ch\/de\/wp-json\/wp\/v2\/media\/135491"}],"wp:attachment":[{"href":"https:\/\/lediamant.ch\/de\/wp-json\/wp\/v2\/media?parent=135493"}],"wp:term":[{"taxonomy":"brand","embeddable":true,"href":"https:\/\/lediamant.ch\/de\/wp-json\/wp\/v2\/brand?post=135493"},{"taxonomy":"product_brand","embeddable":true,"href":"https:\/\/lediamant.ch\/de\/wp-json\/wp\/v2\/product_brand?post=135493"},{"taxonomy":"product_cat","embeddable":true,"href":"https:\/\/lediamant.ch\/de\/wp-json\/wp\/v2\/product_cat?post=135493"},{"taxonomy":"product_tag","embeddable":true,"href":"https:\/\/lediamant.ch\/de\/wp-json\/wp\/v2\/product_tag?post=135493"}],"curies":[{"name":"wp","href":"https:\/\/api.w.org\/{rel}","templated":true}]}}