{"id":135497,"date":"2020-03-17T07:50:22","date_gmt":"2020-03-17T06:50:22","guid":{"rendered":"https:\/\/lediamant.ch\/produit\/schmuck-de\/anhanger-de\/kreuz-de\/750-gold-kreuz-anhanger-28\/"},"modified":"2026-03-10T11:35:15","modified_gmt":"2026-03-10T10:35:15","slug":"pendentif-croix-or-750-30","status":"publish","type":"product","link":"https:\/\/lediamant.ch\/de\/schmuck\/135497-kreuz-gelbgold-750-18-kt-1158030850001\/","title":{"rendered":"Kreuz aus Gelbgold 750\/18 ct."},"content":{"rendered":"<p>Dieser elegante Anh\u00e4nger in Form eines Kreuzes ist aus 750\/18 ct Gelbgold gefertigt und bietet einen dauerhaften Glanz, der nicht anl\u00e4uft. Sein klassisches und zeitloses Design ist sowohl schlicht als auch raffiniert und eignet sich daher perfekt zum t\u00e4glichen Tragen oder zu besonderen Anl\u00e4ssen. Dieses Kreuz aus Gelbgold ist eine wunderbare Wahl, um Ihren Glauben auszudr\u00fccken oder als bedeutungsvolles Geschenk f\u00fcr einen geliebten Menschen.  <\/p>\n","protected":false},"excerpt":{"rendered":"<p>Dieser elegante Anh\u00e4nger in Form eines Kreuzes ist aus 750\/18 ct Gelbgold gefertigt und bietet einen dauerhaften Glanz, der nicht anl\u00e4uft. Sein klassisches und zeitloses Design ist sowohl schlicht als auch raffiniert und eignet sich daher perfekt zum t\u00e4glichen Tragen oder zu besonderen Anl\u00e4ssen. Dieses Kreuz aus Gelbgold ist eine wunderbare Wahl, um Ihren Glauben &#8230; <a title=\"Kreuz aus Gelbgold 750\/18 ct.\" class=\"read-more\" href=\"https:\/\/lediamant.ch\/de\/schmuck\/135497-kreuz-gelbgold-750-18-kt-1158030850001\/\" aria-label=\"Mehr Informationen \u00fcber Kreuz aus Gelbgold 750\/18 ct.\">Weiterlesen &#8230;<\/a><\/p>\n","protected":false},"featured_media":135495,"template":"","meta":{"_acf_changed":false,"_seopress_robots_primary_cat":"27372","_seopress_titles_title":"","_seopress_titles_desc":"Entdecken Sie unseren Kreuzanh\u00e4nger aus 750\/18 ct Gelbgold, der mit seinem schlichten und eleganten Design ideal f\u00fcr den Alltag oder besondere Anl\u00e4sse ist.","_seopress_robots_index":""},"brand":[27089],"product_brand":[],"product_cat":[27121,27155,27363,27373],"product_tag":[],"class_list":{"0":"post-135497","1":"product","2":"type-product","3":"status-publish","4":"has-post-thumbnail","6":"brand-gold-jewellery-de","7":"product_cat-schmuck","8":"product_cat-anhanger","9":"product_cat-kreuz","10":"product_cat-religiose-anhanger","11":"pa_dimensions-groesse-16-x-11-x-4-mm","12":"pa_garantie-12monate","13":"pa_genre-frau","14":"pa_genre-kind","15":"pa_genre-mann","16":"pa_matiere-75018ktgelbgold","17":"pa_motif-religion-de","18":"pa_pierres-diamant-de","19":"sales-flash-overlay","20":"woocommerce-text-align-center","21":"woocommerce-image-align-center","22":"do-quantity-buttons","24":"first","25":"instock","26":"taxable","27":"shipping-taxable","28":"purchasable","29":"product-type-simple"},"acf":[],"_links":{"self":[{"href":"https:\/\/lediamant.ch\/de\/wp-json\/wp\/v2\/product\/135497","targetHints":{"allow":["GET"]}}],"collection":[{"href":"https:\/\/lediamant.ch\/de\/wp-json\/wp\/v2\/product"}],"about":[{"href":"https:\/\/lediamant.ch\/de\/wp-json\/wp\/v2\/types\/product"}],"wp:featuredmedia":[{"embeddable":true,"href":"https:\/\/lediamant.ch\/de\/wp-json\/wp\/v2\/media\/135495"}],"wp:attachment":[{"href":"https:\/\/lediamant.ch\/de\/wp-json\/wp\/v2\/media?parent=135497"}],"wp:term":[{"taxonomy":"brand","embeddable":true,"href":"https:\/\/lediamant.ch\/de\/wp-json\/wp\/v2\/brand?post=135497"},{"taxonomy":"product_brand","embeddable":true,"href":"https:\/\/lediamant.ch\/de\/wp-json\/wp\/v2\/product_brand?post=135497"},{"taxonomy":"product_cat","embeddable":true,"href":"https:\/\/lediamant.ch\/de\/wp-json\/wp\/v2\/product_cat?post=135497"},{"taxonomy":"product_tag","embeddable":true,"href":"https:\/\/lediamant.ch\/de\/wp-json\/wp\/v2\/product_tag?post=135497"}],"curies":[{"name":"wp","href":"https:\/\/api.w.org\/{rel}","templated":true}]}}