{"id":135509,"date":"2020-03-17T07:50:22","date_gmt":"2020-03-17T06:50:22","guid":{"rendered":"https:\/\/lediamant.ch\/produit\/schmuck-de\/anhanger-de\/kreuz-de\/750-gold-kreuz-anhanger-31\/"},"modified":"2026-03-10T11:35:17","modified_gmt":"2026-03-10T10:35:17","slug":"pendentif-croix-or-750-33","status":"publish","type":"product","link":"https:\/\/lediamant.ch\/de\/schmuck\/135509-kreuz-gelbgold-750-18-kt-1158031700001\/","title":{"rendered":"Kreuz aus Gelbgold 750\/18 ct."},"content":{"rendered":"<p>Dieser elegante Anh\u00e4nger in Form eines Kreuzes ist aus 750\/18 ct Gelbgold gefertigt und garantiert eine au\u00dfergew\u00f6hnliche Qualit\u00e4t und Haltbarkeit. Sein schlichtes und klassisches Design macht ihn zur perfekten Wahl f\u00fcr alle, die dezenten, aber bedeutungsvollen Schmuck zu sch\u00e4tzen wissen. Dieses goldene Kreuz kann allein f\u00fcr einen minimalistischen Look oder in Kombination mit anderen St\u00fccken f\u00fcr einen gewagteren Stil getragen werden. Es ist ein zeitloses Schmuckst\u00fcck, das zu jedem Anlass passt und ein wunderbares Geschenk f\u00fcr besondere Momente ist.   <\/p>\n","protected":false},"excerpt":{"rendered":"<p>Dieser elegante Anh\u00e4nger in Form eines Kreuzes ist aus 750\/18 ct Gelbgold gefertigt und garantiert eine au\u00dfergew\u00f6hnliche Qualit\u00e4t und Haltbarkeit. Sein schlichtes und klassisches Design macht ihn zur perfekten Wahl f\u00fcr alle, die dezenten, aber bedeutungsvollen Schmuck zu sch\u00e4tzen wissen. Dieses goldene Kreuz kann allein f\u00fcr einen minimalistischen Look oder in Kombination mit anderen St\u00fccken &#8230; <a title=\"Kreuz aus Gelbgold 750\/18 ct.\" class=\"read-more\" href=\"https:\/\/lediamant.ch\/de\/schmuck\/135509-kreuz-gelbgold-750-18-kt-1158031700001\/\" aria-label=\"Mehr Informationen \u00fcber Kreuz aus Gelbgold 750\/18 ct.\">Weiterlesen &#8230;<\/a><\/p>\n","protected":false},"featured_media":135507,"template":"","meta":{"_acf_changed":false,"_seopress_robots_primary_cat":"27372","_seopress_titles_title":"","_seopress_titles_desc":"Entdecken Sie unser elegantes Kreuz aus 18 Karat Gelbgold, ein raffiniertes Symbol des Glaubens und der Eleganz. Perfekt f\u00fcr ein besonderes Geschenk.","_seopress_robots_index":""},"brand":[27089],"product_brand":[],"product_cat":[27155,27363,27373,27121],"product_tag":[],"class_list":{"0":"post-135509","1":"product","2":"type-product","3":"status-publish","4":"has-post-thumbnail","6":"brand-gold-jewellery-de","7":"product_cat-anhanger","8":"product_cat-kreuz","9":"product_cat-religiose-anhanger","10":"product_cat-schmuck","11":"pa_dimensions-groesse-10-x-8-x-3-mm","12":"pa_garantie-12monate","13":"pa_genre-frau","14":"pa_genre-kind","15":"pa_genre-mann","16":"pa_matiere-75018ktgelbgold","17":"pa_motif-religion-de","18":"sales-flash-overlay","19":"woocommerce-text-align-center","20":"woocommerce-image-align-center","21":"do-quantity-buttons","23":"first","24":"instock","25":"taxable","26":"shipping-taxable","27":"purchasable","28":"product-type-simple"},"acf":[],"_links":{"self":[{"href":"https:\/\/lediamant.ch\/de\/wp-json\/wp\/v2\/product\/135509","targetHints":{"allow":["GET"]}}],"collection":[{"href":"https:\/\/lediamant.ch\/de\/wp-json\/wp\/v2\/product"}],"about":[{"href":"https:\/\/lediamant.ch\/de\/wp-json\/wp\/v2\/types\/product"}],"wp:featuredmedia":[{"embeddable":true,"href":"https:\/\/lediamant.ch\/de\/wp-json\/wp\/v2\/media\/135507"}],"wp:attachment":[{"href":"https:\/\/lediamant.ch\/de\/wp-json\/wp\/v2\/media?parent=135509"}],"wp:term":[{"taxonomy":"brand","embeddable":true,"href":"https:\/\/lediamant.ch\/de\/wp-json\/wp\/v2\/brand?post=135509"},{"taxonomy":"product_brand","embeddable":true,"href":"https:\/\/lediamant.ch\/de\/wp-json\/wp\/v2\/product_brand?post=135509"},{"taxonomy":"product_cat","embeddable":true,"href":"https:\/\/lediamant.ch\/de\/wp-json\/wp\/v2\/product_cat?post=135509"},{"taxonomy":"product_tag","embeddable":true,"href":"https:\/\/lediamant.ch\/de\/wp-json\/wp\/v2\/product_tag?post=135509"}],"curies":[{"name":"wp","href":"https:\/\/api.w.org\/{rel}","templated":true}]}}