{"id":135513,"date":"2020-03-17T07:50:22","date_gmt":"2020-03-17T06:50:22","guid":{"rendered":"https:\/\/lediamant.ch\/produit\/schmuck-de\/anhanger-de\/kreuz-de\/750-gold-kreuz-anhanger-32\/"},"modified":"2026-03-10T11:35:15","modified_gmt":"2026-03-10T10:35:15","slug":"pendentif-croix-or-750-34","status":"publish","type":"product","link":"https:\/\/lediamant.ch\/de\/schmuck\/135513-kreuz-gelbgold-750-18-kt-1-diamant-0-025-ct-h-si-1158033470001\/","title":{"rendered":"Kreuz aus Gelbgold 750\/18 ct. 1 Diamant. 0,025 ct. H si"},"content":{"rendered":"<p>Entdecken Sie unser wundersch\u00f6nes Kreuz aus 18 Karat Gelbgold, das fein bearbeitet und sanft poliert wurde, um einen unvergleichlichen Glanz zu erzeugen. Dieses St\u00fcck ist mit einem 0,025 Karat zertifizierten Diamanten der Qualit\u00e4t H-SI verziert, der einen Hauch von subtilem Glanz verleiht. Dies ist ein zeitloses Schmuckst\u00fcck, das Spiritualit\u00e4t und Eleganz vereint und sich perfekt als Geschenk oder zur Vervollst\u00e4ndigung Ihrer eigenen Sammlung eignet.  <\/p>\n","protected":false},"excerpt":{"rendered":"<p>Entdecken Sie unser wundersch\u00f6nes Kreuz aus 18 Karat Gelbgold, das fein bearbeitet und sanft poliert wurde, um einen unvergleichlichen Glanz zu erzeugen. Dieses St\u00fcck ist mit einem 0,025 Karat zertifizierten Diamanten der Qualit\u00e4t H-SI verziert, der einen Hauch von subtilem Glanz verleiht. Dies ist ein zeitloses Schmuckst\u00fcck, das Spiritualit\u00e4t und Eleganz vereint und sich perfekt &#8230; <a title=\"Kreuz aus Gelbgold 750\/18 ct. 1 Diamant. 0,025 ct. H si\" class=\"read-more\" href=\"https:\/\/lediamant.ch\/de\/schmuck\/135513-kreuz-gelbgold-750-18-kt-1-diamant-0-025-ct-h-si-1158033470001\/\" aria-label=\"Mehr Informationen \u00fcber Kreuz aus Gelbgold 750\/18 ct. 1 Diamant. 0,025 ct. H si\">Weiterlesen &#8230;<\/a><\/p>\n","protected":false},"featured_media":135511,"template":"","meta":{"_acf_changed":false,"_seopress_robots_primary_cat":"27372","_seopress_titles_title":"%%post_title%%","_seopress_titles_desc":"Entdecken Sie unser elegantes Kreuz aus 18 Karat Gelbgold mit einem Diamanten von 0,025 Karat, das sich perfekt f\u00fcr ein besonderes Geschenk oder zur Erweiterung Ihrer Sammlung eignet.","_seopress_robots_index":""},"brand":[27089],"product_brand":[],"product_cat":[27155,27363,27373,27121],"product_tag":[],"class_list":{"0":"post-135513","1":"product","2":"type-product","3":"status-publish","4":"has-post-thumbnail","6":"brand-gold-jewellery-de","7":"product_cat-anhanger","8":"product_cat-kreuz","9":"product_cat-religiose-anhanger","10":"product_cat-schmuck","11":"pa_dimensions-grose-16-x-11-x-3-mm","12":"pa_garantie-12monate","13":"pa_genre-kind","14":"pa_genre-mann","15":"pa_matiere-75018ktgelbgold","16":"pa_motif-religion-de","17":"pa_pierres-diamant-de","18":"sales-flash-overlay","19":"woocommerce-text-align-center","20":"woocommerce-image-align-center","21":"do-quantity-buttons","23":"first","24":"instock","25":"taxable","26":"shipping-taxable","27":"purchasable","28":"product-type-simple"},"acf":[],"_links":{"self":[{"href":"https:\/\/lediamant.ch\/de\/wp-json\/wp\/v2\/product\/135513","targetHints":{"allow":["GET"]}}],"collection":[{"href":"https:\/\/lediamant.ch\/de\/wp-json\/wp\/v2\/product"}],"about":[{"href":"https:\/\/lediamant.ch\/de\/wp-json\/wp\/v2\/types\/product"}],"wp:featuredmedia":[{"embeddable":true,"href":"https:\/\/lediamant.ch\/de\/wp-json\/wp\/v2\/media\/135511"}],"wp:attachment":[{"href":"https:\/\/lediamant.ch\/de\/wp-json\/wp\/v2\/media?parent=135513"}],"wp:term":[{"taxonomy":"brand","embeddable":true,"href":"https:\/\/lediamant.ch\/de\/wp-json\/wp\/v2\/brand?post=135513"},{"taxonomy":"product_brand","embeddable":true,"href":"https:\/\/lediamant.ch\/de\/wp-json\/wp\/v2\/product_brand?post=135513"},{"taxonomy":"product_cat","embeddable":true,"href":"https:\/\/lediamant.ch\/de\/wp-json\/wp\/v2\/product_cat?post=135513"},{"taxonomy":"product_tag","embeddable":true,"href":"https:\/\/lediamant.ch\/de\/wp-json\/wp\/v2\/product_tag?post=135513"}],"curies":[{"name":"wp","href":"https:\/\/api.w.org\/{rel}","templated":true}]}}