{"id":135521,"date":"2020-03-17T07:50:34","date_gmt":"2020-03-17T06:50:34","guid":{"rendered":"https:\/\/lediamant.ch\/produit\/schmuck-de\/anhanger-de\/kreuz-de\/750-gold-kreuz-anhanger-34\/"},"modified":"2026-03-10T11:35:17","modified_gmt":"2026-03-10T10:35:17","slug":"pendentif-croix-or-750-36","status":"publish","type":"product","link":"https:\/\/lediamant.ch\/de\/schmuck\/135521-kreuz-gelbgold-750-18-kt-1158033460001\/","title":{"rendered":"Kreuz aus Gelbgold 750\/18 ct."},"content":{"rendered":"<p>Dieser wundersch\u00f6ne Anh\u00e4nger in Form eines Kreuzes ist ein wahres Symbol f\u00fcr Eleganz und Glauben. Er ist aus 750\/18ct Gelbgold gefertigt und hat einen weichen, warmen Glanz, der sofort ins Auge f\u00e4llt. Das einfache und schlichte Design dieses Kreuzes macht es zur perfekten Wahl f\u00fcr alle, die minimalistischen Schmuck bevorzugen. Ob Sie ihn nun verschenken oder Ihrer eigenen Sammlung hinzuf\u00fcgen m\u00f6chten, dieser Gelbgoldanh\u00e4nger ist eine zeitlose Wahl, die garantiert beeindrucken wird.   <\/p>\n","protected":false},"excerpt":{"rendered":"<p>Dieser wundersch\u00f6ne Anh\u00e4nger in Form eines Kreuzes ist ein wahres Symbol f\u00fcr Eleganz und Glauben. Er ist aus 750\/18ct Gelbgold gefertigt und hat einen weichen, warmen Glanz, der sofort ins Auge f\u00e4llt. Das einfache und schlichte Design dieses Kreuzes macht es zur perfekten Wahl f\u00fcr alle, die minimalistischen Schmuck bevorzugen. Ob Sie ihn nun verschenken &#8230; <a title=\"Kreuz aus Gelbgold 750\/18 ct.\" class=\"read-more\" href=\"https:\/\/lediamant.ch\/de\/schmuck\/135521-kreuz-gelbgold-750-18-kt-1158033460001\/\" aria-label=\"Mehr Informationen \u00fcber Kreuz aus Gelbgold 750\/18 ct.\">Weiterlesen &#8230;<\/a><\/p>\n","protected":false},"featured_media":135519,"template":"","meta":{"_acf_changed":false,"_seopress_robots_primary_cat":"27372","_seopress_titles_title":"","_seopress_titles_desc":"Entdecken Sie unser elegantes Kreuz aus 18 Karat Gelbgold, ein klassisches und zeitloses St\u00fcck. Perfekt f\u00fcr ein besonderes Geschenk.","_seopress_robots_index":""},"brand":[27089],"product_brand":[],"product_cat":[27155,27363,27373,27121],"product_tag":[],"class_list":{"0":"post-135521","1":"product","2":"type-product","3":"status-publish","4":"has-post-thumbnail","6":"brand-gold-jewellery-de","7":"product_cat-anhanger","8":"product_cat-kreuz","9":"product_cat-religiose-anhanger","10":"product_cat-schmuck","11":"pa_dimensions-grose-15-x-10-x-3-5-mm","12":"pa_garantie-12monate","13":"pa_genre-frau","14":"pa_genre-kind","15":"pa_genre-mann","16":"pa_matiere-75018ktgelbgold","17":"pa_motif-religion-de","18":"sales-flash-overlay","19":"woocommerce-text-align-center","20":"woocommerce-image-align-center","21":"do-quantity-buttons","23":"first","24":"instock","25":"taxable","26":"shipping-taxable","27":"purchasable","28":"product-type-simple"},"acf":[],"_links":{"self":[{"href":"https:\/\/lediamant.ch\/de\/wp-json\/wp\/v2\/product\/135521","targetHints":{"allow":["GET"]}}],"collection":[{"href":"https:\/\/lediamant.ch\/de\/wp-json\/wp\/v2\/product"}],"about":[{"href":"https:\/\/lediamant.ch\/de\/wp-json\/wp\/v2\/types\/product"}],"wp:featuredmedia":[{"embeddable":true,"href":"https:\/\/lediamant.ch\/de\/wp-json\/wp\/v2\/media\/135519"}],"wp:attachment":[{"href":"https:\/\/lediamant.ch\/de\/wp-json\/wp\/v2\/media?parent=135521"}],"wp:term":[{"taxonomy":"brand","embeddable":true,"href":"https:\/\/lediamant.ch\/de\/wp-json\/wp\/v2\/brand?post=135521"},{"taxonomy":"product_brand","embeddable":true,"href":"https:\/\/lediamant.ch\/de\/wp-json\/wp\/v2\/product_brand?post=135521"},{"taxonomy":"product_cat","embeddable":true,"href":"https:\/\/lediamant.ch\/de\/wp-json\/wp\/v2\/product_cat?post=135521"},{"taxonomy":"product_tag","embeddable":true,"href":"https:\/\/lediamant.ch\/de\/wp-json\/wp\/v2\/product_tag?post=135521"}],"curies":[{"name":"wp","href":"https:\/\/api.w.org\/{rel}","templated":true}]}}