{"id":135541,"date":"2020-03-17T07:50:46","date_gmt":"2020-03-17T06:50:46","guid":{"rendered":"https:\/\/lediamant.ch\/produit\/schmuck-de\/anhanger-de\/kreuz-de\/750-gold-kreuz-anhanger-39\/"},"modified":"2026-03-07T16:00:32","modified_gmt":"2026-03-07T15:00:32","slug":"pendentif-croix-or-750-41","status":"publish","type":"product","link":"https:\/\/lediamant.ch\/de\/schmuck\/135541-kreuz-weissgold-750-18-kt-1258026420001\/","title":{"rendered":"Kreuz aus Wei\u00dfgold 750\/18 ct."},"content":{"rendered":"<p>Dieser Artikel ist ein elegantes Kreuz aus Wei\u00dfgold 750\/18 ct, ein zeitloses Symbol des Glaubens und der Hingabe. Dieses Kreuz wurde mit au\u00dfergew\u00f6hnlicher Handwerkskunst gefertigt und strahlt einen subtilen Glanz aus, was es zur perfekten Wahl f\u00fcr alle macht, die eine diskrete Raffinesse sch\u00e4tzen. Seine schlichte \u00c4sthetik macht es zu einem vielseitigen Schmuckst\u00fcck, das zu jeder Gelegenheit getragen werden kann. Es ist ein wundersch\u00f6nes und bedeutungsvolles Geschenk f\u00fcr Sie selbst oder einen geliebten Menschen.   <\/p>\n","protected":false},"excerpt":{"rendered":"<p>Dieser Artikel ist ein elegantes Kreuz aus Wei\u00dfgold 750\/18 ct, ein zeitloses Symbol des Glaubens und der Hingabe. Dieses Kreuz wurde mit au\u00dfergew\u00f6hnlicher Handwerkskunst gefertigt und strahlt einen subtilen Glanz aus, was es zur perfekten Wahl f\u00fcr alle macht, die eine diskrete Raffinesse sch\u00e4tzen. Seine schlichte \u00c4sthetik macht es zu einem vielseitigen Schmuckst\u00fcck, das zu &#8230; <a title=\"Kreuz aus Wei\u00dfgold 750\/18 ct.\" class=\"read-more\" href=\"https:\/\/lediamant.ch\/de\/schmuck\/135541-kreuz-weissgold-750-18-kt-1258026420001\/\" aria-label=\"Mehr Informationen \u00fcber Kreuz aus Wei\u00dfgold 750\/18 ct.\">Weiterlesen &#8230;<\/a><\/p>\n","protected":false},"featured_media":135539,"template":"","meta":{"_acf_changed":false,"_seopress_robots_primary_cat":"27372","_seopress_titles_title":"","_seopress_titles_desc":"Entdecken Sie das Kreuz aus 18 Karat Wei\u00dfgold 750 bei Le Diamant.ch. Klassische und raffinierte Eleganz f\u00fcr jeden Anlass.  Besuchen Sie uns jetzt!","_seopress_robots_index":""},"brand":[27089],"product_brand":[],"product_cat":[27155,27363,27373,27121],"product_tag":[],"class_list":{"0":"post-135541","1":"product","2":"type-product","3":"status-publish","4":"has-post-thumbnail","6":"brand-gold-jewellery-de","7":"product_cat-anhanger","8":"product_cat-kreuz","9":"product_cat-religiose-anhanger","10":"product_cat-schmuck","11":"pa_dimensions-grose-12-x-9-x-3-mm","12":"pa_garantie-12monate","13":"pa_genre-frau","14":"pa_genre-kind","15":"pa_genre-mann","16":"pa_matiere-75018ktweissgold","17":"pa_motif-religion-de","18":"sales-flash-overlay","19":"woocommerce-text-align-center","20":"woocommerce-image-align-center","21":"do-quantity-buttons","23":"first","24":"instock","25":"taxable","26":"shipping-taxable","27":"purchasable","28":"product-type-simple"},"acf":[],"_links":{"self":[{"href":"https:\/\/lediamant.ch\/de\/wp-json\/wp\/v2\/product\/135541","targetHints":{"allow":["GET"]}}],"collection":[{"href":"https:\/\/lediamant.ch\/de\/wp-json\/wp\/v2\/product"}],"about":[{"href":"https:\/\/lediamant.ch\/de\/wp-json\/wp\/v2\/types\/product"}],"wp:featuredmedia":[{"embeddable":true,"href":"https:\/\/lediamant.ch\/de\/wp-json\/wp\/v2\/media\/135539"}],"wp:attachment":[{"href":"https:\/\/lediamant.ch\/de\/wp-json\/wp\/v2\/media?parent=135541"}],"wp:term":[{"taxonomy":"brand","embeddable":true,"href":"https:\/\/lediamant.ch\/de\/wp-json\/wp\/v2\/brand?post=135541"},{"taxonomy":"product_brand","embeddable":true,"href":"https:\/\/lediamant.ch\/de\/wp-json\/wp\/v2\/product_brand?post=135541"},{"taxonomy":"product_cat","embeddable":true,"href":"https:\/\/lediamant.ch\/de\/wp-json\/wp\/v2\/product_cat?post=135541"},{"taxonomy":"product_tag","embeddable":true,"href":"https:\/\/lediamant.ch\/de\/wp-json\/wp\/v2\/product_tag?post=135541"}],"curies":[{"name":"wp","href":"https:\/\/api.w.org\/{rel}","templated":true}]}}