{"id":135545,"date":"2020-03-17T07:50:46","date_gmt":"2020-03-17T06:50:46","guid":{"rendered":"https:\/\/lediamant.ch\/produit\/schmuck-de\/anhanger-de\/kreuz-de\/750-gold-kreuz-anhanger-40\/"},"modified":"2026-03-07T16:00:29","modified_gmt":"2026-03-07T15:00:29","slug":"pendentif-croix-or-750-42","status":"publish","type":"product","link":"https:\/\/lediamant.ch\/de\/schmuck\/135545-kreuz-weissgold-750-18-kt-1258022610002\/","title":{"rendered":"Kreuz aus Wei\u00dfgold 750\/18 ct."},"content":{"rendered":"<p>Entdecken Sie unser elegantes Kreuz aus 750\/18 ct Wei\u00dfgold. Dieses fein gearbeitete Schmuckst\u00fcck ist ein Symbol des Glaubens und der Eleganz und kann jeden Tag oder zu besonderen Anl\u00e4ssen getragen werden. Sein klares und modernes Design macht ihn zur perfekten Wahl f\u00fcr alle, die ihren Glauben stilvoll zum Ausdruck bringen m\u00f6chten. Dieses aus Wei\u00dfgold gefertigte Kreuz ist nicht nur ein religi\u00f6ses Symbol.   <\/p>\n","protected":false},"excerpt":{"rendered":"<p>Entdecken Sie unser elegantes Kreuz aus 750\/18 ct Wei\u00dfgold. Dieses fein gearbeitete Schmuckst\u00fcck ist ein Symbol des Glaubens und der Eleganz und kann jeden Tag oder zu besonderen Anl\u00e4ssen getragen werden. Sein klares und modernes Design macht ihn zur perfekten Wahl f\u00fcr alle, die ihren Glauben stilvoll zum Ausdruck bringen m\u00f6chten. Dieses aus Wei\u00dfgold gefertigte &#8230; <a title=\"Kreuz aus Wei\u00dfgold 750\/18 ct.\" class=\"read-more\" href=\"https:\/\/lediamant.ch\/de\/schmuck\/135545-kreuz-weissgold-750-18-kt-1258022610002\/\" aria-label=\"Mehr Informationen \u00fcber Kreuz aus Wei\u00dfgold 750\/18 ct.\">Weiterlesen &#8230;<\/a><\/p>\n","protected":false},"featured_media":135543,"template":"","meta":{"_acf_changed":false,"_seopress_robots_primary_cat":"27372","_seopress_titles_title":"","_seopress_titles_desc":"Entdecken Sie unser Kreuz aus Wei\u00dfgold 750\/18 ct, ein elegantes Symbol des Glaubens f\u00fcr den Alltag oder besondere Anl\u00e4sse. Bringen Sie Ihren Glauben stilvoll zum Ausdruck. ","_seopress_robots_index":""},"brand":[27089],"product_brand":[],"product_cat":[27155,27363,27373,27121],"product_tag":[],"class_list":{"0":"post-135545","1":"product","2":"type-product","3":"status-publish","4":"has-post-thumbnail","6":"brand-gold-jewellery-de","7":"product_cat-anhanger","8":"product_cat-kreuz","9":"product_cat-religiose-anhanger","10":"product_cat-schmuck","11":"pa_dimensions-15-5-x-11-5-x-4-mm","12":"pa_garantie-12monate","13":"pa_genre-frau","14":"pa_genre-kind","15":"pa_genre-mann","16":"pa_matiere-75018ktweissgold","17":"pa_motif-religion-de","18":"sales-flash-overlay","19":"woocommerce-text-align-center","20":"woocommerce-image-align-center","21":"do-quantity-buttons","23":"first","24":"instock","25":"taxable","26":"shipping-taxable","27":"purchasable","28":"product-type-simple"},"acf":[],"_links":{"self":[{"href":"https:\/\/lediamant.ch\/de\/wp-json\/wp\/v2\/product\/135545","targetHints":{"allow":["GET"]}}],"collection":[{"href":"https:\/\/lediamant.ch\/de\/wp-json\/wp\/v2\/product"}],"about":[{"href":"https:\/\/lediamant.ch\/de\/wp-json\/wp\/v2\/types\/product"}],"wp:featuredmedia":[{"embeddable":true,"href":"https:\/\/lediamant.ch\/de\/wp-json\/wp\/v2\/media\/135543"}],"wp:attachment":[{"href":"https:\/\/lediamant.ch\/de\/wp-json\/wp\/v2\/media?parent=135545"}],"wp:term":[{"taxonomy":"brand","embeddable":true,"href":"https:\/\/lediamant.ch\/de\/wp-json\/wp\/v2\/brand?post=135545"},{"taxonomy":"product_brand","embeddable":true,"href":"https:\/\/lediamant.ch\/de\/wp-json\/wp\/v2\/product_brand?post=135545"},{"taxonomy":"product_cat","embeddable":true,"href":"https:\/\/lediamant.ch\/de\/wp-json\/wp\/v2\/product_cat?post=135545"},{"taxonomy":"product_tag","embeddable":true,"href":"https:\/\/lediamant.ch\/de\/wp-json\/wp\/v2\/product_tag?post=135545"}],"curies":[{"name":"wp","href":"https:\/\/api.w.org\/{rel}","templated":true}]}}