{"id":135553,"date":"2020-03-17T07:50:46","date_gmt":"2020-03-17T06:50:46","guid":{"rendered":"https:\/\/lediamant.ch\/produit\/schmuck-de\/anhanger-de\/kreuz-de\/750-gold-kreuz-anhanger-42\/"},"modified":"2026-03-10T11:35:08","modified_gmt":"2026-03-10T10:35:08","slug":"pendentif-croix-or-750-44","status":"publish","type":"product","link":"https:\/\/lediamant.ch\/de\/schmuck\/135553-kreuz-weissgold-750-18-ct-1258027170001\/","title":{"rendered":"Kreuz aus Wei\u00dfgold 750\/18 ct."},"content":{"rendered":"<p>Dieser Artikel ist ein zartes Kreuz aus 750er Wei\u00dfgold (18 Karat), das Eleganz und Spiritualit\u00e4t vereint. Mit viel Liebe zum Detail gefertigt, zeichnet sich dieses St\u00fcck durch seinen Glanz und seine Raffinesse aus. Das Kreuz aus Wei\u00dfgold ist ein starkes Symbol, das t\u00e4glich oder zu besonderen Anl\u00e4ssen getragen werden kann. Es ist auch ein wertvolles Geschenk f\u00fcr einen geliebten Menschen.   <\/p>\n","protected":false},"excerpt":{"rendered":"<p>Dieser Artikel ist ein zartes Kreuz aus 750er Wei\u00dfgold (18 Karat), das Eleganz und Spiritualit\u00e4t vereint. Mit viel Liebe zum Detail gefertigt, zeichnet sich dieses St\u00fcck durch seinen Glanz und seine Raffinesse aus. Das Kreuz aus Wei\u00dfgold ist ein starkes Symbol, das t\u00e4glich oder zu besonderen Anl\u00e4ssen getragen werden kann. Es ist auch ein wertvolles &#8230; <a title=\"Kreuz aus Wei\u00dfgold 750\/18 ct.\" class=\"read-more\" href=\"https:\/\/lediamant.ch\/de\/schmuck\/135553-kreuz-weissgold-750-18-ct-1258027170001\/\" aria-label=\"Mehr Informationen \u00fcber Kreuz aus Wei\u00dfgold 750\/18 ct.\">Weiterlesen &#8230;<\/a><\/p>\n","protected":false},"featured_media":135551,"template":"","meta":{"_acf_changed":false,"_seopress_robots_primary_cat":"27372","_seopress_titles_title":"","_seopress_titles_desc":"Entdecken Sie unser elegantes Kreuz aus 18 Karat Wei\u00dfgold, ein raffiniertes Schmuckst\u00fcck f\u00fcr einen Hauch von Anmut. Perfekt als Geschenk oder f\u00fcr sich selbst.  Besuchen Sie uns jetzt!","_seopress_robots_index":""},"brand":[27089],"product_brand":[],"product_cat":[27155,27363,27373,27121],"product_tag":[],"class_list":{"0":"post-135553","1":"product","2":"type-product","3":"status-publish","4":"has-post-thumbnail","6":"brand-gold-jewellery-de","7":"product_cat-anhanger","8":"product_cat-kreuz","9":"product_cat-religiose-anhanger","10":"product_cat-schmuck","11":"pa_dimensions-grose-21-x-14-x-3-5-mm","12":"pa_garantie-12monate","13":"pa_genre-frau","14":"pa_genre-kind","15":"pa_genre-mann","16":"pa_matiere-75018ktweissgold","17":"pa_motif-religion-de","18":"sales-flash-overlay","19":"woocommerce-text-align-center","20":"woocommerce-image-align-center","21":"do-quantity-buttons","23":"first","24":"outofstock","25":"taxable","26":"shipping-taxable","27":"purchasable","28":"product-type-simple"},"acf":[],"_links":{"self":[{"href":"https:\/\/lediamant.ch\/de\/wp-json\/wp\/v2\/product\/135553","targetHints":{"allow":["GET"]}}],"collection":[{"href":"https:\/\/lediamant.ch\/de\/wp-json\/wp\/v2\/product"}],"about":[{"href":"https:\/\/lediamant.ch\/de\/wp-json\/wp\/v2\/types\/product"}],"wp:featuredmedia":[{"embeddable":true,"href":"https:\/\/lediamant.ch\/de\/wp-json\/wp\/v2\/media\/135551"}],"wp:attachment":[{"href":"https:\/\/lediamant.ch\/de\/wp-json\/wp\/v2\/media?parent=135553"}],"wp:term":[{"taxonomy":"brand","embeddable":true,"href":"https:\/\/lediamant.ch\/de\/wp-json\/wp\/v2\/brand?post=135553"},{"taxonomy":"product_brand","embeddable":true,"href":"https:\/\/lediamant.ch\/de\/wp-json\/wp\/v2\/product_brand?post=135553"},{"taxonomy":"product_cat","embeddable":true,"href":"https:\/\/lediamant.ch\/de\/wp-json\/wp\/v2\/product_cat?post=135553"},{"taxonomy":"product_tag","embeddable":true,"href":"https:\/\/lediamant.ch\/de\/wp-json\/wp\/v2\/product_tag?post=135553"}],"curies":[{"name":"wp","href":"https:\/\/api.w.org\/{rel}","templated":true}]}}