{"id":135557,"date":"2020-03-17T07:50:57","date_gmt":"2020-03-17T06:50:57","guid":{"rendered":"https:\/\/lediamant.ch\/produit\/schmuck-de\/anhanger-de\/kreuz-de\/750-gold-kreuz-anhanger-43\/"},"modified":"2026-03-07T16:00:34","modified_gmt":"2026-03-07T15:00:34","slug":"pendentif-croix-or-750-45","status":"publish","type":"product","link":"https:\/\/lediamant.ch\/de\/schmuck\/135557-kreuz-weissgold-750-18-kt-125802421\/0001\/","title":{"rendered":"Kreuz aus Wei\u00dfgold 750\/18 ct."},"content":{"rendered":"<p>Dieser elegante Anh\u00e4nger in Form eines Kreuzes ist aus 750\/18 ct Wei\u00dfgold gefertigt und verspricht Ihnen einen au\u00dfergew\u00f6hnlichen Glanz und eine lange Lebensdauer. Sein minimalistisches und zeitloses Design ist ideal f\u00fcr diejenigen, die nach einem diskreten und doch kraftvollen Ausdruck ihres Glaubens suchen. Er kann einzeln f\u00fcr einen schlichten Look getragen oder mit anderen St\u00fccken f\u00fcr einen Layering-Effekt kombiniert werden. Eine perfekte Wahl f\u00fcr ein bedeutungsvolles Geschenk oder um Ihrer pers\u00f6nlichen Sammlung einen Hauch von Raffinesse zu verleihen.   <\/p>\n","protected":false},"excerpt":{"rendered":"<p>Dieser elegante Anh\u00e4nger in Form eines Kreuzes ist aus 750\/18 ct Wei\u00dfgold gefertigt und verspricht Ihnen einen au\u00dfergew\u00f6hnlichen Glanz und eine lange Lebensdauer. Sein minimalistisches und zeitloses Design ist ideal f\u00fcr diejenigen, die nach einem diskreten und doch kraftvollen Ausdruck ihres Glaubens suchen. Er kann einzeln f\u00fcr einen schlichten Look getragen oder mit anderen St\u00fccken &#8230; <a title=\"Kreuz aus Wei\u00dfgold 750\/18 ct.\" class=\"read-more\" href=\"https:\/\/lediamant.ch\/de\/schmuck\/135557-kreuz-weissgold-750-18-kt-125802421\/0001\/\" aria-label=\"Mehr Informationen \u00fcber Kreuz aus Wei\u00dfgold 750\/18 ct.\">Weiterlesen &#8230;<\/a><\/p>\n","protected":false},"featured_media":135555,"template":"","meta":{"_acf_changed":false,"_seopress_robots_primary_cat":"27372","_seopress_titles_title":"","_seopress_titles_desc":"Entdecken Sie den zeitlosen Charme unseres Kreuzanh\u00e4ngers aus 750\/18 ct Wei\u00dfgold. Ideal f\u00fcr eine diskrete Eleganz und einen starken Glauben. ","_seopress_robots_index":""},"brand":[27089],"product_brand":[],"product_cat":[27155,27363,27373,27121],"product_tag":[],"class_list":{"0":"post-135557","1":"product","2":"type-product","3":"status-publish","4":"has-post-thumbnail","6":"brand-gold-jewellery-de","7":"product_cat-anhanger","8":"product_cat-kreuz","9":"product_cat-religiose-anhanger","10":"product_cat-schmuck","11":"pa_dimensions-grose-18-x-12-x-2-mm","12":"pa_garantie-12monate","13":"pa_genre-frau","14":"pa_genre-kind","15":"pa_genre-mann","16":"pa_matiere-75018ktweissgold","17":"pa_motif-religion-de","18":"sales-flash-overlay","19":"woocommerce-text-align-center","20":"woocommerce-image-align-center","21":"do-quantity-buttons","23":"first","24":"instock","25":"taxable","26":"shipping-taxable","27":"purchasable","28":"product-type-simple"},"acf":[],"_links":{"self":[{"href":"https:\/\/lediamant.ch\/de\/wp-json\/wp\/v2\/product\/135557","targetHints":{"allow":["GET"]}}],"collection":[{"href":"https:\/\/lediamant.ch\/de\/wp-json\/wp\/v2\/product"}],"about":[{"href":"https:\/\/lediamant.ch\/de\/wp-json\/wp\/v2\/types\/product"}],"wp:featuredmedia":[{"embeddable":true,"href":"https:\/\/lediamant.ch\/de\/wp-json\/wp\/v2\/media\/135555"}],"wp:attachment":[{"href":"https:\/\/lediamant.ch\/de\/wp-json\/wp\/v2\/media?parent=135557"}],"wp:term":[{"taxonomy":"brand","embeddable":true,"href":"https:\/\/lediamant.ch\/de\/wp-json\/wp\/v2\/brand?post=135557"},{"taxonomy":"product_brand","embeddable":true,"href":"https:\/\/lediamant.ch\/de\/wp-json\/wp\/v2\/product_brand?post=135557"},{"taxonomy":"product_cat","embeddable":true,"href":"https:\/\/lediamant.ch\/de\/wp-json\/wp\/v2\/product_cat?post=135557"},{"taxonomy":"product_tag","embeddable":true,"href":"https:\/\/lediamant.ch\/de\/wp-json\/wp\/v2\/product_tag?post=135557"}],"curies":[{"name":"wp","href":"https:\/\/api.w.org\/{rel}","templated":true}]}}