{"id":135561,"date":"2020-03-17T07:50:57","date_gmt":"2020-03-17T06:50:57","guid":{"rendered":"https:\/\/lediamant.ch\/produit\/schmuck-de\/anhanger-de\/kreuz-de\/750-gold-kreuz-anhanger-44\/"},"modified":"2026-03-07T16:00:32","modified_gmt":"2026-03-07T15:00:32","slug":"pendentif-croix-or-750-46","status":"publish","type":"product","link":"https:\/\/lediamant.ch\/de\/schmuck\/135561-kreuz-aus-weissgold-750-18-kt-1258023640001\/","title":{"rendered":"Kreuz aus Wei\u00dfgold 750\/18 ct."},"content":{"rendered":"<p>Dieser wundersch\u00f6ne Kreuzanh\u00e4nger ist aus feinstem 750\/18 ct Wei\u00dfgold gefertigt, was eine au\u00dfergew\u00f6hnliche Qualit\u00e4t und Haltbarkeit gew\u00e4hrleistet. Sein einfaches aber elegantes Design ist von zeitloser Sch\u00f6nheit und macht ihn zur perfekten Wahl f\u00fcr ein bedeutungsvolles Geschenk oder eine wertvolle Erg\u00e4nzung Ihrer eigenen Schmuckkollektion. Das Kreuz ist 18 mm hoch und 9 mm breit, was es zart genug macht, um es im Alltag zu tragen.  <\/p>\n","protected":false},"excerpt":{"rendered":"<p>Dieser wundersch\u00f6ne Kreuzanh\u00e4nger ist aus feinstem 750\/18 ct Wei\u00dfgold gefertigt, was eine au\u00dfergew\u00f6hnliche Qualit\u00e4t und Haltbarkeit gew\u00e4hrleistet. Sein einfaches aber elegantes Design ist von zeitloser Sch\u00f6nheit und macht ihn zur perfekten Wahl f\u00fcr ein bedeutungsvolles Geschenk oder eine wertvolle Erg\u00e4nzung Ihrer eigenen Schmuckkollektion. Das Kreuz ist 18 mm hoch und 9 mm breit, was es &#8230; <a title=\"Kreuz aus Wei\u00dfgold 750\/18 ct.\" class=\"read-more\" href=\"https:\/\/lediamant.ch\/de\/schmuck\/135561-kreuz-aus-weissgold-750-18-kt-1258023640001\/\" aria-label=\"Mehr Informationen \u00fcber Kreuz aus Wei\u00dfgold 750\/18 ct.\">Weiterlesen &#8230;<\/a><\/p>\n","protected":false},"featured_media":135559,"template":"","meta":{"_acf_changed":false,"_seopress_robots_primary_cat":"27372","_seopress_titles_title":"","_seopress_titles_desc":"","_seopress_robots_index":""},"brand":[27089],"product_brand":[],"product_cat":[27121,27155,27363,27373],"product_tag":[],"class_list":{"0":"post-135561","1":"product","2":"type-product","3":"status-publish","4":"has-post-thumbnail","6":"brand-gold-jewellery-de","7":"product_cat-schmuck","8":"product_cat-anhanger","9":"product_cat-kreuz","10":"product_cat-religiose-anhanger","11":"pa_dimensions-grose-24-x-14-x-3-mm","12":"pa_garantie-12monate","13":"pa_genre-frau","14":"pa_genre-kind","15":"pa_genre-mann","16":"pa_matiere-75018ktweissgold","17":"pa_motif-religion-de","18":"sales-flash-overlay","19":"woocommerce-text-align-center","20":"woocommerce-image-align-center","21":"do-quantity-buttons","23":"first","24":"instock","25":"taxable","26":"shipping-taxable","27":"purchasable","28":"product-type-simple"},"acf":[],"_links":{"self":[{"href":"https:\/\/lediamant.ch\/de\/wp-json\/wp\/v2\/product\/135561","targetHints":{"allow":["GET"]}}],"collection":[{"href":"https:\/\/lediamant.ch\/de\/wp-json\/wp\/v2\/product"}],"about":[{"href":"https:\/\/lediamant.ch\/de\/wp-json\/wp\/v2\/types\/product"}],"wp:featuredmedia":[{"embeddable":true,"href":"https:\/\/lediamant.ch\/de\/wp-json\/wp\/v2\/media\/135559"}],"wp:attachment":[{"href":"https:\/\/lediamant.ch\/de\/wp-json\/wp\/v2\/media?parent=135561"}],"wp:term":[{"taxonomy":"brand","embeddable":true,"href":"https:\/\/lediamant.ch\/de\/wp-json\/wp\/v2\/brand?post=135561"},{"taxonomy":"product_brand","embeddable":true,"href":"https:\/\/lediamant.ch\/de\/wp-json\/wp\/v2\/product_brand?post=135561"},{"taxonomy":"product_cat","embeddable":true,"href":"https:\/\/lediamant.ch\/de\/wp-json\/wp\/v2\/product_cat?post=135561"},{"taxonomy":"product_tag","embeddable":true,"href":"https:\/\/lediamant.ch\/de\/wp-json\/wp\/v2\/product_tag?post=135561"}],"curies":[{"name":"wp","href":"https:\/\/api.w.org\/{rel}","templated":true}]}}