{"id":135573,"date":"2020-03-17T07:50:57","date_gmt":"2020-03-17T06:50:57","guid":{"rendered":"https:\/\/lediamant.ch\/produit\/schmuck-de\/anhanger-de\/kreuz-de\/750-gold-kreuz-anhanger-47\/"},"modified":"2026-03-07T16:01:08","modified_gmt":"2026-03-07T15:01:08","slug":"pendentif-croix-or-750-49","status":"publish","type":"product","link":"https:\/\/lediamant.ch\/de\/schmuck\/135573-kreuz-weissgold-750-18-kt-125802862\/0001\/","title":{"rendered":"Kreuz aus Wei\u00dfgold 750\/18 ct."},"content":{"rendered":"<p>Entdecken Sie dieses zarte Kreuz aus 750er Wei\u00dfgold (18 Karat), ein Symbol des Glaubens und der zeitlosen Eleganz. Dieses feine Schmuckst\u00fcck wurde mit akribischer Pr\u00e4zision gefertigt und unterstreicht die nat\u00fcrliche Sch\u00f6nheit von hochwertigem Wei\u00dfgold. Sein einfaches, aber anspruchsvolles Design macht es zu einer perfekten Wahl f\u00fcr den t\u00e4glichen Gebrauch oder f\u00fcr besondere Anl\u00e4sse. Es ist auch ein bedeutungsvolles Geschenk f\u00fcr Sie selbst oder einen geliebten Menschen.   <\/p>\n","protected":false},"excerpt":{"rendered":"<p>Entdecken Sie dieses zarte Kreuz aus 750er Wei\u00dfgold (18 Karat), ein Symbol des Glaubens und der zeitlosen Eleganz. Dieses feine Schmuckst\u00fcck wurde mit akribischer Pr\u00e4zision gefertigt und unterstreicht die nat\u00fcrliche Sch\u00f6nheit von hochwertigem Wei\u00dfgold. Sein einfaches, aber anspruchsvolles Design macht es zu einer perfekten Wahl f\u00fcr den t\u00e4glichen Gebrauch oder f\u00fcr besondere Anl\u00e4sse. Es ist &#8230; <a title=\"Kreuz aus Wei\u00dfgold 750\/18 ct.\" class=\"read-more\" href=\"https:\/\/lediamant.ch\/de\/schmuck\/135573-kreuz-weissgold-750-18-kt-125802862\/0001\/\" aria-label=\"Mehr Informationen \u00fcber Kreuz aus Wei\u00dfgold 750\/18 ct.\">Weiterlesen &#8230;<\/a><\/p>\n","protected":false},"featured_media":135571,"template":"","meta":{"_acf_changed":false,"_seopress_robots_primary_cat":"27372","_seopress_titles_title":"","_seopress_titles_desc":"Entdecken Sie unser Kreuz aus 18 Karat Wei\u00dfgold, ein Symbol f\u00fcr zeitlose Eleganz, perfekt f\u00fcr den Alltag oder ein besonderes Geschenk.","_seopress_robots_index":""},"brand":[27089],"product_brand":[],"product_cat":[27155,27363,27373,27121],"product_tag":[],"class_list":{"0":"post-135573","1":"product","2":"type-product","3":"status-publish","4":"has-post-thumbnail","6":"brand-gold-jewellery-de","7":"product_cat-anhanger","8":"product_cat-kreuz","9":"product_cat-religiose-anhanger","10":"product_cat-schmuck","11":"pa_dimensions-grose-19-x-12-mm","12":"pa_garantie-12monate","13":"pa_genre-frau","14":"pa_genre-kind","15":"pa_genre-mann","16":"pa_matiere-75018ktweissgold","17":"pa_motif-religion-de","18":"sales-flash-overlay","19":"woocommerce-text-align-center","20":"woocommerce-image-align-center","21":"do-quantity-buttons","23":"first","24":"instock","25":"taxable","26":"shipping-taxable","27":"purchasable","28":"product-type-simple"},"acf":[],"_links":{"self":[{"href":"https:\/\/lediamant.ch\/de\/wp-json\/wp\/v2\/product\/135573","targetHints":{"allow":["GET"]}}],"collection":[{"href":"https:\/\/lediamant.ch\/de\/wp-json\/wp\/v2\/product"}],"about":[{"href":"https:\/\/lediamant.ch\/de\/wp-json\/wp\/v2\/types\/product"}],"wp:featuredmedia":[{"embeddable":true,"href":"https:\/\/lediamant.ch\/de\/wp-json\/wp\/v2\/media\/135571"}],"wp:attachment":[{"href":"https:\/\/lediamant.ch\/de\/wp-json\/wp\/v2\/media?parent=135573"}],"wp:term":[{"taxonomy":"brand","embeddable":true,"href":"https:\/\/lediamant.ch\/de\/wp-json\/wp\/v2\/brand?post=135573"},{"taxonomy":"product_brand","embeddable":true,"href":"https:\/\/lediamant.ch\/de\/wp-json\/wp\/v2\/product_brand?post=135573"},{"taxonomy":"product_cat","embeddable":true,"href":"https:\/\/lediamant.ch\/de\/wp-json\/wp\/v2\/product_cat?post=135573"},{"taxonomy":"product_tag","embeddable":true,"href":"https:\/\/lediamant.ch\/de\/wp-json\/wp\/v2\/product_tag?post=135573"}],"curies":[{"name":"wp","href":"https:\/\/api.w.org\/{rel}","templated":true}]}}