{"id":135577,"date":"2020-03-17T07:51:08","date_gmt":"2020-03-17T06:51:08","guid":{"rendered":"https:\/\/lediamant.ch\/produit\/schmuck-de\/anhanger-de\/kreuz-de\/750-gold-kreuz-anhanger-48\/"},"modified":"2026-03-07T16:01:11","modified_gmt":"2026-03-07T15:01:11","slug":"pendentif-croix-or-750-50","status":"publish","type":"product","link":"https:\/\/lediamant.ch\/de\/schmuck\/135577-kreuz-weissgold-750-18-kt-1258028440001\/","title":{"rendered":"Kreuz aus Wei\u00dfgold 750\/18 ct."},"content":{"rendered":"<p>Dieser Artikel ist ein zartes Kreuz aus 750\/18 ct Wei\u00dfgold, ein zeitloses Symbol des Glaubens und der Hingabe. Das Kreuz wurde mit akribischer Pr\u00e4zision gefertigt und hat eine glatte, gl\u00e4nzende Oberfl\u00e4che, die das Licht aus jedem Winkel reflektiert. Mit seinem klassischen und klaren Design kann es allein getragen oder f\u00fcr einen Hauch von Eleganz mit anderen St\u00fccken kombiniert werden. Dieses Kreuz aus Wei\u00dfgold ist die perfekte Wahl f\u00fcr alle, die Sch\u00f6nheit in der Einfachheit sch\u00e4tzen.   <\/p>\n","protected":false},"excerpt":{"rendered":"<p>Dieser Artikel ist ein zartes Kreuz aus 750\/18 ct Wei\u00dfgold, ein zeitloses Symbol des Glaubens und der Hingabe. Das Kreuz wurde mit akribischer Pr\u00e4zision gefertigt und hat eine glatte, gl\u00e4nzende Oberfl\u00e4che, die das Licht aus jedem Winkel reflektiert. Mit seinem klassischen und klaren Design kann es allein getragen oder f\u00fcr einen Hauch von Eleganz mit &#8230; <a title=\"Kreuz aus Wei\u00dfgold 750\/18 ct.\" class=\"read-more\" href=\"https:\/\/lediamant.ch\/de\/schmuck\/135577-kreuz-weissgold-750-18-kt-1258028440001\/\" aria-label=\"Mehr Informationen \u00fcber Kreuz aus Wei\u00dfgold 750\/18 ct.\">Weiterlesen &#8230;<\/a><\/p>\n","protected":false},"featured_media":135575,"template":"","meta":{"_acf_changed":false,"_seopress_robots_primary_cat":"27372","_seopress_titles_title":"","_seopress_titles_desc":"Entdecken Sie die Eleganz unseres Kreuzes aus 750\/18 ct Wei\u00dfgold, ein Symbol des Glaubens mit einer gl\u00e4nzenden Oberfl\u00e4che f\u00fcr einen anspruchsvollen Stil.","_seopress_robots_index":""},"brand":[27089],"product_brand":[],"product_cat":[27155,27363,27373,27121],"product_tag":[],"class_list":{"0":"post-135577","1":"product","2":"type-product","3":"status-publish","4":"has-post-thumbnail","6":"brand-gold-jewellery-de","7":"product_cat-anhanger","8":"product_cat-kreuz","9":"product_cat-religiose-anhanger","10":"product_cat-schmuck","11":"pa_dimensions-groesse-15-x-10-x-2-mm","12":"pa_garantie-12monate","13":"pa_genre-frau","14":"pa_genre-kind","15":"pa_genre-mann","16":"pa_matiere-75018ktweissgold","17":"pa_motif-religion-de","18":"sales-flash-overlay","19":"woocommerce-text-align-center","20":"woocommerce-image-align-center","21":"do-quantity-buttons","23":"first","24":"instock","25":"taxable","26":"shipping-taxable","27":"purchasable","28":"product-type-simple"},"acf":[],"_links":{"self":[{"href":"https:\/\/lediamant.ch\/de\/wp-json\/wp\/v2\/product\/135577","targetHints":{"allow":["GET"]}}],"collection":[{"href":"https:\/\/lediamant.ch\/de\/wp-json\/wp\/v2\/product"}],"about":[{"href":"https:\/\/lediamant.ch\/de\/wp-json\/wp\/v2\/types\/product"}],"wp:featuredmedia":[{"embeddable":true,"href":"https:\/\/lediamant.ch\/de\/wp-json\/wp\/v2\/media\/135575"}],"wp:attachment":[{"href":"https:\/\/lediamant.ch\/de\/wp-json\/wp\/v2\/media?parent=135577"}],"wp:term":[{"taxonomy":"brand","embeddable":true,"href":"https:\/\/lediamant.ch\/de\/wp-json\/wp\/v2\/brand?post=135577"},{"taxonomy":"product_brand","embeddable":true,"href":"https:\/\/lediamant.ch\/de\/wp-json\/wp\/v2\/product_brand?post=135577"},{"taxonomy":"product_cat","embeddable":true,"href":"https:\/\/lediamant.ch\/de\/wp-json\/wp\/v2\/product_cat?post=135577"},{"taxonomy":"product_tag","embeddable":true,"href":"https:\/\/lediamant.ch\/de\/wp-json\/wp\/v2\/product_tag?post=135577"}],"curies":[{"name":"wp","href":"https:\/\/api.w.org\/{rel}","templated":true}]}}