{"id":135581,"date":"2020-03-17T07:51:08","date_gmt":"2020-03-17T06:51:08","guid":{"rendered":"https:\/\/lediamant.ch\/produit\/schmuck-de\/anhanger-de\/kreuz-de\/750-gold-kreuz-anhanger-49\/"},"modified":"2026-03-07T16:01:09","modified_gmt":"2026-03-07T15:01:09","slug":"pendentif-croix-or-750-51","status":"publish","type":"product","link":"https:\/\/lediamant.ch\/de\/schmuck\/135581-kreuz-weissgold-750-18-kt-1258030490001\/","title":{"rendered":"Kreuz aus Wei\u00dfgold 750\/18 ct."},"content":{"rendered":"<p>Entdecken Sie die zeitlose Sch\u00f6nheit dieses Kreuzes aus 750\/18 ct Wei\u00dfgold. Dieses Schmuckst\u00fcck wurde mit gr\u00f6\u00dfter Sorgfalt gefertigt und ist ein Symbol des Glaubens und der Eleganz. Das schlichte und klare Design hebt den Glanz des Wei\u00dfgoldes hervor und macht es zur perfekten Wahl f\u00fcr alle, die Wert auf diskrete Raffinesse legen. Ob Sie es t\u00e4glich oder zu besonderen Anl\u00e4ssen tragen, dieses Kreuz aus Wei\u00dfgold wird Ihrem Stil einen Hauch von Eleganz verleihen.   <\/p>\n","protected":false},"excerpt":{"rendered":"<p>Entdecken Sie die zeitlose Sch\u00f6nheit dieses Kreuzes aus 750\/18 ct Wei\u00dfgold. Dieses Schmuckst\u00fcck wurde mit gr\u00f6\u00dfter Sorgfalt gefertigt und ist ein Symbol des Glaubens und der Eleganz. Das schlichte und klare Design hebt den Glanz des Wei\u00dfgoldes hervor und macht es zur perfekten Wahl f\u00fcr alle, die Wert auf diskrete Raffinesse legen. Ob Sie es &#8230; <a title=\"Kreuz aus Wei\u00dfgold 750\/18 ct.\" class=\"read-more\" href=\"https:\/\/lediamant.ch\/de\/schmuck\/135581-kreuz-weissgold-750-18-kt-1258030490001\/\" aria-label=\"Mehr Informationen \u00fcber Kreuz aus Wei\u00dfgold 750\/18 ct.\">Weiterlesen &#8230;<\/a><\/p>\n","protected":false},"featured_media":135579,"template":"","meta":{"_acf_changed":false,"_seopress_robots_primary_cat":"27372","_seopress_titles_title":"","_seopress_titles_desc":"","_seopress_robots_index":""},"brand":[27089],"product_brand":[],"product_cat":[27155,27363,27373,27121],"product_tag":[],"class_list":{"0":"post-135581","1":"product","2":"type-product","3":"status-publish","4":"has-post-thumbnail","6":"brand-gold-jewellery-de","7":"product_cat-anhanger","8":"product_cat-kreuz","9":"product_cat-religiose-anhanger","10":"product_cat-schmuck","11":"pa_dimensions-grose-21-x-14-x-3-mm","12":"pa_garantie-12monate","13":"pa_genre-frau","14":"pa_genre-kind","15":"pa_genre-mann","16":"pa_matiere-75018ktweissgold","17":"pa_motif-religion-de","18":"sales-flash-overlay","19":"woocommerce-text-align-center","20":"woocommerce-image-align-center","21":"do-quantity-buttons","23":"first","24":"instock","25":"taxable","26":"shipping-taxable","27":"purchasable","28":"product-type-simple"},"acf":[],"_links":{"self":[{"href":"https:\/\/lediamant.ch\/de\/wp-json\/wp\/v2\/product\/135581","targetHints":{"allow":["GET"]}}],"collection":[{"href":"https:\/\/lediamant.ch\/de\/wp-json\/wp\/v2\/product"}],"about":[{"href":"https:\/\/lediamant.ch\/de\/wp-json\/wp\/v2\/types\/product"}],"wp:featuredmedia":[{"embeddable":true,"href":"https:\/\/lediamant.ch\/de\/wp-json\/wp\/v2\/media\/135579"}],"wp:attachment":[{"href":"https:\/\/lediamant.ch\/de\/wp-json\/wp\/v2\/media?parent=135581"}],"wp:term":[{"taxonomy":"brand","embeddable":true,"href":"https:\/\/lediamant.ch\/de\/wp-json\/wp\/v2\/brand?post=135581"},{"taxonomy":"product_brand","embeddable":true,"href":"https:\/\/lediamant.ch\/de\/wp-json\/wp\/v2\/product_brand?post=135581"},{"taxonomy":"product_cat","embeddable":true,"href":"https:\/\/lediamant.ch\/de\/wp-json\/wp\/v2\/product_cat?post=135581"},{"taxonomy":"product_tag","embeddable":true,"href":"https:\/\/lediamant.ch\/de\/wp-json\/wp\/v2\/product_tag?post=135581"}],"curies":[{"name":"wp","href":"https:\/\/api.w.org\/{rel}","templated":true}]}}