{"id":135593,"date":"2020-03-17T07:51:08","date_gmt":"2020-03-17T06:51:08","guid":{"rendered":"https:\/\/lediamant.ch\/produit\/schmuck-de\/anhanger-de\/kreuz-de\/750-gold-kreuz-anhanger-51\/"},"modified":"2026-03-07T16:01:14","modified_gmt":"2026-03-07T15:01:14","slug":"pendentif-croix-or-750-53","status":"publish","type":"product","link":"https:\/\/lediamant.ch\/de\/schmuck\/135593-kreuz-weissgold-750-18-kt-1258029920002\/","title":{"rendered":"Kreuz aus Wei\u00dfgold 750\/18 ct."},"content":{"rendered":"<p>Dieser elegante Anh\u00e4nger in Form eines Kreuzes ist aus 750\/18 ct Wei\u00dfgold gefertigt und verleiht jedem Outfit einen Hauch von subtiler Raffinesse. Sein klassisches und klares Design ist zeitlos und macht ihn zu einer perfekten Wahl f\u00fcr ein wertvolles Geschenk oder eine raffinierte Erg\u00e4nzung Ihrer eigenen Schmuckkollektion. Mit einem Gewicht von 1,3 g und seiner bescheidenen Gr\u00f6\u00dfe (2,5 cm hoch und 1,3 cm breit) ist er den ganzen Tag \u00fcber bequem zu tragen. Ob Sie nun nach einem Symbol des Glaubens oder einfach nur nach einem sch\u00f6nen Accessoire suchen, dieses Kreuz aus Wei\u00dfgold ist eine exquisite Wahl.   <\/p>\n","protected":false},"excerpt":{"rendered":"<p>Dieser elegante Anh\u00e4nger in Form eines Kreuzes ist aus 750\/18 ct Wei\u00dfgold gefertigt und verleiht jedem Outfit einen Hauch von subtiler Raffinesse. Sein klassisches und klares Design ist zeitlos und macht ihn zu einer perfekten Wahl f\u00fcr ein wertvolles Geschenk oder eine raffinierte Erg\u00e4nzung Ihrer eigenen Schmuckkollektion. Mit einem Gewicht von 1,3 g und seiner &#8230; <a title=\"Kreuz aus Wei\u00dfgold 750\/18 ct.\" class=\"read-more\" href=\"https:\/\/lediamant.ch\/de\/schmuck\/135593-kreuz-weissgold-750-18-kt-1258029920002\/\" aria-label=\"Mehr Informationen \u00fcber Kreuz aus Wei\u00dfgold 750\/18 ct.\">Weiterlesen &#8230;<\/a><\/p>\n","protected":false},"featured_media":135591,"template":"","meta":{"_acf_changed":false,"_seopress_robots_primary_cat":"27372","_seopress_titles_title":"","_seopress_titles_desc":"Entdecken Sie den zeitlosen Charme unseres Kreuzanh\u00e4ngers aus 750\/18 ct Wei\u00dfgold, der perfekt ist, um jedes Outfit mit Eleganz zu bereichern.","_seopress_robots_index":""},"brand":[27089],"product_brand":[],"product_cat":[27155,27363,27373,27121],"product_tag":[],"class_list":{"0":"post-135593","1":"product","2":"type-product","3":"status-publish","4":"has-post-thumbnail","6":"brand-gold-jewellery-de","7":"product_cat-anhanger","8":"product_cat-kreuz","9":"product_cat-religiose-anhanger","10":"product_cat-schmuck","11":"pa_dimensions-groesse-20-x-11-x-3-mm","12":"pa_garantie-12monate","13":"pa_genre-frau","14":"pa_matiere-75018ktweissgold","15":"pa_motif-religion-de","16":"sales-flash-overlay","17":"woocommerce-text-align-center","18":"woocommerce-image-align-center","19":"do-quantity-buttons","21":"first","22":"instock","23":"taxable","24":"shipping-taxable","25":"purchasable","26":"product-type-simple"},"acf":[],"_links":{"self":[{"href":"https:\/\/lediamant.ch\/de\/wp-json\/wp\/v2\/product\/135593","targetHints":{"allow":["GET"]}}],"collection":[{"href":"https:\/\/lediamant.ch\/de\/wp-json\/wp\/v2\/product"}],"about":[{"href":"https:\/\/lediamant.ch\/de\/wp-json\/wp\/v2\/types\/product"}],"wp:featuredmedia":[{"embeddable":true,"href":"https:\/\/lediamant.ch\/de\/wp-json\/wp\/v2\/media\/135591"}],"wp:attachment":[{"href":"https:\/\/lediamant.ch\/de\/wp-json\/wp\/v2\/media?parent=135593"}],"wp:term":[{"taxonomy":"brand","embeddable":true,"href":"https:\/\/lediamant.ch\/de\/wp-json\/wp\/v2\/brand?post=135593"},{"taxonomy":"product_brand","embeddable":true,"href":"https:\/\/lediamant.ch\/de\/wp-json\/wp\/v2\/product_brand?post=135593"},{"taxonomy":"product_cat","embeddable":true,"href":"https:\/\/lediamant.ch\/de\/wp-json\/wp\/v2\/product_cat?post=135593"},{"taxonomy":"product_tag","embeddable":true,"href":"https:\/\/lediamant.ch\/de\/wp-json\/wp\/v2\/product_tag?post=135593"}],"curies":[{"name":"wp","href":"https:\/\/api.w.org\/{rel}","templated":true}]}}