{"id":135609,"date":"2020-03-17T07:51:20","date_gmt":"2020-03-17T06:51:20","guid":{"rendered":"https:\/\/lediamant.ch\/produit\/schmuck-de\/anhanger-de\/kreuz-de\/750-gold-kreuz-anhanger-55\/"},"modified":"2026-03-07T15:36:04","modified_gmt":"2026-03-07T14:36:04","slug":"pendentif-croix-or-750-57","status":"publish","type":"product","link":"https:\/\/lediamant.ch\/de\/schmuck\/135609-kreuz-weissgold-750-18-kt-1258026150001\/","title":{"rendered":"Kreuz aus Wei\u00dfgold 750\/18 ct."},"content":{"rendered":"<p>Dieser Anh\u00e4nger in Form eines Kreuzes ist ein Symbol der Eleganz und des Glaubens. Er ist aus 750\/18 ct Wei\u00dfgold gefertigt und erstrahlt in einem einzigartigen, zeitlosen Glanz. Seine minimalistische Schlichtheit wird durch eine sorgf\u00e4ltige Verarbeitung hervorgehoben und macht dieses Schmuckst\u00fcck zu einer perfekten Wahl f\u00fcr diejenigen, die Sch\u00f6nheit im Verborgenen sch\u00e4tzen. Dank des klassischen Designs kann es sowohl im Alltag als auch zu besonderen Anl\u00e4ssen getragen werden. Ein bedeutungsvolles und wertvolles Geschenk f\u00fcr sich selbst oder einen geliebten Menschen.    <\/p>\n","protected":false},"excerpt":{"rendered":"<p>Dieser Anh\u00e4nger in Form eines Kreuzes ist ein Symbol der Eleganz und des Glaubens. Er ist aus 750\/18 ct Wei\u00dfgold gefertigt und erstrahlt in einem einzigartigen, zeitlosen Glanz. Seine minimalistische Schlichtheit wird durch eine sorgf\u00e4ltige Verarbeitung hervorgehoben und macht dieses Schmuckst\u00fcck zu einer perfekten Wahl f\u00fcr diejenigen, die Sch\u00f6nheit im Verborgenen sch\u00e4tzen. Dank des klassischen &#8230; <a title=\"Kreuz aus Wei\u00dfgold 750\/18 ct.\" class=\"read-more\" href=\"https:\/\/lediamant.ch\/de\/schmuck\/135609-kreuz-weissgold-750-18-kt-1258026150001\/\" aria-label=\"Mehr Informationen \u00fcber Kreuz aus Wei\u00dfgold 750\/18 ct.\">Weiterlesen &#8230;<\/a><\/p>\n","protected":false},"featured_media":135607,"template":"","meta":{"_acf_changed":false,"_seopress_robots_primary_cat":"27372","_seopress_titles_title":"%%post_title%% %%sep%% %%sitetitle%%.ch","_seopress_titles_desc":"","_seopress_robots_index":""},"brand":[27089],"product_brand":[],"product_cat":[27155,27363,27373,27121],"product_tag":[],"class_list":{"0":"post-135609","1":"product","2":"type-product","3":"status-publish","4":"has-post-thumbnail","6":"brand-gold-jewellery-de","7":"product_cat-anhanger","8":"product_cat-kreuz","9":"product_cat-religiose-anhanger","10":"product_cat-schmuck","11":"pa_dimensions-grose-12-x-9-mm","12":"pa_garantie-12monate","13":"pa_genre-frau","14":"pa_genre-kind","15":"pa_genre-mann","16":"pa_matiere-75018ktweissgold","17":"pa_motif-religion-de","18":"pa_pierres-diamant-de","19":"sales-flash-overlay","20":"woocommerce-text-align-center","21":"woocommerce-image-align-center","22":"do-quantity-buttons","24":"first","25":"instock","26":"taxable","27":"shipping-taxable","28":"purchasable","29":"product-type-simple"},"acf":[],"_links":{"self":[{"href":"https:\/\/lediamant.ch\/de\/wp-json\/wp\/v2\/product\/135609","targetHints":{"allow":["GET"]}}],"collection":[{"href":"https:\/\/lediamant.ch\/de\/wp-json\/wp\/v2\/product"}],"about":[{"href":"https:\/\/lediamant.ch\/de\/wp-json\/wp\/v2\/types\/product"}],"wp:featuredmedia":[{"embeddable":true,"href":"https:\/\/lediamant.ch\/de\/wp-json\/wp\/v2\/media\/135607"}],"wp:attachment":[{"href":"https:\/\/lediamant.ch\/de\/wp-json\/wp\/v2\/media?parent=135609"}],"wp:term":[{"taxonomy":"brand","embeddable":true,"href":"https:\/\/lediamant.ch\/de\/wp-json\/wp\/v2\/brand?post=135609"},{"taxonomy":"product_brand","embeddable":true,"href":"https:\/\/lediamant.ch\/de\/wp-json\/wp\/v2\/product_brand?post=135609"},{"taxonomy":"product_cat","embeddable":true,"href":"https:\/\/lediamant.ch\/de\/wp-json\/wp\/v2\/product_cat?post=135609"},{"taxonomy":"product_tag","embeddable":true,"href":"https:\/\/lediamant.ch\/de\/wp-json\/wp\/v2\/product_tag?post=135609"}],"curies":[{"name":"wp","href":"https:\/\/api.w.org\/{rel}","templated":true}]}}