{"id":135653,"date":"2020-03-17T07:51:45","date_gmt":"2020-03-17T06:51:45","guid":{"rendered":"https:\/\/lediamant.ch\/produit\/schmuck-de\/anhanger-de\/kreuz-de\/750-gold-kreuz-anhanger-65\/"},"modified":"2026-03-07T15:28:10","modified_gmt":"2026-03-07T14:28:10","slug":"pendentif-croix-or-750-67","status":"publish","type":"product","link":"https:\/\/lediamant.ch\/de\/schmuck\/135653-kreuzanhanger-zweifarbig-gold-750-18-kt-155803515\/0001\/","title":{"rendered":"Kreuzanh\u00e4nger aus zweifarbigem Gold 750\/18 ct."},"content":{"rendered":"<p>Entdecken Sie unseren zarten Kreuzanh\u00e4nger aus 750\/18 ct. Gold mit Zirkonia. Dieses zeitlos elegante Schmuckst\u00fcck zeichnet sich durch sein einfaches, aber raffiniertes Design aus und ist ideal, um Ihren Glauben auf diskrete und raffinierte Weise auszudr\u00fccken. Poliert und satiniert ist dieses Kreuz die perfekte Wahl f\u00fcr ein Geschenk oder um Ihre eigene Schmuckkollektion zu vervollst\u00e4ndigen.  <\/p>\n","protected":false},"excerpt":{"rendered":"<p>Entdecken Sie unseren zarten Kreuzanh\u00e4nger aus 750\/18 ct. Gold mit Zirkonia. Dieses zeitlos elegante Schmuckst\u00fcck zeichnet sich durch sein einfaches, aber raffiniertes Design aus und ist ideal, um Ihren Glauben auf diskrete und raffinierte Weise auszudr\u00fccken. Poliert und satiniert ist dieses Kreuz die perfekte Wahl f\u00fcr ein Geschenk oder um Ihre eigene Schmuckkollektion zu vervollst\u00e4ndigen.<\/p>\n","protected":false},"featured_media":135651,"template":"","meta":{"_acf_changed":false,"_seopress_robots_primary_cat":"27362","_seopress_titles_title":"","_seopress_titles_desc":"Entdecken Sie unseren eleganten Kreuzanh\u00e4nger aus 18 Karat Gold mit Zirkonia. Ein schlichtes und raffiniertes Design, das sich perfekt f\u00fcr ein besonderes Geschenk eignet. ","_seopress_robots_index":""},"brand":[27089],"product_brand":[],"product_cat":[27363,27121],"product_tag":[],"class_list":{"0":"post-135653","1":"product","2":"type-product","3":"status-publish","4":"has-post-thumbnail","6":"brand-gold-jewellery-de","7":"product_cat-kreuz","8":"product_cat-schmuck","9":"pa_dimensions-grose-16-x-11-x-3-mm","10":"pa_garantie-12monate","11":"pa_genre-frau","12":"pa_genre-kind","13":"pa_genre-mann","14":"pa_matiere-75018ktbicolorgold","15":"pa_motif-religion-de","16":"pa_pierres-zirkon-de","17":"sales-flash-overlay","18":"woocommerce-text-align-center","19":"woocommerce-image-align-center","20":"do-quantity-buttons","22":"first","23":"instock","24":"taxable","25":"shipping-taxable","26":"purchasable","27":"product-type-simple"},"acf":[],"_links":{"self":[{"href":"https:\/\/lediamant.ch\/de\/wp-json\/wp\/v2\/product\/135653","targetHints":{"allow":["GET"]}}],"collection":[{"href":"https:\/\/lediamant.ch\/de\/wp-json\/wp\/v2\/product"}],"about":[{"href":"https:\/\/lediamant.ch\/de\/wp-json\/wp\/v2\/types\/product"}],"wp:featuredmedia":[{"embeddable":true,"href":"https:\/\/lediamant.ch\/de\/wp-json\/wp\/v2\/media\/135651"}],"wp:attachment":[{"href":"https:\/\/lediamant.ch\/de\/wp-json\/wp\/v2\/media?parent=135653"}],"wp:term":[{"taxonomy":"brand","embeddable":true,"href":"https:\/\/lediamant.ch\/de\/wp-json\/wp\/v2\/brand?post=135653"},{"taxonomy":"product_brand","embeddable":true,"href":"https:\/\/lediamant.ch\/de\/wp-json\/wp\/v2\/product_brand?post=135653"},{"taxonomy":"product_cat","embeddable":true,"href":"https:\/\/lediamant.ch\/de\/wp-json\/wp\/v2\/product_cat?post=135653"},{"taxonomy":"product_tag","embeddable":true,"href":"https:\/\/lediamant.ch\/de\/wp-json\/wp\/v2\/product_tag?post=135653"}],"curies":[{"name":"wp","href":"https:\/\/api.w.org\/{rel}","templated":true}]}}