{"id":135749,"date":"2020-03-17T07:52:39","date_gmt":"2020-03-17T06:52:39","guid":{"rendered":"https:\/\/lediamant.ch\/produit\/schmuck-de\/anhanger-de\/kreuz-de\/375-gold-kreuz-anhanger-2\/"},"modified":"2026-03-07T15:10:45","modified_gmt":"2026-03-07T14:10:45","slug":"pendentif-croix-or-375-2","status":"publish","type":"product","link":"https:\/\/lediamant.ch\/de\/schmuck\/135749-375-gold-kreuz-anhanger-2\/","title":{"rendered":"Kreuzanh\u00e4nger aus Gelbgold 375\/9 ct."},"content":{"rendered":"<p>Dieser elegante Anh\u00e4nger in Form eines Kreuzes ist ein zeitloses Symbol des Glaubens und der Spiritualit\u00e4t. Er ist aus 375\/9 ct Gelbgold gefertigt und gl\u00e4nzt durch seine Schlichtheit und Raffinesse. Sein feines und detailliertes Design macht es zu einem perfekten Schmuckst\u00fcck f\u00fcr den Alltag oder f\u00fcr besondere Anl\u00e4sse. Ob Sie Ihrer Schmucksammlung einen Hauch von Spiritualit\u00e4t hinzuf\u00fcgen oder einem geliebten Menschen ein bedeutungsvolles Geschenk machen m\u00f6chten, dieser Kreuzanh\u00e4nger aus Gelbgold ist eine ausgezeichnete Wahl.   <\/p>\n","protected":false},"excerpt":{"rendered":"<p>Dieser elegante Anh\u00e4nger in Form eines Kreuzes ist ein zeitloses Symbol des Glaubens und der Spiritualit\u00e4t. Er ist aus 375\/9 ct Gelbgold gefertigt und gl\u00e4nzt durch seine Schlichtheit und Raffinesse. Sein feines und detailliertes Design macht es zu einem perfekten Schmuckst\u00fcck f\u00fcr den Alltag oder f\u00fcr besondere Anl\u00e4sse. Ob Sie Ihrer Schmucksammlung einen Hauch von &#8230; <a title=\"Kreuzanh\u00e4nger aus Gelbgold 375\/9 ct.\" class=\"read-more\" href=\"https:\/\/lediamant.ch\/de\/schmuck\/135749-375-gold-kreuz-anhanger-2\/\" aria-label=\"Mehr Informationen \u00fcber Kreuzanh\u00e4nger aus Gelbgold 375\/9 ct.\">Weiterlesen &#8230;<\/a><\/p>\n","protected":false},"featured_media":213795,"template":"","meta":{"_acf_changed":false,"_seopress_robots_primary_cat":"27362","_seopress_titles_title":"","_seopress_titles_desc":"Entdecken Sie unseren Kreuzanh\u00e4nger aus Gelbgold 375 9 CT, ein elegantes St\u00fcck, um Ihre Sammlung zu bereichern. Ideal f\u00fcr alle Gelegenheiten. ","_seopress_robots_index":""},"brand":[27089],"product_brand":[],"product_cat":[27155,27363,27121],"product_tag":[],"class_list":{"0":"post-135749","1":"product","2":"type-product","3":"status-publish","4":"has-post-thumbnail","6":"brand-gold-jewellery-de","7":"product_cat-anhanger","8":"product_cat-kreuz","9":"product_cat-schmuck","10":"pa_dimensions-grose-17-x-10-x-1-5-mm","11":"pa_garantie-12monate","12":"pa_genre-frau","13":"pa_genre-kind","14":"pa_genre-mann","15":"pa_matiere-3759ktgelbgold","16":"pa_motif-religion-de","17":"sales-flash-overlay","18":"woocommerce-text-align-center","19":"woocommerce-image-align-center","20":"do-quantity-buttons","22":"first","23":"instock","24":"taxable","25":"shipping-taxable","26":"purchasable","27":"product-type-simple"},"acf":[],"_links":{"self":[{"href":"https:\/\/lediamant.ch\/de\/wp-json\/wp\/v2\/product\/135749","targetHints":{"allow":["GET"]}}],"collection":[{"href":"https:\/\/lediamant.ch\/de\/wp-json\/wp\/v2\/product"}],"about":[{"href":"https:\/\/lediamant.ch\/de\/wp-json\/wp\/v2\/types\/product"}],"wp:featuredmedia":[{"embeddable":true,"href":"https:\/\/lediamant.ch\/de\/wp-json\/wp\/v2\/media\/213795"}],"wp:attachment":[{"href":"https:\/\/lediamant.ch\/de\/wp-json\/wp\/v2\/media?parent=135749"}],"wp:term":[{"taxonomy":"brand","embeddable":true,"href":"https:\/\/lediamant.ch\/de\/wp-json\/wp\/v2\/brand?post=135749"},{"taxonomy":"product_brand","embeddable":true,"href":"https:\/\/lediamant.ch\/de\/wp-json\/wp\/v2\/product_brand?post=135749"},{"taxonomy":"product_cat","embeddable":true,"href":"https:\/\/lediamant.ch\/de\/wp-json\/wp\/v2\/product_cat?post=135749"},{"taxonomy":"product_tag","embeddable":true,"href":"https:\/\/lediamant.ch\/de\/wp-json\/wp\/v2\/product_tag?post=135749"}],"curies":[{"name":"wp","href":"https:\/\/api.w.org\/{rel}","templated":true}]}}