{"id":135753,"date":"2020-03-17T07:52:50","date_gmt":"2020-03-17T06:52:50","guid":{"rendered":"https:\/\/lediamant.ch\/produit\/schmuck-de\/anhanger-de\/kreuz-de\/375-gold-kreuz-anhanger-3\/"},"modified":"2026-03-07T15:00:38","modified_gmt":"2026-03-07T14:00:38","slug":"pendentif-croix-or-375-3","status":"publish","type":"product","link":"https:\/\/lediamant.ch\/de\/schmuck\/135753-375-gold-kreuz-anhanger-3\/","title":{"rendered":"Kreuzanh\u00e4nger aus Gelbgold 375\/9 ct."},"content":{"rendered":"<p>Kreuzanh\u00e4nger aus 375\/9 ct Gelbgold. Dieser Anh\u00e4nger in Form eines Kreuzes ist ein Symbol f\u00fcr zeitlose Eleganz. Er ist aus 375\/9 ct. Gelbgold gefertigt und strahlt einen warmen, sanften Schimmer aus, der Ihrem Outfit einen diskreten Charme verleiht. Sein einfaches aber anspruchsvolles Design macht ihn f\u00fcr jede Gelegenheit geeignet, sei es f\u00fcr den t\u00e4glichen Gebrauch oder f\u00fcr besondere Anl\u00e4sse. Dieser Anh\u00e4nger ist ein perfektes Geschenk, um Ihre Liebe und Hingabe auszudr\u00fccken.<\/p>\n","protected":false},"excerpt":{"rendered":"<p>Kreuzanh\u00e4nger aus 375\/9 ct Gelbgold. Dieser Anh\u00e4nger in Form eines Kreuzes ist ein Symbol f\u00fcr zeitlose Eleganz. Er ist aus 375\/9 ct. Gelbgold gefertigt und strahlt einen warmen, sanften Schimmer aus, der Ihrem Outfit einen diskreten Charme verleiht. Sein einfaches aber anspruchsvolles Design macht ihn f\u00fcr jede Gelegenheit geeignet, sei es f\u00fcr den t\u00e4glichen Gebrauch &#8230; <a title=\"Kreuzanh\u00e4nger aus Gelbgold 375\/9 ct.\" class=\"read-more\" href=\"https:\/\/lediamant.ch\/de\/schmuck\/135753-375-gold-kreuz-anhanger-3\/\" aria-label=\"Mehr Informationen \u00fcber Kreuzanh\u00e4nger aus Gelbgold 375\/9 ct.\">Weiterlesen &#8230;<\/a><\/p>\n","protected":false},"featured_media":213792,"template":"","meta":{"_acf_changed":false,"_seopress_robots_primary_cat":"27362","_seopress_titles_title":"","_seopress_titles_desc":"Entdecken Sie die Eleganz des Kreuzanh\u00e4ngers aus 375\/9 ct Gelbgold, ein Symbol der Hingabe und des Stils f\u00fcr jeden Anlass.","_seopress_robots_index":""},"brand":[27089],"product_brand":[],"product_cat":[27155,27363,27121],"product_tag":[],"class_list":{"0":"post-135753","1":"product","2":"type-product","3":"status-publish","4":"has-post-thumbnail","6":"brand-gold-jewellery-de","7":"product_cat-anhanger","8":"product_cat-kreuz","9":"product_cat-schmuck","10":"pa_dimensions-grose-12-x-9-x-3-mm","11":"pa_garantie-12monate","12":"pa_genre-frau","13":"pa_genre-kind","14":"pa_genre-mann","15":"pa_matiere-3759ktgelbgold","16":"pa_motif-religion-de","17":"sales-flash-overlay","18":"woocommerce-text-align-center","19":"woocommerce-image-align-center","20":"do-quantity-buttons","22":"first","23":"instock","24":"taxable","25":"shipping-taxable","26":"purchasable","27":"product-type-simple"},"acf":[],"_links":{"self":[{"href":"https:\/\/lediamant.ch\/de\/wp-json\/wp\/v2\/product\/135753","targetHints":{"allow":["GET"]}}],"collection":[{"href":"https:\/\/lediamant.ch\/de\/wp-json\/wp\/v2\/product"}],"about":[{"href":"https:\/\/lediamant.ch\/de\/wp-json\/wp\/v2\/types\/product"}],"wp:featuredmedia":[{"embeddable":true,"href":"https:\/\/lediamant.ch\/de\/wp-json\/wp\/v2\/media\/213792"}],"wp:attachment":[{"href":"https:\/\/lediamant.ch\/de\/wp-json\/wp\/v2\/media?parent=135753"}],"wp:term":[{"taxonomy":"brand","embeddable":true,"href":"https:\/\/lediamant.ch\/de\/wp-json\/wp\/v2\/brand?post=135753"},{"taxonomy":"product_brand","embeddable":true,"href":"https:\/\/lediamant.ch\/de\/wp-json\/wp\/v2\/product_brand?post=135753"},{"taxonomy":"product_cat","embeddable":true,"href":"https:\/\/lediamant.ch\/de\/wp-json\/wp\/v2\/product_cat?post=135753"},{"taxonomy":"product_tag","embeddable":true,"href":"https:\/\/lediamant.ch\/de\/wp-json\/wp\/v2\/product_tag?post=135753"}],"curies":[{"name":"wp","href":"https:\/\/api.w.org\/{rel}","templated":true}]}}