{"id":135761,"date":"2020-03-17T07:52:50","date_gmt":"2020-03-17T06:52:50","guid":{"rendered":"https:\/\/lediamant.ch\/produit\/schmuck-de\/anhanger-de\/kreuz-de\/375-gold-kreuz-anhanger-5\/"},"modified":"2026-03-07T15:02:35","modified_gmt":"2026-03-07T14:02:35","slug":"pendentif-croix-or-375-5","status":"publish","type":"product","link":"https:\/\/lediamant.ch\/de\/schmuck\/135761-375-gold-kreuz-anhanger-5\/","title":{"rendered":"Kreuzanh\u00e4nger aus Gelbgold 375\/9 ct."},"content":{"rendered":"<p>Dieser wundersch\u00f6ne Anh\u00e4nger in Form eines Kreuzes ist ein wahres Symbol der Eleganz und des Glaubens. Er ist aus 375\/9 ct. Gold gefertigt, misst 18 x 12 x 2,5 mm und hat einen unvergleichlichen Glanz, der alle Blicke auf sich ziehen wird. Seine zarte Gr\u00f6\u00dfe und sein raffiniertes Design machen ihn zu einem zeitlosen Schmuckst\u00fcck, das jedes Outfit mit einem Hauch von Raffinesse vervollst\u00e4ndigen kann. Ob Sie nach einem bedeutungsvollen Geschenk f\u00fcr einen geliebten Menschen suchen oder sich selbst eine Freude machen m\u00f6chten, dieser goldene Kreuzanh\u00e4nger ist eine ausgezeichnete Wahl.<\/p>\n","protected":false},"excerpt":{"rendered":"<p>Dieser wundersch\u00f6ne Anh\u00e4nger in Form eines Kreuzes ist ein wahres Symbol der Eleganz und des Glaubens. Er ist aus 375\/9 ct. Gold gefertigt, misst 18 x 12 x 2,5 mm und hat einen unvergleichlichen Glanz, der alle Blicke auf sich ziehen wird. Seine zarte Gr\u00f6\u00dfe und sein raffiniertes Design machen ihn zu einem zeitlosen Schmuckst\u00fcck, &#8230; <a title=\"Kreuzanh\u00e4nger aus Gelbgold 375\/9 ct.\" class=\"read-more\" href=\"https:\/\/lediamant.ch\/de\/schmuck\/135761-375-gold-kreuz-anhanger-5\/\" aria-label=\"Mehr Informationen \u00fcber Kreuzanh\u00e4nger aus Gelbgold 375\/9 ct.\">Weiterlesen &#8230;<\/a><\/p>\n","protected":false},"featured_media":213785,"template":"","meta":{"_acf_changed":false,"_seopress_robots_primary_cat":"27362","_seopress_titles_title":"","_seopress_titles_desc":"","_seopress_robots_index":""},"brand":[27089],"product_brand":[],"product_cat":[27155,27363,27121],"product_tag":[],"class_list":{"0":"post-135761","1":"product","2":"type-product","3":"status-publish","4":"has-post-thumbnail","6":"brand-gold-jewellery-de","7":"product_cat-anhanger","8":"product_cat-kreuz","9":"product_cat-schmuck","10":"pa_dimensions-grose-18-x-12-x-2-5-mm","11":"pa_garantie-12monate","12":"pa_genre-frau","13":"pa_genre-kind","14":"pa_genre-mann","15":"pa_matiere-3759ktgelbgold","16":"pa_motif-religion-de","17":"sales-flash-overlay","18":"woocommerce-text-align-center","19":"woocommerce-image-align-center","20":"do-quantity-buttons","22":"first","23":"instock","24":"taxable","25":"shipping-taxable","26":"purchasable","27":"product-type-simple"},"acf":[],"_links":{"self":[{"href":"https:\/\/lediamant.ch\/de\/wp-json\/wp\/v2\/product\/135761","targetHints":{"allow":["GET"]}}],"collection":[{"href":"https:\/\/lediamant.ch\/de\/wp-json\/wp\/v2\/product"}],"about":[{"href":"https:\/\/lediamant.ch\/de\/wp-json\/wp\/v2\/types\/product"}],"wp:featuredmedia":[{"embeddable":true,"href":"https:\/\/lediamant.ch\/de\/wp-json\/wp\/v2\/media\/213785"}],"wp:attachment":[{"href":"https:\/\/lediamant.ch\/de\/wp-json\/wp\/v2\/media?parent=135761"}],"wp:term":[{"taxonomy":"brand","embeddable":true,"href":"https:\/\/lediamant.ch\/de\/wp-json\/wp\/v2\/brand?post=135761"},{"taxonomy":"product_brand","embeddable":true,"href":"https:\/\/lediamant.ch\/de\/wp-json\/wp\/v2\/product_brand?post=135761"},{"taxonomy":"product_cat","embeddable":true,"href":"https:\/\/lediamant.ch\/de\/wp-json\/wp\/v2\/product_cat?post=135761"},{"taxonomy":"product_tag","embeddable":true,"href":"https:\/\/lediamant.ch\/de\/wp-json\/wp\/v2\/product_tag?post=135761"}],"curies":[{"name":"wp","href":"https:\/\/api.w.org\/{rel}","templated":true}]}}