{"id":135765,"date":"2020-03-17T07:52:50","date_gmt":"2020-03-17T06:52:50","guid":{"rendered":"https:\/\/lediamant.ch\/produit\/schmuck-de\/anhanger-de\/kreuz-de\/375-gold-kreuz-anhanger-6\/"},"modified":"2026-03-07T15:05:38","modified_gmt":"2026-03-07T14:05:38","slug":"pendentif-croix-or-375-6","status":"publish","type":"product","link":"https:\/\/lediamant.ch\/de\/schmuck\/135765-375-gold-kreuz-anhanger-6\/","title":{"rendered":"Kreuzanh\u00e4nger aus Gelbgold 375\/9 ct."},"content":{"rendered":"<p>Dieser elegante Anh\u00e4nger in Form eines Kreuzes ist aus 375\/9 ct Gelbgold gefertigt und misst 21 x 14 x 3 mm. Das klassische und zeitlose Design macht dieses Schmuckst\u00fcck zu einem Symbol des Glaubens und der Eleganz. Dieser Anh\u00e4nger ist leicht zu tragen und kann mit jedem Outfit kombiniert werden, was ihm einen Hauch von Eleganz und Raffinesse verleiht. Ob als Geschenk oder f\u00fcr sich selbst, dieser Anh\u00e4nger aus Gelbgold ist die perfekte Wahl, um Ihren Glauben mit Stil auszudr\u00fccken.   <\/p>\n","protected":false},"excerpt":{"rendered":"<p>Dieser elegante Anh\u00e4nger in Form eines Kreuzes ist aus 375\/9 ct Gelbgold gefertigt und misst 21 x 14 x 3 mm. Das klassische und zeitlose Design macht dieses Schmuckst\u00fcck zu einem Symbol des Glaubens und der Eleganz. Dieser Anh\u00e4nger ist leicht zu tragen und kann mit jedem Outfit kombiniert werden, was ihm einen Hauch von &#8230; <a title=\"Kreuzanh\u00e4nger aus Gelbgold 375\/9 ct.\" class=\"read-more\" href=\"https:\/\/lediamant.ch\/de\/schmuck\/135765-375-gold-kreuz-anhanger-6\/\" aria-label=\"Mehr Informationen \u00fcber Kreuzanh\u00e4nger aus Gelbgold 375\/9 ct.\">Weiterlesen &#8230;<\/a><\/p>\n","protected":false},"featured_media":213787,"template":"","meta":{"_acf_changed":false,"_seopress_robots_primary_cat":"27362","_seopress_titles_title":"","_seopress_titles_desc":"Entdecken Sie unseren eleganten Kreuzanh\u00e4nger aus 375\/9 Karat Gelbgold. Ein raffiniertes Schmuckst\u00fcck f\u00fcr ein besonderes Geschenk oder f\u00fcr Sie selbst.  Besuchen Sie uns jetzt!","_seopress_robots_index":""},"brand":[27089],"product_brand":[],"product_cat":[27363,27121],"product_tag":[],"class_list":{"0":"post-135765","1":"product","2":"type-product","3":"status-publish","4":"has-post-thumbnail","6":"brand-gold-jewellery-de","7":"product_cat-kreuz","8":"product_cat-schmuck","9":"pa_dimensions-grose-21-x-14-x-3-mm","10":"pa_garantie-12monate","11":"pa_genre-frau","12":"pa_genre-kind","13":"pa_genre-mann","14":"pa_matiere-3759ktgelbgold","15":"pa_motif-religion-de","16":"sales-flash-overlay","17":"woocommerce-text-align-center","18":"woocommerce-image-align-center","19":"do-quantity-buttons","21":"first","22":"instock","23":"taxable","24":"shipping-taxable","25":"purchasable","26":"product-type-simple"},"acf":[],"_links":{"self":[{"href":"https:\/\/lediamant.ch\/de\/wp-json\/wp\/v2\/product\/135765","targetHints":{"allow":["GET"]}}],"collection":[{"href":"https:\/\/lediamant.ch\/de\/wp-json\/wp\/v2\/product"}],"about":[{"href":"https:\/\/lediamant.ch\/de\/wp-json\/wp\/v2\/types\/product"}],"wp:featuredmedia":[{"embeddable":true,"href":"https:\/\/lediamant.ch\/de\/wp-json\/wp\/v2\/media\/213787"}],"wp:attachment":[{"href":"https:\/\/lediamant.ch\/de\/wp-json\/wp\/v2\/media?parent=135765"}],"wp:term":[{"taxonomy":"brand","embeddable":true,"href":"https:\/\/lediamant.ch\/de\/wp-json\/wp\/v2\/brand?post=135765"},{"taxonomy":"product_brand","embeddable":true,"href":"https:\/\/lediamant.ch\/de\/wp-json\/wp\/v2\/product_brand?post=135765"},{"taxonomy":"product_cat","embeddable":true,"href":"https:\/\/lediamant.ch\/de\/wp-json\/wp\/v2\/product_cat?post=135765"},{"taxonomy":"product_tag","embeddable":true,"href":"https:\/\/lediamant.ch\/de\/wp-json\/wp\/v2\/product_tag?post=135765"}],"curies":[{"name":"wp","href":"https:\/\/api.w.org\/{rel}","templated":true}]}}