{"id":135865,"date":"2020-03-17T07:53:40","date_gmt":"2020-03-17T06:53:40","guid":{"rendered":"https:\/\/lediamant.ch\/produit\/schmuck-de\/anhanger-de\/sport-anhaenger-de\/750-gold-golf-player-anhanger\/"},"modified":"2026-02-17T11:16:06","modified_gmt":"2026-02-17T10:16:06","slug":"anhaenger-spieler-von-golf-gold-750","status":"publish","type":"product","link":"https:\/\/lediamant.ch\/de\/schmuck\/135865-anhaenger-gelbgold-750-18-kt-golfspieler1156076360001\/","title":{"rendered":"Anh\u00e4nger aus Gelbgold 750\/18 ct. Golfspieler"},"content":{"rendered":"<p>Entdecken Sie unseren Anh\u00e4nger aus 750\/18 ct Gelbgold, der einen Golfspieler beim Golfschwung darstellt. Dieses feine und detaillierte St\u00fcck ist perfekt f\u00fcr Golfliebhaber oder diejenigen, die einfach nur einzigartiges Design und hochwertige Handwerkskunst zu sch\u00e4tzen wissen. Dieser Anh\u00e4nger ist aus massivem Gelbgold gefertigt und ist sowohl langlebig als auch elegant. Er kann allein getragen werden oder mit anderen Schmuckst\u00fccken f\u00fcr einen anspruchsvollen Look kombiniert werden. Ein ideales Geschenk f\u00fcr Golfliebhaber oder eine sch\u00f6ne M\u00f6glichkeit, sich selbst mit einem au\u00dfergew\u00f6hnlichen Schmuckst\u00fcck zu verw\u00f6hnen.    <\/p>\n","protected":false},"excerpt":{"rendered":"<p>Entdecken Sie unseren Anh\u00e4nger aus 750\/18 ct Gelbgold, der einen Golfspieler beim Golfschwung darstellt. Dieses feine und detaillierte St\u00fcck ist perfekt f\u00fcr Golfliebhaber oder diejenigen, die einfach nur einzigartiges Design und hochwertige Handwerkskunst zu sch\u00e4tzen wissen. Dieser Anh\u00e4nger ist aus massivem Gelbgold gefertigt und ist sowohl langlebig als auch elegant. Er kann allein getragen werden &#8230; <a title=\"Anh\u00e4nger aus Gelbgold 750\/18 ct. Golfspieler\" class=\"read-more\" href=\"https:\/\/lediamant.ch\/de\/schmuck\/135865-anhaenger-gelbgold-750-18-kt-golfspieler1156076360001\/\" aria-label=\"Mehr Informationen \u00fcber Anh\u00e4nger aus Gelbgold 750\/18 ct. Golfspieler\">Weiterlesen &#8230;<\/a><\/p>\n","protected":false},"featured_media":135863,"template":"","meta":{"_acf_changed":false,"_seopress_robots_primary_cat":"27352","_seopress_titles_title":"","_seopress_titles_desc":"Entdecken Sie unseren exklusiven 750\/18 kt Gelbgold Anh\u00e4nger, ideal f\u00fcr Golfliebhaber und Fans einzigartigen Designs und feinster Handwerkskunst.","_seopress_robots_index":""},"brand":[27089],"product_brand":[],"product_cat":[27121,27155,27353],"product_tag":[],"class_list":{"0":"post-135865","1":"product","2":"type-product","3":"status-publish","4":"has-post-thumbnail","6":"brand-gold-jewellery-de","7":"product_cat-schmuck","8":"product_cat-anhanger","9":"product_cat-sport-anhanger","10":"pa_dimensions-13-x-28mm","11":"pa_garantie-12monate","12":"pa_genre-frau","13":"pa_genre-mann","14":"pa_matiere-75018ktgelbgold","15":"pa_motif-sport-de","16":"sales-flash-overlay","17":"woocommerce-text-align-center","18":"woocommerce-image-align-center","19":"do-quantity-buttons","21":"first","22":"instock","23":"taxable","24":"shipping-taxable","25":"purchasable","26":"product-type-simple"},"acf":[],"_links":{"self":[{"href":"https:\/\/lediamant.ch\/de\/wp-json\/wp\/v2\/product\/135865","targetHints":{"allow":["GET"]}}],"collection":[{"href":"https:\/\/lediamant.ch\/de\/wp-json\/wp\/v2\/product"}],"about":[{"href":"https:\/\/lediamant.ch\/de\/wp-json\/wp\/v2\/types\/product"}],"wp:featuredmedia":[{"embeddable":true,"href":"https:\/\/lediamant.ch\/de\/wp-json\/wp\/v2\/media\/135863"}],"wp:attachment":[{"href":"https:\/\/lediamant.ch\/de\/wp-json\/wp\/v2\/media?parent=135865"}],"wp:term":[{"taxonomy":"brand","embeddable":true,"href":"https:\/\/lediamant.ch\/de\/wp-json\/wp\/v2\/brand?post=135865"},{"taxonomy":"product_brand","embeddable":true,"href":"https:\/\/lediamant.ch\/de\/wp-json\/wp\/v2\/product_brand?post=135865"},{"taxonomy":"product_cat","embeddable":true,"href":"https:\/\/lediamant.ch\/de\/wp-json\/wp\/v2\/product_cat?post=135865"},{"taxonomy":"product_tag","embeddable":true,"href":"https:\/\/lediamant.ch\/de\/wp-json\/wp\/v2\/product_tag?post=135865"}],"curies":[{"name":"wp","href":"https:\/\/api.w.org\/{rel}","templated":true}]}}