{"id":135935,"date":"2020-03-17T07:54:17","date_gmt":"2020-03-17T06:54:17","guid":{"rendered":"https:\/\/lediamant.ch\/produit\/schmuck-de\/anhanger-de\/sternzeichen-anhaenger-de\/750-gold-wassermann-anhanger\/"},"modified":"2026-03-07T12:24:41","modified_gmt":"2026-03-07T11:24:41","slug":"anhaenger-wassermann-gold-750","status":"publish","type":"product","link":"https:\/\/lediamant.ch\/de\/schmuck\/135935-anhaenger-gelbgold-750-18-kt-sternzeichen-wassermann-1154060420200\/","title":{"rendered":"Anh\u00e4nger aus Gelbgold 750\/18 ct. Sternzeichen Wassermann"},"content":{"rendered":"<p>Dieser Anh\u00e4nger aus 750er Gelbgold (18 Karat) wurde sorgf\u00e4ltig entworfen, um das Tierkreiszeichen des Wassermanns darzustellen. Er ist schlicht und elegant, was ihn zum perfekten Geschenk f\u00fcr jemanden macht, der in diesem Zeichen geboren wurde. Dank seines schlichten Designs kann er zu jedem Outfit getragen werden und verleiht Ihrem Stil eine pers\u00f6nliche und originelle Note. Es ist mehr als nur ein Schmuckst\u00fcck, es ist eine M\u00f6glichkeit, Ihre Pers\u00f6nlichkeit an Ihrem Hals zu tragen.   <\/p>\n","protected":false},"excerpt":{"rendered":"<p>Dieser Anh\u00e4nger aus 750er Gelbgold (18 Karat) wurde sorgf\u00e4ltig entworfen, um das Tierkreiszeichen des Wassermanns darzustellen. Er ist schlicht und elegant, was ihn zum perfekten Geschenk f\u00fcr jemanden macht, der in diesem Zeichen geboren wurde. Dank seines schlichten Designs kann er zu jedem Outfit getragen werden und verleiht Ihrem Stil eine pers\u00f6nliche und originelle Note. &#8230; <a title=\"Anh\u00e4nger aus Gelbgold 750\/18 ct. Sternzeichen Wassermann\" class=\"read-more\" href=\"https:\/\/lediamant.ch\/de\/schmuck\/135935-anhaenger-gelbgold-750-18-kt-sternzeichen-wassermann-1154060420200\/\" aria-label=\"Mehr Informationen \u00fcber Anh\u00e4nger aus Gelbgold 750\/18 ct. Sternzeichen Wassermann\">Weiterlesen &#8230;<\/a><\/p>\n","protected":false},"featured_media":135933,"template":"","meta":{"_acf_changed":false,"_seopress_robots_primary_cat":"27258","_seopress_titles_title":"%%post_title%%","_seopress_titles_desc":"Entdecken Sie den Wassermann-Anh\u00e4nger aus 18 Karat Gold, das ideale Geschenk, um Ihren Stil mit Eleganz und Originalit\u00e4t zu unterstreichen.","_seopress_robots_index":""},"brand":[27089],"product_brand":[],"product_cat":[27155,27121,27169,27259,27145,27135],"product_tag":[],"class_list":{"0":"post-135935","1":"product","2":"type-product","3":"status-publish","4":"has-post-thumbnail","6":"brand-gold-jewellery-de","7":"product_cat-anhanger","8":"product_cat-schmuck","9":"product_cat-sternzeichen","10":"product_cat-sternzeichen-anhanger","11":"product_cat-text-hinten","12":"product_cat-zum-gravieren","13":"pa_dimensions-13-x-13-mm","14":"pa_garantie-12monate","15":"pa_genre-frau","16":"pa_genre-kind","17":"pa_genre-mann","18":"pa_matiere-75018ktgelbgold","19":"pa_motif-sternzeichen","20":"sales-flash-overlay","21":"woocommerce-text-align-center","22":"woocommerce-image-align-center","23":"do-quantity-buttons","25":"first","26":"instock","27":"taxable","28":"shipping-taxable","29":"purchasable","30":"product-type-simple"},"acf":[],"_links":{"self":[{"href":"https:\/\/lediamant.ch\/de\/wp-json\/wp\/v2\/product\/135935","targetHints":{"allow":["GET"]}}],"collection":[{"href":"https:\/\/lediamant.ch\/de\/wp-json\/wp\/v2\/product"}],"about":[{"href":"https:\/\/lediamant.ch\/de\/wp-json\/wp\/v2\/types\/product"}],"wp:featuredmedia":[{"embeddable":true,"href":"https:\/\/lediamant.ch\/de\/wp-json\/wp\/v2\/media\/135933"}],"wp:attachment":[{"href":"https:\/\/lediamant.ch\/de\/wp-json\/wp\/v2\/media?parent=135935"}],"wp:term":[{"taxonomy":"brand","embeddable":true,"href":"https:\/\/lediamant.ch\/de\/wp-json\/wp\/v2\/brand?post=135935"},{"taxonomy":"product_brand","embeddable":true,"href":"https:\/\/lediamant.ch\/de\/wp-json\/wp\/v2\/product_brand?post=135935"},{"taxonomy":"product_cat","embeddable":true,"href":"https:\/\/lediamant.ch\/de\/wp-json\/wp\/v2\/product_cat?post=135935"},{"taxonomy":"product_tag","embeddable":true,"href":"https:\/\/lediamant.ch\/de\/wp-json\/wp\/v2\/product_tag?post=135935"}],"curies":[{"name":"wp","href":"https:\/\/api.w.org\/{rel}","templated":true}]}}