{"id":135939,"date":"2020-03-17T07:54:17","date_gmt":"2020-03-17T06:54:17","guid":{"rendered":"https:\/\/lediamant.ch\/produit\/schmuck-de\/anhanger-de\/sternzeichen-anhaenger-de\/750-gold-fisch-anhanger\/"},"modified":"2026-03-07T12:24:39","modified_gmt":"2026-03-07T11:24:39","slug":"anhaenger-fisch-gold-750","status":"publish","type":"product","link":"https:\/\/lediamant.ch\/de\/schmuck\/135939-anhaenger-gelbgold-750-18-kt-sternzeichen-fisch-1154060420300\/","title":{"rendered":"Anh\u00e4nger aus Gelbgold 750\/18 ct. Sternzeichen Fisch"},"content":{"rendered":"<p>Dieser elegante Anh\u00e4nger aus 18 Karat Gelbgold ist die perfekte Wahl f\u00fcr alle, die im Sternzeichen der Fische geboren sind. Der Anh\u00e4nger wurde mit Pr\u00e4zision und Liebe zum Detail gefertigt und zeigt das Symbol des Fisches, das f\u00fcr Personen steht, die zwischen dem 19. Februar und dem 20. M\u00e4rz geboren wurden. Mit seinem feinen Design und der gl\u00e4nzenden Oberfl\u00e4che ist dieses Schmuckst\u00fcck ein ideales Geschenk, um Ihre Zuneigung auszudr\u00fccken oder Ihre Individualit\u00e4t zu feiern. Tragen Sie es allein f\u00fcr einen minimalistischen Look oder kombinieren Sie es mit anderen Schmuckst\u00fccken f\u00fcr einen gewagteren Look.   <\/p>\n","protected":false},"excerpt":{"rendered":"<p>Dieser elegante Anh\u00e4nger aus 18 Karat Gelbgold ist die perfekte Wahl f\u00fcr alle, die im Sternzeichen der Fische geboren sind. Der Anh\u00e4nger wurde mit Pr\u00e4zision und Liebe zum Detail gefertigt und zeigt das Symbol des Fisches, das f\u00fcr Personen steht, die zwischen dem 19. Februar und dem 20. M\u00e4rz geboren wurden. Mit seinem feinen Design &#8230; <a title=\"Anh\u00e4nger aus Gelbgold 750\/18 ct. Sternzeichen Fisch\" class=\"read-more\" href=\"https:\/\/lediamant.ch\/de\/schmuck\/135939-anhaenger-gelbgold-750-18-kt-sternzeichen-fisch-1154060420300\/\" aria-label=\"Mehr Informationen \u00fcber Anh\u00e4nger aus Gelbgold 750\/18 ct. Sternzeichen Fisch\">Weiterlesen &#8230;<\/a><\/p>\n","protected":false},"featured_media":135937,"template":"","meta":{"_acf_changed":false,"_seopress_robots_primary_cat":"27258","_seopress_titles_title":"%%post_title%%","_seopress_titles_desc":"","_seopress_robots_index":""},"brand":[27089],"product_brand":[],"product_cat":[27155,27121,27169,27259,27145,27135],"product_tag":[],"class_list":{"0":"post-135939","1":"product","2":"type-product","3":"status-publish","4":"has-post-thumbnail","6":"brand-gold-jewellery-de","7":"product_cat-anhanger","8":"product_cat-schmuck","9":"product_cat-sternzeichen","10":"product_cat-sternzeichen-anhanger","11":"product_cat-text-hinten","12":"product_cat-zum-gravieren","13":"pa_dimensions-13-x-13-mm","14":"pa_garantie-12monate","15":"pa_genre-frau","16":"pa_genre-kind","17":"pa_genre-mann","18":"pa_matiere-75018ktgelbgold","19":"pa_motif-sternzeichen","20":"sales-flash-overlay","21":"woocommerce-text-align-center","22":"woocommerce-image-align-center","23":"do-quantity-buttons","25":"first","26":"instock","27":"taxable","28":"shipping-taxable","29":"purchasable","30":"product-type-simple"},"acf":[],"_links":{"self":[{"href":"https:\/\/lediamant.ch\/de\/wp-json\/wp\/v2\/product\/135939","targetHints":{"allow":["GET"]}}],"collection":[{"href":"https:\/\/lediamant.ch\/de\/wp-json\/wp\/v2\/product"}],"about":[{"href":"https:\/\/lediamant.ch\/de\/wp-json\/wp\/v2\/types\/product"}],"wp:featuredmedia":[{"embeddable":true,"href":"https:\/\/lediamant.ch\/de\/wp-json\/wp\/v2\/media\/135937"}],"wp:attachment":[{"href":"https:\/\/lediamant.ch\/de\/wp-json\/wp\/v2\/media?parent=135939"}],"wp:term":[{"taxonomy":"brand","embeddable":true,"href":"https:\/\/lediamant.ch\/de\/wp-json\/wp\/v2\/brand?post=135939"},{"taxonomy":"product_brand","embeddable":true,"href":"https:\/\/lediamant.ch\/de\/wp-json\/wp\/v2\/product_brand?post=135939"},{"taxonomy":"product_cat","embeddable":true,"href":"https:\/\/lediamant.ch\/de\/wp-json\/wp\/v2\/product_cat?post=135939"},{"taxonomy":"product_tag","embeddable":true,"href":"https:\/\/lediamant.ch\/de\/wp-json\/wp\/v2\/product_tag?post=135939"}],"curies":[{"name":"wp","href":"https:\/\/api.w.org\/{rel}","templated":true}]}}