{"id":135943,"date":"2020-03-17T07:54:17","date_gmt":"2020-03-17T06:54:17","guid":{"rendered":"https:\/\/lediamant.ch\/produit\/schmuck-de\/anhanger-de\/sternzeichen-anhaenger-de\/750-gold-widder-anhanger\/"},"modified":"2026-03-07T12:24:35","modified_gmt":"2026-03-07T11:24:35","slug":"belier-anhaenger-gold-750","status":"publish","type":"product","link":"https:\/\/lediamant.ch\/de\/schmuck\/135943-anhaenger-gelbgold-750-18-kt-sternzeichen-widder-1154060420400\/","title":{"rendered":"Anh\u00e4nger aus Gelbgold 750\/18 ct. Sternzeichen Widder"},"content":{"rendered":"<p>Dieser zarte Anh\u00e4nger ist aus 750\/18 ct Gelbgold gefertigt und stellt das Tierkreiszeichen Widder dar. Das Design ist einfach und elegant, mit einer stilisierten Darstellung des Widder-Symbols. Es ist ein ideales Schmuckst\u00fcck f\u00fcr diejenigen, die unter diesem Sternzeichen geboren wurden oder f\u00fcr diejenigen, die die Astrologie lieben. Sie kann einzeln f\u00fcr einen minimalistischen Look getragen werden oder mit anderen Halsketten f\u00fcr einen Hauch von Glamour \u00fcberlagert werden. Ein perfektes Geschenk f\u00fcr Sie selbst oder f\u00fcr einen geliebten Menschen.    <\/p>\n","protected":false},"excerpt":{"rendered":"<p>Dieser zarte Anh\u00e4nger ist aus 750\/18 ct Gelbgold gefertigt und stellt das Tierkreiszeichen Widder dar. Das Design ist einfach und elegant, mit einer stilisierten Darstellung des Widder-Symbols. Es ist ein ideales Schmuckst\u00fcck f\u00fcr diejenigen, die unter diesem Sternzeichen geboren wurden oder f\u00fcr diejenigen, die die Astrologie lieben. Sie kann einzeln f\u00fcr einen minimalistischen Look getragen &#8230; <a title=\"Anh\u00e4nger aus Gelbgold 750\/18 ct. Sternzeichen Widder\" class=\"read-more\" href=\"https:\/\/lediamant.ch\/de\/schmuck\/135943-anhaenger-gelbgold-750-18-kt-sternzeichen-widder-1154060420400\/\" aria-label=\"Mehr Informationen \u00fcber Anh\u00e4nger aus Gelbgold 750\/18 ct. Sternzeichen Widder\">Weiterlesen &#8230;<\/a><\/p>\n","protected":false},"featured_media":135941,"template":"","meta":{"_acf_changed":false,"_seopress_robots_primary_cat":"27258","_seopress_titles_title":"%%post_title%%","_seopress_titles_desc":"Entdecken Sie unseren Widder-Anh\u00e4nger aus Gelbgold, ein elegantes Schmuckst\u00fcck f\u00fcr Astrologie-Liebhaber. Ideal f\u00fcr einen minimalistischen oder glamour\u00f6sen Stil. ","_seopress_robots_index":""},"brand":[27089],"product_brand":[],"product_cat":[27155,27121,27169,27259,27145,27135],"product_tag":[],"class_list":{"0":"post-135943","1":"product","2":"type-product","3":"status-publish","4":"has-post-thumbnail","6":"brand-gold-jewellery-de","7":"product_cat-anhanger","8":"product_cat-schmuck","9":"product_cat-sternzeichen","10":"product_cat-sternzeichen-anhanger","11":"product_cat-text-hinten","12":"product_cat-zum-gravieren","13":"pa_dimensions-13-x-13-mm","14":"pa_garantie-12monate","15":"pa_genre-frau","16":"pa_genre-kind","17":"pa_genre-mann","18":"pa_matiere-75018ktgelbgold","19":"pa_motif-sternzeichen","20":"sales-flash-overlay","21":"woocommerce-text-align-center","22":"woocommerce-image-align-center","23":"do-quantity-buttons","25":"first","26":"instock","27":"taxable","28":"shipping-taxable","29":"purchasable","30":"product-type-simple"},"acf":[],"_links":{"self":[{"href":"https:\/\/lediamant.ch\/de\/wp-json\/wp\/v2\/product\/135943","targetHints":{"allow":["GET"]}}],"collection":[{"href":"https:\/\/lediamant.ch\/de\/wp-json\/wp\/v2\/product"}],"about":[{"href":"https:\/\/lediamant.ch\/de\/wp-json\/wp\/v2\/types\/product"}],"wp:featuredmedia":[{"embeddable":true,"href":"https:\/\/lediamant.ch\/de\/wp-json\/wp\/v2\/media\/135941"}],"wp:attachment":[{"href":"https:\/\/lediamant.ch\/de\/wp-json\/wp\/v2\/media?parent=135943"}],"wp:term":[{"taxonomy":"brand","embeddable":true,"href":"https:\/\/lediamant.ch\/de\/wp-json\/wp\/v2\/brand?post=135943"},{"taxonomy":"product_brand","embeddable":true,"href":"https:\/\/lediamant.ch\/de\/wp-json\/wp\/v2\/product_brand?post=135943"},{"taxonomy":"product_cat","embeddable":true,"href":"https:\/\/lediamant.ch\/de\/wp-json\/wp\/v2\/product_cat?post=135943"},{"taxonomy":"product_tag","embeddable":true,"href":"https:\/\/lediamant.ch\/de\/wp-json\/wp\/v2\/product_tag?post=135943"}],"curies":[{"name":"wp","href":"https:\/\/api.w.org\/{rel}","templated":true}]}}