{"id":135955,"date":"2020-03-17T07:54:28","date_gmt":"2020-03-17T06:54:28","guid":{"rendered":"https:\/\/lediamant.ch\/produit\/schmuck-de\/anhanger-de\/sternzeichen-anhaenger-de\/750-gold-krebs-anhanger\/"},"modified":"2026-03-07T12:24:35","modified_gmt":"2026-03-07T11:24:35","slug":"anhaenger-krebs-gold-750","status":"publish","type":"product","link":"https:\/\/lediamant.ch\/de\/schmuck\/135955-anhaenger-gelbgold-750-18-kt-sternzeichen-krebs-1154060420700\/","title":{"rendered":"Anh\u00e4nger aus Gelbgold 750\/18 ct. Sternzeichen Krebs"},"content":{"rendered":"<p>Dieser elegante Anh\u00e4nger stellt das Sternzeichen Krebs dar und ist perfekt f\u00fcr alle, die zwischen dem 21. Juni und dem 22. Juli geboren wurden. Hergestellt aus 750\/18 ct Gelbgold, ist dieses zarte und gl\u00e4nzende Schmuckst\u00fcck ein ideales Geburtstagsgeschenk oder eine bedeutende Erg\u00e4nzung Ihrer eigenen Schmuckkollektion. Das detaillierte Design der Krabbe, dem Symbol des Krebses, ist sowohl einzigartig als auch attraktiv und macht diesen Anh\u00e4nger zu einem ganz besonderen St\u00fcck.  <\/p>\n","protected":false},"excerpt":{"rendered":"<p>Dieser elegante Anh\u00e4nger stellt das Sternzeichen Krebs dar und ist perfekt f\u00fcr alle, die zwischen dem 21. Juni und dem 22. Juli geboren wurden. Hergestellt aus 750\/18 ct Gelbgold, ist dieses zarte und gl\u00e4nzende Schmuckst\u00fcck ein ideales Geburtstagsgeschenk oder eine bedeutende Erg\u00e4nzung Ihrer eigenen Schmuckkollektion. Das detaillierte Design der Krabbe, dem Symbol des Krebses, ist &#8230; <a title=\"Anh\u00e4nger aus Gelbgold 750\/18 ct. Sternzeichen Krebs\" class=\"read-more\" href=\"https:\/\/lediamant.ch\/de\/schmuck\/135955-anhaenger-gelbgold-750-18-kt-sternzeichen-krebs-1154060420700\/\" aria-label=\"Mehr Informationen \u00fcber Anh\u00e4nger aus Gelbgold 750\/18 ct. Sternzeichen Krebs\">Weiterlesen &#8230;<\/a><\/p>\n","protected":false},"featured_media":135953,"template":"","meta":{"_acf_changed":false,"_seopress_robots_primary_cat":"27258","_seopress_titles_title":"%%post_title%%","_seopress_titles_desc":"Entdecken Sie unseren Krebsanh\u00e4nger aus 18 Karat Gold, das ideale Geschenk f\u00fcr alle, die zwischen 21. Juni und 22. Juli geboren wurden. Einzigartiges und elegantes Design. ","_seopress_robots_index":""},"brand":[27089],"product_brand":[],"product_cat":[27155,27121,27169,27259,27145,27135],"product_tag":[],"class_list":{"0":"post-135955","1":"product","2":"type-product","3":"status-publish","4":"has-post-thumbnail","6":"brand-gold-jewellery-de","7":"product_cat-anhanger","8":"product_cat-schmuck","9":"product_cat-sternzeichen","10":"product_cat-sternzeichen-anhanger","11":"product_cat-text-hinten","12":"product_cat-zum-gravieren","13":"pa_dimensions-13-x-13-mm","14":"pa_garantie-12monate","15":"pa_genre-frau","16":"pa_genre-kind","17":"pa_genre-mann","18":"pa_matiere-75018ktgelbgold","19":"pa_motif-sternzeichen","20":"sales-flash-overlay","21":"woocommerce-text-align-center","22":"woocommerce-image-align-center","23":"do-quantity-buttons","25":"first","26":"instock","27":"taxable","28":"shipping-taxable","29":"purchasable","30":"product-type-simple"},"acf":[],"_links":{"self":[{"href":"https:\/\/lediamant.ch\/de\/wp-json\/wp\/v2\/product\/135955","targetHints":{"allow":["GET"]}}],"collection":[{"href":"https:\/\/lediamant.ch\/de\/wp-json\/wp\/v2\/product"}],"about":[{"href":"https:\/\/lediamant.ch\/de\/wp-json\/wp\/v2\/types\/product"}],"wp:featuredmedia":[{"embeddable":true,"href":"https:\/\/lediamant.ch\/de\/wp-json\/wp\/v2\/media\/135953"}],"wp:attachment":[{"href":"https:\/\/lediamant.ch\/de\/wp-json\/wp\/v2\/media?parent=135955"}],"wp:term":[{"taxonomy":"brand","embeddable":true,"href":"https:\/\/lediamant.ch\/de\/wp-json\/wp\/v2\/brand?post=135955"},{"taxonomy":"product_brand","embeddable":true,"href":"https:\/\/lediamant.ch\/de\/wp-json\/wp\/v2\/product_brand?post=135955"},{"taxonomy":"product_cat","embeddable":true,"href":"https:\/\/lediamant.ch\/de\/wp-json\/wp\/v2\/product_cat?post=135955"},{"taxonomy":"product_tag","embeddable":true,"href":"https:\/\/lediamant.ch\/de\/wp-json\/wp\/v2\/product_tag?post=135955"}],"curies":[{"name":"wp","href":"https:\/\/api.w.org\/{rel}","templated":true}]}}