{"id":135975,"date":"2020-03-17T07:54:40","date_gmt":"2020-03-17T06:54:40","guid":{"rendered":"https:\/\/lediamant.ch\/produit\/schmuck-de\/anhanger-de\/sternzeichen-anhaenger-de\/750-gold-schutze-anhanger\/"},"modified":"2026-03-07T12:25:30","modified_gmt":"2026-03-07T11:25:30","slug":"anhaenger-sagittarius-gold-750","status":"publish","type":"product","link":"https:\/\/lediamant.ch\/de\/schmuck\/135975-anhaenger-gelbgold-750-18-kt-sternzeichen-schuetze-1154060421200\/","title":{"rendered":"Anh\u00e4nger aus Gelbgold 750\/18 ct. Sternzeichen Sch\u00fctze"},"content":{"rendered":"<p>Entdecken Sie unseren Sch\u00fctze-Anh\u00e4nger, ein einzigartiges Schmuckst\u00fcck f\u00fcr alle, die zwischen dem 22. November und dem 21. Dezember geboren wurden. Hergestellt aus 750\/18 ct Gelbgold ist dieser Anh\u00e4nger eine elegante und raffinierte Wahl, die jedem Outfit einen Hauch von Pers\u00f6nlichkeit verleiht. Das Sternzeichen Sch\u00fctze ist auf dem Anh\u00e4nger fein eingraviert und verleiht diesem Schmuckst\u00fcck eine symbolische Bedeutung und Sch\u00f6nheit. Dies ist das perfekte Geschenk f\u00fcr einen Geburtstag oder einfach nur, um jemandem zu zeigen, wie sehr Sie ihn sch\u00e4tzen.   <\/p>\n","protected":false},"excerpt":{"rendered":"<p>Entdecken Sie unseren Sch\u00fctze-Anh\u00e4nger, ein einzigartiges Schmuckst\u00fcck f\u00fcr alle, die zwischen dem 22. November und dem 21. Dezember geboren wurden. Hergestellt aus 750\/18 ct Gelbgold ist dieser Anh\u00e4nger eine elegante und raffinierte Wahl, die jedem Outfit einen Hauch von Pers\u00f6nlichkeit verleiht. Das Sternzeichen Sch\u00fctze ist auf dem Anh\u00e4nger fein eingraviert und verleiht diesem Schmuckst\u00fcck eine &#8230; <a title=\"Anh\u00e4nger aus Gelbgold 750\/18 ct. Sternzeichen Sch\u00fctze\" class=\"read-more\" href=\"https:\/\/lediamant.ch\/de\/schmuck\/135975-anhaenger-gelbgold-750-18-kt-sternzeichen-schuetze-1154060421200\/\" aria-label=\"Mehr Informationen \u00fcber Anh\u00e4nger aus Gelbgold 750\/18 ct. Sternzeichen Sch\u00fctze\">Weiterlesen &#8230;<\/a><\/p>\n","protected":false},"featured_media":135973,"template":"","meta":{"_acf_changed":false,"_seopress_robots_primary_cat":"27258","_seopress_titles_title":"%%post_title%%","_seopress_titles_desc":"Entdecken Sie unseren Sch\u00fctze-Anh\u00e4nger aus 18 Karat Gelbgold, das ideale Geschenk f\u00fcr alle, die vom 22. Nov. bis 21. Dez. geboren sind. Ein raffiniertes und symbolisches Schmuckst\u00fcck.  ","_seopress_robots_index":""},"brand":[27089],"product_brand":[],"product_cat":[27155,27121,27169,27259,27145,27135],"product_tag":[],"class_list":{"0":"post-135975","1":"product","2":"type-product","3":"status-publish","4":"has-post-thumbnail","6":"brand-gold-jewellery-de","7":"product_cat-anhanger","8":"product_cat-schmuck","9":"product_cat-sternzeichen","10":"product_cat-sternzeichen-anhanger","11":"product_cat-text-hinten","12":"product_cat-zum-gravieren","13":"pa_dimensions-13-x-13-mm","14":"pa_garantie-12monate","15":"pa_genre-frau","16":"pa_genre-kind","17":"pa_genre-mann","18":"pa_matiere-75018ktgelbgold","19":"pa_motif-sternzeichen","20":"sales-flash-overlay","21":"woocommerce-text-align-center","22":"woocommerce-image-align-center","23":"do-quantity-buttons","25":"first","26":"instock","27":"taxable","28":"shipping-taxable","29":"purchasable","30":"product-type-simple"},"acf":[],"_links":{"self":[{"href":"https:\/\/lediamant.ch\/de\/wp-json\/wp\/v2\/product\/135975","targetHints":{"allow":["GET"]}}],"collection":[{"href":"https:\/\/lediamant.ch\/de\/wp-json\/wp\/v2\/product"}],"about":[{"href":"https:\/\/lediamant.ch\/de\/wp-json\/wp\/v2\/types\/product"}],"wp:featuredmedia":[{"embeddable":true,"href":"https:\/\/lediamant.ch\/de\/wp-json\/wp\/v2\/media\/135973"}],"wp:attachment":[{"href":"https:\/\/lediamant.ch\/de\/wp-json\/wp\/v2\/media?parent=135975"}],"wp:term":[{"taxonomy":"brand","embeddable":true,"href":"https:\/\/lediamant.ch\/de\/wp-json\/wp\/v2\/brand?post=135975"},{"taxonomy":"product_brand","embeddable":true,"href":"https:\/\/lediamant.ch\/de\/wp-json\/wp\/v2\/product_brand?post=135975"},{"taxonomy":"product_cat","embeddable":true,"href":"https:\/\/lediamant.ch\/de\/wp-json\/wp\/v2\/product_cat?post=135975"},{"taxonomy":"product_tag","embeddable":true,"href":"https:\/\/lediamant.ch\/de\/wp-json\/wp\/v2\/product_tag?post=135975"}],"curies":[{"name":"wp","href":"https:\/\/api.w.org\/{rel}","templated":true}]}}