{"id":135979,"date":"2020-03-17T07:54:40","date_gmt":"2020-03-17T06:54:40","guid":{"rendered":"https:\/\/lediamant.ch\/produit\/schmuck-de\/anhanger-de\/sternzeichen-anhaenger-de\/750-gold-steinbock-anhanger-2\/"},"modified":"2026-03-07T12:25:27","modified_gmt":"2026-03-07T11:25:27","slug":"anhaenger-capricorn-gold-750-2","status":"publish","type":"product","link":"https:\/\/lediamant.ch\/de\/schmuck\/135979-anhaenger-weissgold-75018-kt-sternzeichen-steinbock-1254060420100\/","title":{"rendered":"Anh\u00e4nger aus Wei\u00dfgold 750\/18 ct. Sternzeichen Steinbock"},"content":{"rendered":"<p>Dieser raffinierte Anh\u00e4nger, der das Tierkreiszeichen Steinbock darstellt, ist ein wahres Symbol f\u00fcr Eleganz und Mystik. Er ist wundersch\u00f6n aus 750\/18 ct Wei\u00dfgold geschmiedet, was eine makellose Qualit\u00e4t und eine lange Lebensdauer garantiert. Das zarte Design des Steinbocks ist fein graviert und verleiht Ihrem Outfit einen Hauch von diskreter Raffinesse. Dieser Anh\u00e4nger ist ein perfektes Geschenk zum Geburtstag oder zu einem anderen besonderen Anlass f\u00fcr Personen, die unter diesem Sternzeichen geboren wurden.   <\/p>\n","protected":false},"excerpt":{"rendered":"<p>Dieser raffinierte Anh\u00e4nger, der das Tierkreiszeichen Steinbock darstellt, ist ein wahres Symbol f\u00fcr Eleganz und Mystik. Er ist wundersch\u00f6n aus 750\/18 ct Wei\u00dfgold geschmiedet, was eine makellose Qualit\u00e4t und eine lange Lebensdauer garantiert. Das zarte Design des Steinbocks ist fein graviert und verleiht Ihrem Outfit einen Hauch von diskreter Raffinesse. Dieser Anh\u00e4nger ist ein perfektes &#8230; <a title=\"Anh\u00e4nger aus Wei\u00dfgold 750\/18 ct. Sternzeichen Steinbock\" class=\"read-more\" href=\"https:\/\/lediamant.ch\/de\/schmuck\/135979-anhaenger-weissgold-75018-kt-sternzeichen-steinbock-1254060420100\/\" aria-label=\"Mehr Informationen \u00fcber Anh\u00e4nger aus Wei\u00dfgold 750\/18 ct. Sternzeichen Steinbock\">Weiterlesen &#8230;<\/a><\/p>\n","protected":false},"featured_media":135977,"template":"","meta":{"_acf_changed":false,"_seopress_robots_primary_cat":"27258","_seopress_titles_title":"%%post_title%%","_seopress_titles_desc":"Entdecken Sie die Eleganz des Steinbock-Anh\u00e4ngers aus Wei\u00dfgold, der ein Symbol f\u00fcr Qualit\u00e4t und Mystik ist. Ideal f\u00fcr ein besonderes Geschenk.","_seopress_robots_index":""},"brand":[27089],"product_brand":[],"product_cat":[27155,27121,27169,27259,27145,27135],"product_tag":[],"class_list":{"0":"post-135979","1":"product","2":"type-product","3":"status-publish","4":"has-post-thumbnail","6":"brand-gold-jewellery-de","7":"product_cat-anhanger","8":"product_cat-schmuck","9":"product_cat-sternzeichen","10":"product_cat-sternzeichen-anhanger","11":"product_cat-text-hinten","12":"product_cat-zum-gravieren","13":"pa_dimensions-13-x-13-mm","14":"pa_garantie-12monate","15":"pa_genre-frau","16":"pa_genre-kind","17":"pa_genre-mann","18":"pa_matiere-75018ktweissgold","19":"pa_motif-sternzeichen","20":"sales-flash-overlay","21":"woocommerce-text-align-center","22":"woocommerce-image-align-center","23":"do-quantity-buttons","25":"first","26":"instock","27":"taxable","28":"shipping-taxable","29":"purchasable","30":"product-type-simple"},"acf":[],"_links":{"self":[{"href":"https:\/\/lediamant.ch\/de\/wp-json\/wp\/v2\/product\/135979","targetHints":{"allow":["GET"]}}],"collection":[{"href":"https:\/\/lediamant.ch\/de\/wp-json\/wp\/v2\/product"}],"about":[{"href":"https:\/\/lediamant.ch\/de\/wp-json\/wp\/v2\/types\/product"}],"wp:featuredmedia":[{"embeddable":true,"href":"https:\/\/lediamant.ch\/de\/wp-json\/wp\/v2\/media\/135977"}],"wp:attachment":[{"href":"https:\/\/lediamant.ch\/de\/wp-json\/wp\/v2\/media?parent=135979"}],"wp:term":[{"taxonomy":"brand","embeddable":true,"href":"https:\/\/lediamant.ch\/de\/wp-json\/wp\/v2\/brand?post=135979"},{"taxonomy":"product_brand","embeddable":true,"href":"https:\/\/lediamant.ch\/de\/wp-json\/wp\/v2\/product_brand?post=135979"},{"taxonomy":"product_cat","embeddable":true,"href":"https:\/\/lediamant.ch\/de\/wp-json\/wp\/v2\/product_cat?post=135979"},{"taxonomy":"product_tag","embeddable":true,"href":"https:\/\/lediamant.ch\/de\/wp-json\/wp\/v2\/product_tag?post=135979"}],"curies":[{"name":"wp","href":"https:\/\/api.w.org\/{rel}","templated":true}]}}