{"id":135983,"date":"2020-03-17T07:54:40","date_gmt":"2020-03-17T06:54:40","guid":{"rendered":"https:\/\/lediamant.ch\/produit\/schmuck-de\/anhanger-de\/sternzeichen-anhaenger-de\/750-gold-wassermann-anhanger-2\/"},"modified":"2026-03-07T12:24:47","modified_gmt":"2026-03-07T11:24:47","slug":"pendentif-verseau-or-750-2","status":"publish","type":"product","link":"https:\/\/lediamant.ch\/de\/schmuck\/135983-anhaenger-weissgold-750-18-kt-sternzeichen-wassermann-1254060420200\/","title":{"rendered":"Anh\u00e4nger aus Wei\u00dfgold 750\/18 ct. Sternzeichen Wassermann"},"content":{"rendered":"<p>Dieser elegante und raffinierte Anh\u00e4nger repr\u00e4sentiert das Tierkreiszeichen des Wassermanns. Hergestellt aus 750\/18 ct Wei\u00dfgold ist dieses hochwertige Schmuckst\u00fcck sowohl langlebig als auch hypoallergen. Das feine Design des Sternzeichens ist auf der Oberfl\u00e4che des Anh\u00e4ngers fein eingraviert und verleiht ihm eine pers\u00f6nliche Note. Dies ist das perfekte Geschenk f\u00fcr einen Geburtstag oder einen anderen besonderen Anlass f\u00fcr jemanden, der im Zeichen des Wassermanns geboren wurde.   <\/p>\n","protected":false},"excerpt":{"rendered":"<p>Dieser elegante und raffinierte Anh\u00e4nger repr\u00e4sentiert das Tierkreiszeichen des Wassermanns. Hergestellt aus 750\/18 ct Wei\u00dfgold ist dieses hochwertige Schmuckst\u00fcck sowohl langlebig als auch hypoallergen. Das feine Design des Sternzeichens ist auf der Oberfl\u00e4che des Anh\u00e4ngers fein eingraviert und verleiht ihm eine pers\u00f6nliche Note. Dies ist das perfekte Geschenk f\u00fcr einen Geburtstag oder einen anderen besonderen &#8230; <a title=\"Anh\u00e4nger aus Wei\u00dfgold 750\/18 ct. Sternzeichen Wassermann\" class=\"read-more\" href=\"https:\/\/lediamant.ch\/de\/schmuck\/135983-anhaenger-weissgold-750-18-kt-sternzeichen-wassermann-1254060420200\/\" aria-label=\"Mehr Informationen \u00fcber Anh\u00e4nger aus Wei\u00dfgold 750\/18 ct. Sternzeichen Wassermann\">Weiterlesen &#8230;<\/a><\/p>\n","protected":false},"featured_media":135981,"template":"","meta":{"_acf_changed":false,"_seopress_robots_primary_cat":"27258","_seopress_titles_title":"%%post_title%%","_seopress_titles_desc":"Entdecken Sie diesen eleganten und hypoallergenen Wassermann-Anh\u00e4nger aus 750\/18 Karat Wei\u00dfgold. Ideal f\u00fcr ein besonderes Geschenk!","_seopress_robots_index":""},"brand":[27089],"product_brand":[],"product_cat":[27155,27121,27169,27259,27145,27135],"product_tag":[],"class_list":{"0":"post-135983","1":"product","2":"type-product","3":"status-publish","4":"has-post-thumbnail","6":"brand-gold-jewellery-de","7":"product_cat-anhanger","8":"product_cat-schmuck","9":"product_cat-sternzeichen","10":"product_cat-sternzeichen-anhanger","11":"product_cat-text-hinten","12":"product_cat-zum-gravieren","13":"pa_dimensions-13-x-13-mm","14":"pa_garantie-12monate","15":"pa_genre-frau","16":"pa_genre-kind","17":"pa_genre-mann","18":"pa_matiere-75018ktweissgold","19":"pa_motif-sternzeichen","20":"sales-flash-overlay","21":"woocommerce-text-align-center","22":"woocommerce-image-align-center","23":"do-quantity-buttons","25":"first","26":"instock","27":"taxable","28":"shipping-taxable","29":"purchasable","30":"product-type-simple"},"acf":[],"_links":{"self":[{"href":"https:\/\/lediamant.ch\/de\/wp-json\/wp\/v2\/product\/135983","targetHints":{"allow":["GET"]}}],"collection":[{"href":"https:\/\/lediamant.ch\/de\/wp-json\/wp\/v2\/product"}],"about":[{"href":"https:\/\/lediamant.ch\/de\/wp-json\/wp\/v2\/types\/product"}],"wp:featuredmedia":[{"embeddable":true,"href":"https:\/\/lediamant.ch\/de\/wp-json\/wp\/v2\/media\/135981"}],"wp:attachment":[{"href":"https:\/\/lediamant.ch\/de\/wp-json\/wp\/v2\/media?parent=135983"}],"wp:term":[{"taxonomy":"brand","embeddable":true,"href":"https:\/\/lediamant.ch\/de\/wp-json\/wp\/v2\/brand?post=135983"},{"taxonomy":"product_brand","embeddable":true,"href":"https:\/\/lediamant.ch\/de\/wp-json\/wp\/v2\/product_brand?post=135983"},{"taxonomy":"product_cat","embeddable":true,"href":"https:\/\/lediamant.ch\/de\/wp-json\/wp\/v2\/product_cat?post=135983"},{"taxonomy":"product_tag","embeddable":true,"href":"https:\/\/lediamant.ch\/de\/wp-json\/wp\/v2\/product_tag?post=135983"}],"curies":[{"name":"wp","href":"https:\/\/api.w.org\/{rel}","templated":true}]}}